{"id":40316,"date":"2022-10-19T16:28:32","date_gmt":"2022-10-19T13:28:32","guid":{"rendered":"https:\/\/dexterlifts.com\/underhallstjanster\/"},"modified":"2022-10-19T16:28:33","modified_gmt":"2022-10-19T13:28:33","slug":"underhallstjanster","status":"publish","type":"page","link":"https:\/\/dexterlifts.com\/sv\/underhallstjanster\/","title":{"rendered":"Underh\u00e5llstj\u00e4nster"},"content":{"rendered":"<p>[et_pb_section fb_built=&#8221;1&#8243; fullwidth=&#8221;on&#8221; _builder_version=&#8221;4.16&#8243; global_colors_info=&#8221;{}&#8221;][et_pb_fullwidth_slider _builder_version=&#8221;4.18.0&#8243; background_color=&#8221;#FFFFFF&#8221; custom_margin=&#8221;||0px||false|false&#8221; global_colors_info=&#8221;{}&#8221;][et_pb_slide heading=&#8221;Underh\u00e5ll och periodiska inspektioner av personhissar&#8221; _builder_version=&#8221;4.18.0&#8243; body_font_size=&#8221;24px&#8221; background_color=&#8221;#FFFFFF&#8221; background_enable_color=&#8221;on&#8221; use_background_color_gradient=&#8221;on&#8221; background_enable_image=&#8221;off&#8221; global_colors_info=&#8221;{}&#8221; sticky_transition=&#8221;on&#8221;]<\/p>\n<p>Vi utf\u00f6r underh\u00e5ll och \u00e5terkommande besiktningar f\u00f6r personlyft.<\/p>\n<p>[\/et_pb_slide][\/et_pb_fullwidth_slider][\/et_pb_section][et_pb_section fb_built=&#8221;1&#8243; _builder_version=&#8221;4.16&#8243; custom_margin=&#8221;||||false|false&#8221; custom_padding=&#8221;||0px||false|false&#8221; global_colors_info=&#8221;{}&#8221;][et_pb_row _builder_version=&#8221;4.16&#8243; background_enable_color=&#8221;off&#8221; custom_margin=&#8221;||||true|false&#8221; custom_padding=&#8221;||||false|false&#8221; global_colors_info=&#8221;{}&#8221;][et_pb_column type=&#8221;4_4&#8243; _builder_version=&#8221;4.16&#8243; global_colors_info=&#8221;{}&#8221;][et_pb_text _builder_version=&#8221;4.18.0&#8243; background_color=&#8221;rgba(201,201,201,0.07)&#8221; custom_padding=&#8221;20px|20px|20px|20px|false|false&#8221; box_shadow_style=&#8221;preset4&#8243; box_shadow_horizontal=&#8221;2px&#8221; box_shadow_vertical=&#8221;2px&#8221; box_shadow_color=&#8221;rgba(0,0,0,0.12)&#8221; global_colors_info=&#8221;{}&#8221;]<\/p>\n<h3>underh\u00e5ll och renovering av hissar<\/h3>\n<ul>\n<li>Vi utf\u00f6r underh\u00e5ll och renoveringsarbeten f\u00f6r alla m\u00e4rken av lyftare<\/li>\n<li>Renoveringsarbeten kan innefatta byte av trasiga delar eller till och med en totalrenovering av hela hissen med omm\u00e5lning<\/li>\n<li>Vi utf\u00f6r arbetet antingen som timanst\u00e4llning eller enligt ett hissspecifikt erbjudande<\/li>\n<li>F\u00f6rfr\u00e5gningar om erbjudanden till sales@dexterlifts.com<\/li>\n<\/ul>\n<p>[\/et_pb_text][\/et_pb_column][\/et_pb_row][\/et_pb_section][et_pb_section fb_built=&#8221;1&#8243; _builder_version=&#8221;4.16&#8243; custom_margin=&#8221;0px||||false|false&#8221; global_colors_info=&#8221;{}&#8221;][et_pb_row _builder_version=&#8221;4.16&#8243; custom_margin=&#8221;0px||0px||false|false&#8221; global_colors_info=&#8221;{}&#8221;][et_pb_column type=&#8221;4_4&#8243; _builder_version=&#8221;4.16&#8243; global_colors_info=&#8221;{}&#8221;][et_pb_text _builder_version=&#8221;4.18.0&#8243; background_color=&#8221;rgba(201,201,201,0.07)&#8221; custom_padding=&#8221;20px|20px|20px|20px|false|false&#8221; hover_enabled=&#8221;0&#8243; box_shadow_style=&#8221;preset4&#8243; box_shadow_horizontal=&#8221;2px&#8221; box_shadow_vertical=&#8221;2px&#8221; box_shadow_color=&#8221;rgba(0,0,0,0.12)&#8221; global_colors_info=&#8221;{}&#8221; sticky_enabled=&#8221;0&#8243;]<\/p>\n<h3>\u00e5terkommande inspektioner<\/h3>\n<p>&nbsp;<\/p>\n<ul>\n<li>Vi utf\u00f6r periodiska besiktningar av alla hissm\u00e4rken med professionalism.<\/li>\n<li>F\u00f6rfr\u00e5gningar till sales@dexterlifts.com<\/li>\n<\/ul>\n<p>[\/et_pb_text][\/et_pb_column][\/et_pb_row][\/et_pb_section][et_pb_section fb_built=&#8221;1&#8243; _builder_version=&#8221;4.16&#8243; custom_margin=&#8221;0px||||false|false&#8221; global_colors_info=&#8221;{}&#8221;][et_pb_row _builder_version=&#8221;4.16&#8243; custom_margin=&#8221;0px||0px||false|false&#8221; global_colors_info=&#8221;{}&#8221;][et_pb_column type=&#8221;4_4&#8243; _builder_version=&#8221;4.16&#8243; global_colors_info=&#8221;{}&#8221;][et_pb_text _builder_version=&#8221;4.18.0&#8243; background_color=&#8221;rgba(201,201,201,0.07)&#8221; custom_padding=&#8221;20px|20px|20px|20px|false|false&#8221; hover_enabled=&#8221;0&#8243; box_shadow_style=&#8221;preset4&#8243; box_shadow_horizontal=&#8221;2px&#8221; box_shadow_vertical=&#8221;2px&#8221; box_shadow_color=&#8221;rgba(0,0,0,0.12)&#8221; global_colors_info=&#8221;{}&#8221; sticky_enabled=&#8221;0&#8243;]<\/p>\n<h3>grundliga periodiska inspektioner<\/h3>\n<p>&nbsp;<\/p>\n<ul>\n<li>Vi utf\u00f6r noggranna periodiska besiktningar av alla hissm\u00e4rken, det vill s\u00e4ga tio\u00e5rsbesiktningar med professionalism.<\/li>\n<li>F\u00f6rfr\u00e5gningar om erbjudanden till sales@dexterlifts.com<\/li>\n<\/ul>\n<p>[\/et_pb_text][\/et_pb_column][\/et_pb_row][\/et_pb_section]<\/p>\n","protected":false},"excerpt":{"rendered":"<p>Vi utf\u00f6r underh\u00e5ll och \u00e5terkommande besiktningar f\u00f6r personlyft.underh\u00e5ll och renovering av hissar Vi utf\u00f6r underh\u00e5ll och renoveringsarbeten f\u00f6r alla m\u00e4rken av lyftare Renoveringsarbeten kan innefatta byte av trasiga delar eller till och med en totalrenovering av hela hissen med omm\u00e5lning Vi utf\u00f6r arbetet antingen som timanst\u00e4llning eller enligt ett hissspecifikt erbjudande F\u00f6rfr\u00e5gningar om erbjudanden till [&hellip;]<\/p>\n","protected":false},"author":5,"featured_media":40317,"parent":0,"menu_order":0,"comment_status":"closed","ping_status":"closed","template":"","meta":{"_et_pb_use_builder":"on","_et_pb_old_content":"","_et_gb_content_width":"","footnotes":""},"class_list":["post-40316","page","type-page","status-publish","has-post-thumbnail","hentry"],"yoast_head":"<!-- This site is optimized with the Yoast SEO plugin v27.4 - https:\/\/yoast.com\/product\/yoast-seo-wordpress\/ -->\n<title>Underh\u00e5llstj\u00e4nster - Korkealaatuiset Dexter-henkil\u00f6nostimet<\/title>\n<meta name=\"robots\" content=\"index, follow, max-snippet:-1, max-image-preview:large, max-video-preview:-1\" \/>\n<link rel=\"canonical\" href=\"https:\/\/dexterlifts.com\/sv\/underhallstjanster\/\" \/>\n<meta property=\"og:locale\" content=\"sv_SE\" \/>\n<meta property=\"og:type\" content=\"article\" \/>\n<meta property=\"og:title\" content=\"Underh\u00e5llstj\u00e4nster - Korkealaatuiset Dexter-henkil\u00f6nostimet\" \/>\n<meta property=\"og:description\" content=\"Vi utf\u00f6r underh\u00e5ll och \u00e5terkommande besiktningar f\u00f6r personlyft.underh\u00e5ll och renovering av hissar Vi utf\u00f6r underh\u00e5ll och renoveringsarbeten f\u00f6r alla m\u00e4rken av lyftare Renoveringsarbeten kan innefatta byte av trasiga delar eller till och med en totalrenovering av hela hissen med omm\u00e5lning Vi utf\u00f6r arbetet antingen som timanst\u00e4llning eller enligt ett hissspecifikt erbjudande F\u00f6rfr\u00e5gningar om erbjudanden till [&hellip;]\" \/>\n<meta property=\"og:url\" content=\"https:\/\/dexterlifts.com\/sv\/underhallstjanster\/\" \/>\n<meta property=\"og:site_name\" content=\"Korkealaatuiset Dexter-henkil\u00f6nostimet\" \/>\n<meta property=\"article:modified_time\" content=\"2022-10-19T13:28:33+00:00\" \/>\n<meta property=\"og:image\" content=\"https:\/\/dexterlifts.com\/wp-content\/uploads\/2016\/09\/04_thumb.jpg\" \/>\n\t<meta property=\"og:image:width\" content=\"340\" \/>\n\t<meta property=\"og:image:height\" content=\"240\" \/>\n\t<meta property=\"og:image:type\" content=\"image\/jpeg\" \/>\n<meta name=\"twitter:card\" content=\"summary_large_image\" \/>\n<meta name=\"twitter:label1\" content=\"Ber\u00e4knad l\u00e4stid\" \/>\n\t<meta name=\"twitter:data1\" content=\"2 minuter\" \/>\n<script type=\"application\/ld+json\" class=\"yoast-schema-graph\">{\"@context\":\"https:\\\/\\\/schema.org\",\"@graph\":[{\"@type\":\"WebPage\",\"@id\":\"https:\\\/\\\/dexterlifts.com\\\/sv\\\/underhallstjanster\\\/\",\"url\":\"https:\\\/\\\/dexterlifts.com\\\/sv\\\/underhallstjanster\\\/\",\"name\":\"Underh\u00e5llstj\u00e4nster - Korkealaatuiset Dexter-henkil\u00f6nostimet\",\"isPartOf\":{\"@id\":\"https:\\\/\\\/dexterlifts.com\\\/#website\"},\"primaryImageOfPage\":{\"@id\":\"https:\\\/\\\/dexterlifts.com\\\/sv\\\/underhallstjanster\\\/#primaryimage\"},\"image\":{\"@id\":\"https:\\\/\\\/dexterlifts.com\\\/sv\\\/underhallstjanster\\\/#primaryimage\"},\"thumbnailUrl\":\"https:\\\/\\\/dexterlifts.com\\\/wp-content\\\/uploads\\\/2016\\\/09\\\/04_thumb.jpg\",\"datePublished\":\"2022-10-19T13:28:32+00:00\",\"dateModified\":\"2022-10-19T13:28:33+00:00\",\"breadcrumb\":{\"@id\":\"https:\\\/\\\/dexterlifts.com\\\/sv\\\/underhallstjanster\\\/#breadcrumb\"},\"inLanguage\":\"sv-SE\",\"potentialAction\":[{\"@type\":\"ReadAction\",\"target\":[\"https:\\\/\\\/dexterlifts.com\\\/sv\\\/underhallstjanster\\\/\"]}]},{\"@type\":\"ImageObject\",\"inLanguage\":\"sv-SE\",\"@id\":\"https:\\\/\\\/dexterlifts.com\\\/sv\\\/underhallstjanster\\\/#primaryimage\",\"url\":\"https:\\\/\\\/dexterlifts.com\\\/wp-content\\\/uploads\\\/2016\\\/09\\\/04_thumb.jpg\",\"contentUrl\":\"https:\\\/\\\/dexterlifts.com\\\/wp-content\\\/uploads\\\/2016\\\/09\\\/04_thumb.jpg\",\"width\":340,\"height\":240},{\"@type\":\"BreadcrumbList\",\"@id\":\"https:\\\/\\\/dexterlifts.com\\\/sv\\\/underhallstjanster\\\/#breadcrumb\",\"itemListElement\":[{\"@type\":\"ListItem\",\"position\":1,\"name\":\"Home\",\"item\":\"https:\\\/\\\/dexterlifts.com\\\/sv\\\/\"},{\"@type\":\"ListItem\",\"position\":2,\"name\":\"Underh\u00e5llstj\u00e4nster\"}]},{\"@type\":\"WebSite\",\"@id\":\"https:\\\/\\\/dexterlifts.com\\\/#website\",\"url\":\"https:\\\/\\\/dexterlifts.com\\\/\",\"name\":\"Dexter Lifts Oy - Dexter henkil\u00f6nostimet\",\"description\":\"Suomalaisia korkealaatuisia Dexter-henkil\u00f6nostimia monipuolisiin k\u00e4ytt\u00f6tarkoituksiin.\",\"publisher\":{\"@id\":\"https:\\\/\\\/dexterlifts.com\\\/#organization\"},\"potentialAction\":[{\"@type\":\"SearchAction\",\"target\":{\"@type\":\"EntryPoint\",\"urlTemplate\":\"https:\\\/\\\/dexterlifts.com\\\/?s={search_term_string}\"},\"query-input\":{\"@type\":\"PropertyValueSpecification\",\"valueRequired\":true,\"valueName\":\"search_term_string\"}}],\"inLanguage\":\"sv-SE\"},{\"@type\":\"Organization\",\"@id\":\"https:\\\/\\\/dexterlifts.com\\\/#organization\",\"name\":\"Dexter Lifts Oy\",\"url\":\"https:\\\/\\\/dexterlifts.com\\\/\",\"logo\":{\"@type\":\"ImageObject\",\"inLanguage\":\"sv-SE\",\"@id\":\"https:\\\/\\\/dexterlifts.com\\\/#\\\/schema\\\/logo\\\/image\\\/\",\"url\":\"https:\\\/\\\/dexterlifts.com\\\/wp-content\\\/uploads\\\/2020\\\/05\\\/dexterlifts-logo-4-scale.jpg\",\"contentUrl\":\"https:\\\/\\\/dexterlifts.com\\\/wp-content\\\/uploads\\\/2020\\\/05\\\/dexterlifts-logo-4-scale.jpg\",\"width\":1000,\"height\":670,\"caption\":\"Dexter Lifts Oy\"},\"image\":{\"@id\":\"https:\\\/\\\/dexterlifts.com\\\/#\\\/schema\\\/logo\\\/image\\\/\"}}]}<\/script>\n<!-- \/ Yoast SEO plugin. -->","yoast_head_json":{"title":"Underh\u00e5llstj\u00e4nster - Korkealaatuiset Dexter-henkil\u00f6nostimet","robots":{"index":"index","follow":"follow","max-snippet":"max-snippet:-1","max-image-preview":"max-image-preview:large","max-video-preview":"max-video-preview:-1"},"canonical":"https:\/\/dexterlifts.com\/sv\/underhallstjanster\/","og_locale":"sv_SE","og_type":"article","og_title":"Underh\u00e5llstj\u00e4nster - Korkealaatuiset Dexter-henkil\u00f6nostimet","og_description":"Vi utf\u00f6r underh\u00e5ll och \u00e5terkommande besiktningar f\u00f6r personlyft.underh\u00e5ll och renovering av hissar Vi utf\u00f6r underh\u00e5ll och renoveringsarbeten f\u00f6r alla m\u00e4rken av lyftare Renoveringsarbeten kan innefatta byte av trasiga delar eller till och med en totalrenovering av hela hissen med omm\u00e5lning Vi utf\u00f6r arbetet antingen som timanst\u00e4llning eller enligt ett hissspecifikt erbjudande F\u00f6rfr\u00e5gningar om erbjudanden till [&hellip;]","og_url":"https:\/\/dexterlifts.com\/sv\/underhallstjanster\/","og_site_name":"Korkealaatuiset Dexter-henkil\u00f6nostimet","article_modified_time":"2022-10-19T13:28:33+00:00","og_image":[{"width":340,"height":240,"url":"https:\/\/dexterlifts.com\/wp-content\/uploads\/2016\/09\/04_thumb.jpg","type":"image\/jpeg"}],"twitter_card":"summary_large_image","twitter_misc":{"Ber\u00e4knad l\u00e4stid":"2 minuter"},"schema":{"@context":"https:\/\/schema.org","@graph":[{"@type":"WebPage","@id":"https:\/\/dexterlifts.com\/sv\/underhallstjanster\/","url":"https:\/\/dexterlifts.com\/sv\/underhallstjanster\/","name":"Underh\u00e5llstj\u00e4nster - Korkealaatuiset Dexter-henkil\u00f6nostimet","isPartOf":{"@id":"https:\/\/dexterlifts.com\/#website"},"primaryImageOfPage":{"@id":"https:\/\/dexterlifts.com\/sv\/underhallstjanster\/#primaryimage"},"image":{"@id":"https:\/\/dexterlifts.com\/sv\/underhallstjanster\/#primaryimage"},"thumbnailUrl":"https:\/\/dexterlifts.com\/wp-content\/uploads\/2016\/09\/04_thumb.jpg","datePublished":"2022-10-19T13:28:32+00:00","dateModified":"2022-10-19T13:28:33+00:00","breadcrumb":{"@id":"https:\/\/dexterlifts.com\/sv\/underhallstjanster\/#breadcrumb"},"inLanguage":"sv-SE","potentialAction":[{"@type":"ReadAction","target":["https:\/\/dexterlifts.com\/sv\/underhallstjanster\/"]}]},{"@type":"ImageObject","inLanguage":"sv-SE","@id":"https:\/\/dexterlifts.com\/sv\/underhallstjanster\/#primaryimage","url":"https:\/\/dexterlifts.com\/wp-content\/uploads\/2016\/09\/04_thumb.jpg","contentUrl":"https:\/\/dexterlifts.com\/wp-content\/uploads\/2016\/09\/04_thumb.jpg","width":340,"height":240},{"@type":"BreadcrumbList","@id":"https:\/\/dexterlifts.com\/sv\/underhallstjanster\/#breadcrumb","itemListElement":[{"@type":"ListItem","position":1,"name":"Home","item":"https:\/\/dexterlifts.com\/sv\/"},{"@type":"ListItem","position":2,"name":"Underh\u00e5llstj\u00e4nster"}]},{"@type":"WebSite","@id":"https:\/\/dexterlifts.com\/#website","url":"https:\/\/dexterlifts.com\/","name":"Dexter Lifts Oy - Dexter henkil\u00f6nostimet","description":"Suomalaisia korkealaatuisia Dexter-henkil\u00f6nostimia monipuolisiin k\u00e4ytt\u00f6tarkoituksiin.","publisher":{"@id":"https:\/\/dexterlifts.com\/#organization"},"potentialAction":[{"@type":"SearchAction","target":{"@type":"EntryPoint","urlTemplate":"https:\/\/dexterlifts.com\/?s={search_term_string}"},"query-input":{"@type":"PropertyValueSpecification","valueRequired":true,"valueName":"search_term_string"}}],"inLanguage":"sv-SE"},{"@type":"Organization","@id":"https:\/\/dexterlifts.com\/#organization","name":"Dexter Lifts Oy","url":"https:\/\/dexterlifts.com\/","logo":{"@type":"ImageObject","inLanguage":"sv-SE","@id":"https:\/\/dexterlifts.com\/#\/schema\/logo\/image\/","url":"https:\/\/dexterlifts.com\/wp-content\/uploads\/2020\/05\/dexterlifts-logo-4-scale.jpg","contentUrl":"https:\/\/dexterlifts.com\/wp-content\/uploads\/2020\/05\/dexterlifts-logo-4-scale.jpg","width":1000,"height":670,"caption":"Dexter Lifts Oy"},"image":{"@id":"https:\/\/dexterlifts.com\/#\/schema\/logo\/image\/"}}]}},"_links":{"self":[{"href":"https:\/\/dexterlifts.com\/sv\/wp-json\/wp\/v2\/pages\/40316","targetHints":{"allow":["GET"]}}],"collection":[{"href":"https:\/\/dexterlifts.com\/sv\/wp-json\/wp\/v2\/pages"}],"about":[{"href":"https:\/\/dexterlifts.com\/sv\/wp-json\/wp\/v2\/types\/page"}],"author":[{"embeddable":true,"href":"https:\/\/dexterlifts.com\/sv\/wp-json\/wp\/v2\/users\/5"}],"replies":[{"embeddable":true,"href":"https:\/\/dexterlifts.com\/sv\/wp-json\/wp\/v2\/comments?post=40316"}],"version-history":[{"count":2,"href":"https:\/\/dexterlifts.com\/sv\/wp-json\/wp\/v2\/pages\/40316\/revisions"}],"predecessor-version":[{"id":40319,"href":"https:\/\/dexterlifts.com\/sv\/wp-json\/wp\/v2\/pages\/40316\/revisions\/40319"}],"wp:featuredmedia":[{"embeddable":true,"href":"https:\/\/dexterlifts.com\/sv\/wp-json\/wp\/v2\/media\/40317"}],"wp:attachment":[{"href":"https:\/\/dexterlifts.com\/sv\/wp-json\/wp\/v2\/media?parent=40316"}],"curies":[{"name":"wp","href":"https:\/\/api.w.org\/{rel}","templated":true}]}}