{"id":34776,"date":"2020-06-04T13:15:50","date_gmt":"2020-06-04T13:15:50","guid":{"rendered":"https:\/\/dexterlifts.com\/kaytto-ja-ohjekirjat\/"},"modified":"2022-11-25T11:34:16","modified_gmt":"2022-11-25T09:34:16","slug":"kayttoohjekirjat","status":"publish","type":"page","link":"https:\/\/dexterlifts.com\/sv\/kayttoohjekirjat\/","title":{"rendered":"Manualer"},"content":{"rendered":"<p>[et_pb_section fb_built=&#8221;1&#8243; fullwidth=&#8221;on&#8221; _builder_version=&#8221;4.16&#8243; global_colors_info=&#8221;{}&#8221;][et_pb_fullwidth_header title=&#8221;Manualer &#8221; _builder_version=&#8221;4.16&#8243; title_font_size=&#8221;39px&#8221; background_color=&#8221;#383e42&#8243; min_height=&#8221;86px&#8221; custom_margin=&#8221;0px||0px||false|false&#8221; custom_padding=&#8221;20px||20px||false|false&#8221; border_width_top=&#8221;1px&#8221; border_color_top=&#8221;#ffffff&#8221; global_colors_info=&#8221;{}&#8221;][\/et_pb_fullwidth_header][\/et_pb_section][et_pb_section fb_built=&#8221;1&#8243; _builder_version=&#8221;4.16&#8243; global_colors_info=&#8221;{}&#8221;][et_pb_row column_structure=&#8221;1_3,1_3,1_3&#8243; _builder_version=&#8221;4.16&#8243; global_colors_info=&#8221;{}&#8221;][et_pb_column type=&#8221;1_3&#8243; _builder_version=&#8221;4.16&#8243; global_colors_info=&#8221;{}&#8221;][et_pb_text admin_label=&#8221;Dexter 12A &#8211; Otsikko&#8221; _builder_version=&#8221;4.16&#8243; text_text_color=&#8221;#ffffff&#8221; text_font_size=&#8221;26px&#8221; background_color=&#8221;#66bd46&#8243; background_layout=&#8221;dark&#8221; custom_padding=&#8221;20px|20px|20px|20px|false|false&#8221; global_colors_info=&#8221;{}&#8221;]<\/p>\n<p>Dexter 12A<\/p>\n<p>[\/et_pb_text][et_pb_text admin_label=&#8221;Linkit&#8221; _builder_version=&#8221;4.16&#8243; global_colors_info=&#8221;{}&#8221;]<\/p>\n<p><a href=\"https:\/\/dexterlifts.com\/wp-content\/uploads\/2020\/06\/12A_manuaali.pdf\">Manual<\/a><\/p>\n<p><a href=\"https:\/\/dexterlifts.com\/wp-content\/uploads\/2020\/06\/12A_sahkokaavio.pdf\">Kopplingsschema<\/a><\/p>\n<p><a href=\"https:\/\/dexterlifts.com\/wp-content\/uploads\/2020\/06\/12A_ulottuma.pdf\">R\u00e4ckvidd<\/a><\/p>\n<p>&nbsp;<\/p>\n<p>[\/et_pb_text][\/et_pb_column][et_pb_column type=&#8221;1_3&#8243; _builder_version=&#8221;4.16&#8243; global_colors_info=&#8221;{}&#8221;][et_pb_text admin_label=&#8221;Dexter 15Z &#8211; Otsikko&#8221; _builder_version=&#8221;4.16&#8243; text_text_color=&#8221;#ffffff&#8221; text_font_size=&#8221;26px&#8221; background_color=&#8221;#66bd46&#8243; background_layout=&#8221;dark&#8221; custom_padding=&#8221;20px|20px|20px|20px|false|false&#8221; global_colors_info=&#8221;{}&#8221;]<\/p>\n<p>Dexter 15Z<\/p>\n<p>[\/et_pb_text][et_pb_text admin_label=&#8221;Linkit&#8221; _builder_version=&#8221;4.16&#8243; global_colors_info=&#8221;{}&#8221;]<\/p>\n<p><a href=\"https:\/\/dexterlifts.com\/wp-content\/uploads\/2020\/06\/15Z_manuaali.pdf\">Manual<\/a><\/p>\n<p><a href=\"https:\/\/dexterlifts.com\/wp-content\/uploads\/2020\/06\/15Z_ulottuma.pdf\">R\u00e4ckvidd<\/a><\/p>\n<p>&nbsp;<\/p>\n<p>[\/et_pb_text][\/et_pb_column][et_pb_column type=&#8221;1_3&#8243; _builder_version=&#8221;4.16&#8243; global_colors_info=&#8221;{}&#8221;][et_pb_text admin_label=&#8221;Dexter 15ZA &#8211; Otsikko&#8221; _builder_version=&#8221;4.16&#8243; text_text_color=&#8221;#ffffff&#8221; text_font_size=&#8221;26px&#8221; background_color=&#8221;#66bd46&#8243; background_layout=&#8221;dark&#8221; custom_padding=&#8221;20px|20px|20px|20px|false|false&#8221; global_colors_info=&#8221;{}&#8221;]<\/p>\n<p>Dexter 15ZA<\/p>\n<p>[\/et_pb_text][et_pb_text admin_label=&#8221;Linkit&#8221; _builder_version=&#8221;4.16&#8243; global_colors_info=&#8221;{}&#8221;]<\/p>\n<p><a href=\"https:\/\/dexterlifts.com\/wp-content\/uploads\/2020\/06\/15ZA_manuaali.pdf\">Manual<\/a><\/p>\n<p><a href=\"https:\/\/dexterlifts.com\/wp-content\/uploads\/2020\/06\/15ZA_ulottuma.pdf\">R\u00e4ckvidd<\/a><\/p>\n<p>&nbsp;<\/p>\n<p>[\/et_pb_text][\/et_pb_column][\/et_pb_row][et_pb_row column_structure=&#8221;1_3,1_3,1_3&#8243; _builder_version=&#8221;4.16&#8243; global_colors_info=&#8221;{}&#8221;][et_pb_column type=&#8221;1_3&#8243; _builder_version=&#8221;4.16&#8243; global_colors_info=&#8221;{}&#8221;][et_pb_text admin_label=&#8221;Dexter 17ZA &#8211; Otsikko&#8221; _builder_version=&#8221;4.16&#8243; text_text_color=&#8221;#ffffff&#8221; text_font_size=&#8221;26px&#8221; background_color=&#8221;#66bd46&#8243; background_layout=&#8221;dark&#8221; custom_padding=&#8221;20px|20px|20px|20px|false|false&#8221; global_colors_info=&#8221;{}&#8221;]<\/p>\n<p>Dexter 17ZA<\/p>\n<p>[\/et_pb_text][et_pb_text admin_label=&#8221;Linkit&#8221; _builder_version=&#8221;4.16&#8243; global_colors_info=&#8221;{}&#8221;]<\/p>\n<p><a href=\"https:\/\/dexterlifts.com\/wp-content\/uploads\/2020\/06\/17ZA_manuaali.pdf\">Manual<\/a><\/p>\n<p><a href=\"https:\/\/dexterlifts.com\/wp-content\/uploads\/2020\/06\/17ZA_ulottuma.pdf\">R\u00e4ckvidd<\/a><\/p>\n<p>&nbsp;<\/p>\n<p>[\/et_pb_text][\/et_pb_column][et_pb_column type=&#8221;1_3&#8243; _builder_version=&#8221;4.16&#8243; global_colors_info=&#8221;{}&#8221;][et_pb_text admin_label=&#8221;Dexter 19ZS &#8211; Otsikko&#8221; _builder_version=&#8221;4.16&#8243; text_text_color=&#8221;#ffffff&#8221; text_font_size=&#8221;26px&#8221; background_color=&#8221;#66bd46&#8243; background_layout=&#8221;dark&#8221; custom_padding=&#8221;20px|20px|20px|20px|false|false&#8221; global_colors_info=&#8221;{}&#8221;]<\/p>\n<p>Dexter 19ZS<\/p>\n<p>[\/et_pb_text][et_pb_text admin_label=&#8221;Linkit&#8221; _builder_version=&#8221;4.16&#8243; hover_enabled=&#8221;0&#8243; global_colors_info=&#8221;{}&#8221; sticky_enabled=&#8221;0&#8243;]<\/p>\n<p><a href=\"https:\/\/dexterlifts.com\/wp-content\/uploads\/2020\/06\/19ZS_manuaali.pdf\">Manual<\/a><\/p>\n<p><a href=\"https:\/\/dexterlifts.com\/wp-content\/uploads\/2020\/06\/19ZS_ulottuma.pdf\">R\u00e4ckvidd<\/a><\/p>\n<p>&nbsp;<\/p>\n<p>[\/et_pb_text][\/et_pb_column][et_pb_column type=&#8221;1_3&#8243; _builder_version=&#8221;4.16&#8243; global_colors_info=&#8221;{}&#8221;][et_pb_text admin_label=&#8221;Dexter 25Z &#8211; Otsikko&#8221; _builder_version=&#8221;4.16&#8243; text_text_color=&#8221;#ffffff&#8221; text_font_size=&#8221;26px&#8221; background_color=&#8221;#66bd46&#8243; background_layout=&#8221;dark&#8221; custom_padding=&#8221;20px|20px|20px|20px|false|false&#8221; global_colors_info=&#8221;{}&#8221;]<\/p>\n<p>Dexter 25Z<\/p>\n<p>[\/et_pb_text][et_pb_text admin_label=&#8221;Linkit&#8221; _builder_version=&#8221;4.19.1&#8243; hover_enabled=&#8221;0&#8243; global_colors_info=&#8221;{}&#8221; sticky_enabled=&#8221;0&#8243;]<\/p>\n<p><a href=\"https:\/\/dexterlifts.com\/wp-content\/uploads\/2022\/11\/Manual_25Z.pdf\" target=\"_blank\" rel=\"noopener\">Manual<\/a><\/p>\n<p><a href=\"https:\/\/dexterlifts.com\/wp-content\/uploads\/2020\/06\/25Z_ulottuma.pdf\">R\u00e4ckvidd<\/a><\/p>\n<p>&nbsp;<\/p>\n<p>[\/et_pb_text][\/et_pb_column][\/et_pb_row][et_pb_row column_structure=&#8221;1_3,1_3,1_3&#8243; _builder_version=&#8221;4.16&#8243; global_colors_info=&#8221;{}&#8221;][et_pb_column type=&#8221;1_3&#8243; _builder_version=&#8221;4.16&#8243; global_colors_info=&#8221;{}&#8221;][\/et_pb_column][et_pb_column type=&#8221;1_3&#8243; _builder_version=&#8221;4.16&#8243; global_colors_info=&#8221;{}&#8221;][et_pb_text disabled_on=&#8221;on|on|on&#8221; admin_label=&#8221;Dexter DX800 &#8211; Otsikko&#8221; _builder_version=&#8221;4.16&#8243; text_text_color=&#8221;#ffffff&#8221; text_font_size=&#8221;26px&#8221; background_color=&#8221;#66bd46&#8243; background_layout=&#8221;dark&#8221; custom_padding=&#8221;20px|20px|20px|20px|false|false&#8221; disabled=&#8221;on&#8221; global_colors_info=&#8221;{}&#8221;]<\/p>\n<p>Dexter DX800<\/p>\n<p>[\/et_pb_text][et_pb_text disabled_on=&#8221;on|on|on&#8221; admin_label=&#8221;Linkit&#8221; _builder_version=&#8221;4.16&#8243; link_option_url_new_window=&#8221;on&#8221; disabled=&#8221;on&#8221; global_colors_info=&#8221;{}&#8221;]<\/p>\n<p><a href=\"https:\/\/dexterlifts.com\/wp-content\/uploads\/2020\/06\/DX80_FIN_lyhyt.pdf\">Snabbguide<\/a><\/p>\n<p><a href=\"https:\/\/dexterlifts.com\/wp-content\/uploads\/2020\/06\/DX80_ENG_short.pdf\">Quickstart manual<\/a><\/p>\n<p>[\/et_pb_text][\/et_pb_column][et_pb_column type=&#8221;1_3&#8243; _builder_version=&#8221;4.16&#8243; global_colors_info=&#8221;{}&#8221;][\/et_pb_column][\/et_pb_row][\/et_pb_section]<\/p>\n","protected":false},"excerpt":{"rendered":"<p>Dexter 12AManual Kopplingsschema R\u00e4ckvidd &nbsp;Dexter 15ZManual R\u00e4ckvidd &nbsp;Dexter 15ZAManual R\u00e4ckvidd &nbsp;Dexter 17ZAManual R\u00e4ckvidd &nbsp;Dexter 19ZSManual R\u00e4ckvidd &nbsp;Dexter 25ZManual R\u00e4ckvidd &nbsp;Dexter DX800Snabbguide Quickstart manual<\/p>\n","protected":false},"author":1,"featured_media":0,"parent":0,"menu_order":0,"comment_status":"closed","ping_status":"closed","template":"","meta":{"_et_pb_use_builder":"on","_et_pb_old_content":"","_et_gb_content_width":"","footnotes":""},"class_list":["post-34776","page","type-page","status-publish","hentry"],"yoast_head":"<!-- This site is optimized with the Yoast SEO plugin v27.6 - https:\/\/yoast.com\/product\/yoast-seo-wordpress\/ -->\n<title>Manualer - Korkealaatuiset Dexter-henkil\u00f6nostimet<\/title>\n<meta name=\"robots\" content=\"index, follow, max-snippet:-1, max-image-preview:large, max-video-preview:-1\" \/>\n<link rel=\"canonical\" href=\"https:\/\/dexterlifts.com\/sv\/kayttoohjekirjat\/\" \/>\n<meta property=\"og:locale\" content=\"sv_SE\" \/>\n<meta property=\"og:type\" content=\"article\" \/>\n<meta property=\"og:title\" content=\"Manualer - Korkealaatuiset Dexter-henkil\u00f6nostimet\" \/>\n<meta property=\"og:description\" content=\"Dexter 12AManual Kopplingsschema R\u00e4ckvidd &nbsp;Dexter 15ZManual R\u00e4ckvidd &nbsp;Dexter 15ZAManual R\u00e4ckvidd &nbsp;Dexter 17ZAManual R\u00e4ckvidd &nbsp;Dexter 19ZSManual R\u00e4ckvidd &nbsp;Dexter 25ZManual R\u00e4ckvidd &nbsp;Dexter DX800Snabbguide Quickstart manual\" \/>\n<meta property=\"og:url\" content=\"https:\/\/dexterlifts.com\/sv\/kayttoohjekirjat\/\" \/>\n<meta property=\"og:site_name\" content=\"Korkealaatuiset Dexter-henkil\u00f6nostimet\" \/>\n<meta property=\"article:modified_time\" content=\"2022-11-25T09:34:16+00:00\" \/>\n<meta name=\"twitter:card\" content=\"summary_large_image\" \/>\n<meta name=\"twitter:label1\" content=\"Ber\u00e4knad l\u00e4stid\" \/>\n\t<meta name=\"twitter:data1\" content=\"2 minuter\" \/>\n<script type=\"application\/ld+json\" class=\"yoast-schema-graph\">{\"@context\":\"https:\\\/\\\/schema.org\",\"@graph\":[{\"@type\":\"WebPage\",\"@id\":\"https:\\\/\\\/dexterlifts.com\\\/sv\\\/kayttoohjekirjat\\\/\",\"url\":\"https:\\\/\\\/dexterlifts.com\\\/sv\\\/kayttoohjekirjat\\\/\",\"name\":\"Manualer - Korkealaatuiset Dexter-henkil\u00f6nostimet\",\"isPartOf\":{\"@id\":\"https:\\\/\\\/dexterlifts.com\\\/#website\"},\"datePublished\":\"2020-06-04T13:15:50+00:00\",\"dateModified\":\"2022-11-25T09:34:16+00:00\",\"breadcrumb\":{\"@id\":\"https:\\\/\\\/dexterlifts.com\\\/sv\\\/kayttoohjekirjat\\\/#breadcrumb\"},\"inLanguage\":\"sv-SE\",\"potentialAction\":[{\"@type\":\"ReadAction\",\"target\":[\"https:\\\/\\\/dexterlifts.com\\\/sv\\\/kayttoohjekirjat\\\/\"]}]},{\"@type\":\"BreadcrumbList\",\"@id\":\"https:\\\/\\\/dexterlifts.com\\\/sv\\\/kayttoohjekirjat\\\/#breadcrumb\",\"itemListElement\":[{\"@type\":\"ListItem\",\"position\":1,\"name\":\"Home\",\"item\":\"https:\\\/\\\/dexterlifts.com\\\/sv\\\/\"},{\"@type\":\"ListItem\",\"position\":2,\"name\":\"Manualer\"}]},{\"@type\":\"WebSite\",\"@id\":\"https:\\\/\\\/dexterlifts.com\\\/#website\",\"url\":\"https:\\\/\\\/dexterlifts.com\\\/\",\"name\":\"Dexter Lifts Oy - Dexter henkil\u00f6nostimet\",\"description\":\"Suomalaisia korkealaatuisia Dexter-henkil\u00f6nostimia monipuolisiin k\u00e4ytt\u00f6tarkoituksiin.\",\"publisher\":{\"@id\":\"https:\\\/\\\/dexterlifts.com\\\/#organization\"},\"potentialAction\":[{\"@type\":\"SearchAction\",\"target\":{\"@type\":\"EntryPoint\",\"urlTemplate\":\"https:\\\/\\\/dexterlifts.com\\\/?s={search_term_string}\"},\"query-input\":{\"@type\":\"PropertyValueSpecification\",\"valueRequired\":true,\"valueName\":\"search_term_string\"}}],\"inLanguage\":\"sv-SE\"},{\"@type\":\"Organization\",\"@id\":\"https:\\\/\\\/dexterlifts.com\\\/#organization\",\"name\":\"Dexter Lifts Oy\",\"url\":\"https:\\\/\\\/dexterlifts.com\\\/\",\"logo\":{\"@type\":\"ImageObject\",\"inLanguage\":\"sv-SE\",\"@id\":\"https:\\\/\\\/dexterlifts.com\\\/#\\\/schema\\\/logo\\\/image\\\/\",\"url\":\"https:\\\/\\\/dexterlifts.com\\\/wp-content\\\/uploads\\\/2020\\\/05\\\/dexterlifts-logo-4-scale.jpg\",\"contentUrl\":\"https:\\\/\\\/dexterlifts.com\\\/wp-content\\\/uploads\\\/2020\\\/05\\\/dexterlifts-logo-4-scale.jpg\",\"width\":1000,\"height\":670,\"caption\":\"Dexter Lifts Oy\"},\"image\":{\"@id\":\"https:\\\/\\\/dexterlifts.com\\\/#\\\/schema\\\/logo\\\/image\\\/\"}}]}<\/script>\n<!-- \/ Yoast SEO plugin. -->","yoast_head_json":{"title":"Manualer - Korkealaatuiset Dexter-henkil\u00f6nostimet","robots":{"index":"index","follow":"follow","max-snippet":"max-snippet:-1","max-image-preview":"max-image-preview:large","max-video-preview":"max-video-preview:-1"},"canonical":"https:\/\/dexterlifts.com\/sv\/kayttoohjekirjat\/","og_locale":"sv_SE","og_type":"article","og_title":"Manualer - Korkealaatuiset Dexter-henkil\u00f6nostimet","og_description":"Dexter 12AManual Kopplingsschema R\u00e4ckvidd &nbsp;Dexter 15ZManual R\u00e4ckvidd &nbsp;Dexter 15ZAManual R\u00e4ckvidd &nbsp;Dexter 17ZAManual R\u00e4ckvidd &nbsp;Dexter 19ZSManual R\u00e4ckvidd &nbsp;Dexter 25ZManual R\u00e4ckvidd &nbsp;Dexter DX800Snabbguide Quickstart manual","og_url":"https:\/\/dexterlifts.com\/sv\/kayttoohjekirjat\/","og_site_name":"Korkealaatuiset Dexter-henkil\u00f6nostimet","article_modified_time":"2022-11-25T09:34:16+00:00","twitter_card":"summary_large_image","twitter_misc":{"Ber\u00e4knad l\u00e4stid":"2 minuter"},"schema":{"@context":"https:\/\/schema.org","@graph":[{"@type":"WebPage","@id":"https:\/\/dexterlifts.com\/sv\/kayttoohjekirjat\/","url":"https:\/\/dexterlifts.com\/sv\/kayttoohjekirjat\/","name":"Manualer - Korkealaatuiset Dexter-henkil\u00f6nostimet","isPartOf":{"@id":"https:\/\/dexterlifts.com\/#website"},"datePublished":"2020-06-04T13:15:50+00:00","dateModified":"2022-11-25T09:34:16+00:00","breadcrumb":{"@id":"https:\/\/dexterlifts.com\/sv\/kayttoohjekirjat\/#breadcrumb"},"inLanguage":"sv-SE","potentialAction":[{"@type":"ReadAction","target":["https:\/\/dexterlifts.com\/sv\/kayttoohjekirjat\/"]}]},{"@type":"BreadcrumbList","@id":"https:\/\/dexterlifts.com\/sv\/kayttoohjekirjat\/#breadcrumb","itemListElement":[{"@type":"ListItem","position":1,"name":"Home","item":"https:\/\/dexterlifts.com\/sv\/"},{"@type":"ListItem","position":2,"name":"Manualer"}]},{"@type":"WebSite","@id":"https:\/\/dexterlifts.com\/#website","url":"https:\/\/dexterlifts.com\/","name":"Dexter Lifts Oy - Dexter henkil\u00f6nostimet","description":"Suomalaisia korkealaatuisia Dexter-henkil\u00f6nostimia monipuolisiin k\u00e4ytt\u00f6tarkoituksiin.","publisher":{"@id":"https:\/\/dexterlifts.com\/#organization"},"potentialAction":[{"@type":"SearchAction","target":{"@type":"EntryPoint","urlTemplate":"https:\/\/dexterlifts.com\/?s={search_term_string}"},"query-input":{"@type":"PropertyValueSpecification","valueRequired":true,"valueName":"search_term_string"}}],"inLanguage":"sv-SE"},{"@type":"Organization","@id":"https:\/\/dexterlifts.com\/#organization","name":"Dexter Lifts Oy","url":"https:\/\/dexterlifts.com\/","logo":{"@type":"ImageObject","inLanguage":"sv-SE","@id":"https:\/\/dexterlifts.com\/#\/schema\/logo\/image\/","url":"https:\/\/dexterlifts.com\/wp-content\/uploads\/2020\/05\/dexterlifts-logo-4-scale.jpg","contentUrl":"https:\/\/dexterlifts.com\/wp-content\/uploads\/2020\/05\/dexterlifts-logo-4-scale.jpg","width":1000,"height":670,"caption":"Dexter Lifts Oy"},"image":{"@id":"https:\/\/dexterlifts.com\/#\/schema\/logo\/image\/"}}]}},"_links":{"self":[{"href":"https:\/\/dexterlifts.com\/sv\/wp-json\/wp\/v2\/pages\/34776","targetHints":{"allow":["GET"]}}],"collection":[{"href":"https:\/\/dexterlifts.com\/sv\/wp-json\/wp\/v2\/pages"}],"about":[{"href":"https:\/\/dexterlifts.com\/sv\/wp-json\/wp\/v2\/types\/page"}],"author":[{"embeddable":true,"href":"https:\/\/dexterlifts.com\/sv\/wp-json\/wp\/v2\/users\/1"}],"replies":[{"embeddable":true,"href":"https:\/\/dexterlifts.com\/sv\/wp-json\/wp\/v2\/comments?post=34776"}],"version-history":[{"count":5,"href":"https:\/\/dexterlifts.com\/sv\/wp-json\/wp\/v2\/pages\/34776\/revisions"}],"predecessor-version":[{"id":40952,"href":"https:\/\/dexterlifts.com\/sv\/wp-json\/wp\/v2\/pages\/34776\/revisions\/40952"}],"wp:attachment":[{"href":"https:\/\/dexterlifts.com\/sv\/wp-json\/wp\/v2\/media?parent=34776"}],"curies":[{"name":"wp","href":"https:\/\/api.w.org\/{rel}","templated":true}]}}