{"id":34772,"date":"2020-06-22T10:14:55","date_gmt":"2020-06-22T10:14:55","guid":{"rendered":"https:\/\/dexterlifts.com\/kaytetyt-henkilonostimet\/"},"modified":"2021-11-09T09:51:16","modified_gmt":"2021-11-09T07:51:16","slug":"kaytetyt-henkilonostimet","status":"publish","type":"page","link":"https:\/\/dexterlifts.com\/sv\/henkilonostimet\/kaytetyt-henkilonostimet\/","title":{"rendered":"Inbytesliftar"},"content":{"rendered":"<p>[et_pb_section fb_built=&#8221;1&#8243; _builder_version=&#8221;3.22&#8243; global_colors_info=&#8221;{}&#8221;][et_pb_row _builder_version=&#8221;3.25&#8243; background_size=&#8221;initial&#8221; background_position=&#8221;top_left&#8221; background_repeat=&#8221;repeat&#8221; global_colors_info=&#8221;{}&#8221;][et_pb_column type=&#8221;4_4&#8243; _builder_version=&#8221;3.25&#8243; custom_padding=&#8221;|||&#8221; global_colors_info=&#8221;{}&#8221; custom_padding__hover=&#8221;|||&#8221;][et_pb_text _builder_version=&#8221;4.5.8&#8243; background_size=&#8221;initial&#8221; background_position=&#8221;top_left&#8221; background_repeat=&#8221;repeat&#8221; global_colors_info=&#8221;{}&#8221;]<\/p>\n<h2>INBYTESLIFTAR<\/h2>\n<p>&nbsp;<\/p>\n<p>Vi har till salu flera olika begagnade liftar med lyfth\u00f6jder fr\u00e5n 12 till 25 m.<\/p>\n<p><strong>Ring +358 44-3474480 s\u00e5 ber\u00e4ttar vi mer.<\/strong><\/p>\n<p>&nbsp;[\/et_pb_text][et_pb_divider color=&#8221;#343e42&#8243; divider_weight=&#8221;3px&#8221; _builder_version=&#8221;4.5.8&#8243; _module_preset=&#8221;default&#8221; global_colors_info=&#8221;{}&#8221;][\/et_pb_divider][et_pb_blog_extras include_categories=&#8221;30&#8243; blog_layout=&#8221;block_extended&#8221; use_read_more_button=&#8221;on&#8221; show_author=&#8221;off&#8221; show_date=&#8221;off&#8221; show_categories=&#8221;off&#8221; show_comments=&#8221;off&#8221; _builder_version=&#8221;4.13.0&#8243; _module_preset=&#8221;default&#8221; hover_enabled=&#8221;0&#8243; global_colors_info=&#8221;{}&#8221; no_results_text=&#8221;Kontakta v\u00e5r f\u00f6rs\u00e4ljning f\u00f6r aktuell status.&#8221; sticky_enabled=&#8221;0&#8243;][\/et_pb_blog_extras][\/et_pb_column][\/et_pb_row][\/et_pb_section]<\/p>\n","protected":false},"excerpt":{"rendered":"<p>INBYTESLIFTAR &nbsp; Vi har till salu flera olika begagnade liftar med lyfth\u00f6jder fr\u00e5n 12 till 25 m. Ring +358 44-3474480 s\u00e5 ber\u00e4ttar vi mer. &nbsp;<\/p>\n","protected":false},"author":3,"featured_media":0,"parent":34859,"menu_order":0,"comment_status":"closed","ping_status":"closed","template":"","meta":{"_et_pb_use_builder":"on","_et_pb_old_content":"","_et_gb_content_width":"","footnotes":""},"class_list":["post-34772","page","type-page","status-publish","hentry"],"yoast_head":"<!-- This site is optimized with the Yoast SEO plugin v27.4 - https:\/\/yoast.com\/product\/yoast-seo-wordpress\/ -->\n<title>Inbytesliftar - Korkealaatuiset Dexter-henkil\u00f6nostimet<\/title>\n<meta name=\"robots\" content=\"index, follow, max-snippet:-1, max-image-preview:large, max-video-preview:-1\" \/>\n<link rel=\"canonical\" href=\"https:\/\/dexterlifts.com\/sv\/henkilonostimet\/kaytetyt-henkilonostimet\/\" \/>\n<meta property=\"og:locale\" content=\"sv_SE\" \/>\n<meta property=\"og:type\" content=\"article\" \/>\n<meta property=\"og:title\" content=\"Inbytesliftar - Korkealaatuiset Dexter-henkil\u00f6nostimet\" \/>\n<meta property=\"og:description\" content=\"INBYTESLIFTAR &nbsp; Vi har till salu flera olika begagnade liftar med lyfth\u00f6jder fr\u00e5n 12 till 25 m. Ring +358 44-3474480 s\u00e5 ber\u00e4ttar vi mer. &nbsp;\" \/>\n<meta property=\"og:url\" content=\"https:\/\/dexterlifts.com\/sv\/henkilonostimet\/kaytetyt-henkilonostimet\/\" \/>\n<meta property=\"og:site_name\" content=\"Korkealaatuiset Dexter-henkil\u00f6nostimet\" \/>\n<meta property=\"article:modified_time\" content=\"2021-11-09T07:51:16+00:00\" \/>\n<meta name=\"twitter:card\" content=\"summary_large_image\" \/>\n<meta name=\"twitter:label1\" content=\"Ber\u00e4knad l\u00e4stid\" \/>\n\t<meta name=\"twitter:data1\" content=\"1 minut\" \/>\n<script type=\"application\/ld+json\" class=\"yoast-schema-graph\">{\"@context\":\"https:\\\/\\\/schema.org\",\"@graph\":[{\"@type\":\"WebPage\",\"@id\":\"https:\\\/\\\/dexterlifts.com\\\/sv\\\/henkilonostimet\\\/kaytetyt-henkilonostimet\\\/\",\"url\":\"https:\\\/\\\/dexterlifts.com\\\/sv\\\/henkilonostimet\\\/kaytetyt-henkilonostimet\\\/\",\"name\":\"Inbytesliftar - Korkealaatuiset Dexter-henkil\u00f6nostimet\",\"isPartOf\":{\"@id\":\"https:\\\/\\\/dexterlifts.com\\\/#website\"},\"datePublished\":\"2020-06-22T10:14:55+00:00\",\"dateModified\":\"2021-11-09T07:51:16+00:00\",\"breadcrumb\":{\"@id\":\"https:\\\/\\\/dexterlifts.com\\\/sv\\\/henkilonostimet\\\/kaytetyt-henkilonostimet\\\/#breadcrumb\"},\"inLanguage\":\"sv-SE\",\"potentialAction\":[{\"@type\":\"ReadAction\",\"target\":[\"https:\\\/\\\/dexterlifts.com\\\/sv\\\/henkilonostimet\\\/kaytetyt-henkilonostimet\\\/\"]}]},{\"@type\":\"BreadcrumbList\",\"@id\":\"https:\\\/\\\/dexterlifts.com\\\/sv\\\/henkilonostimet\\\/kaytetyt-henkilonostimet\\\/#breadcrumb\",\"itemListElement\":[{\"@type\":\"ListItem\",\"position\":1,\"name\":\"Home\",\"item\":\"https:\\\/\\\/dexterlifts.com\\\/sv\\\/\"},{\"@type\":\"ListItem\",\"position\":2,\"name\":\"Personliga lyft\",\"item\":\"https:\\\/\\\/dexterlifts.com\\\/sv\\\/henkilonostimet\\\/\"},{\"@type\":\"ListItem\",\"position\":3,\"name\":\"Inbytesliftar\"}]},{\"@type\":\"WebSite\",\"@id\":\"https:\\\/\\\/dexterlifts.com\\\/#website\",\"url\":\"https:\\\/\\\/dexterlifts.com\\\/\",\"name\":\"Dexter Lifts Oy - Dexter henkil\u00f6nostimet\",\"description\":\"Suomalaisia korkealaatuisia Dexter-henkil\u00f6nostimia monipuolisiin k\u00e4ytt\u00f6tarkoituksiin.\",\"publisher\":{\"@id\":\"https:\\\/\\\/dexterlifts.com\\\/#organization\"},\"potentialAction\":[{\"@type\":\"SearchAction\",\"target\":{\"@type\":\"EntryPoint\",\"urlTemplate\":\"https:\\\/\\\/dexterlifts.com\\\/?s={search_term_string}\"},\"query-input\":{\"@type\":\"PropertyValueSpecification\",\"valueRequired\":true,\"valueName\":\"search_term_string\"}}],\"inLanguage\":\"sv-SE\"},{\"@type\":\"Organization\",\"@id\":\"https:\\\/\\\/dexterlifts.com\\\/#organization\",\"name\":\"Dexter Lifts Oy\",\"url\":\"https:\\\/\\\/dexterlifts.com\\\/\",\"logo\":{\"@type\":\"ImageObject\",\"inLanguage\":\"sv-SE\",\"@id\":\"https:\\\/\\\/dexterlifts.com\\\/#\\\/schema\\\/logo\\\/image\\\/\",\"url\":\"https:\\\/\\\/dexterlifts.com\\\/wp-content\\\/uploads\\\/2020\\\/05\\\/dexterlifts-logo-4-scale.jpg\",\"contentUrl\":\"https:\\\/\\\/dexterlifts.com\\\/wp-content\\\/uploads\\\/2020\\\/05\\\/dexterlifts-logo-4-scale.jpg\",\"width\":1000,\"height\":670,\"caption\":\"Dexter Lifts Oy\"},\"image\":{\"@id\":\"https:\\\/\\\/dexterlifts.com\\\/#\\\/schema\\\/logo\\\/image\\\/\"}}]}<\/script>\n<!-- \/ Yoast SEO plugin. -->","yoast_head_json":{"title":"Inbytesliftar - Korkealaatuiset Dexter-henkil\u00f6nostimet","robots":{"index":"index","follow":"follow","max-snippet":"max-snippet:-1","max-image-preview":"max-image-preview:large","max-video-preview":"max-video-preview:-1"},"canonical":"https:\/\/dexterlifts.com\/sv\/henkilonostimet\/kaytetyt-henkilonostimet\/","og_locale":"sv_SE","og_type":"article","og_title":"Inbytesliftar - Korkealaatuiset Dexter-henkil\u00f6nostimet","og_description":"INBYTESLIFTAR &nbsp; Vi har till salu flera olika begagnade liftar med lyfth\u00f6jder fr\u00e5n 12 till 25 m. Ring +358 44-3474480 s\u00e5 ber\u00e4ttar vi mer. &nbsp;","og_url":"https:\/\/dexterlifts.com\/sv\/henkilonostimet\/kaytetyt-henkilonostimet\/","og_site_name":"Korkealaatuiset Dexter-henkil\u00f6nostimet","article_modified_time":"2021-11-09T07:51:16+00:00","twitter_card":"summary_large_image","twitter_misc":{"Ber\u00e4knad l\u00e4stid":"1 minut"},"schema":{"@context":"https:\/\/schema.org","@graph":[{"@type":"WebPage","@id":"https:\/\/dexterlifts.com\/sv\/henkilonostimet\/kaytetyt-henkilonostimet\/","url":"https:\/\/dexterlifts.com\/sv\/henkilonostimet\/kaytetyt-henkilonostimet\/","name":"Inbytesliftar - Korkealaatuiset Dexter-henkil\u00f6nostimet","isPartOf":{"@id":"https:\/\/dexterlifts.com\/#website"},"datePublished":"2020-06-22T10:14:55+00:00","dateModified":"2021-11-09T07:51:16+00:00","breadcrumb":{"@id":"https:\/\/dexterlifts.com\/sv\/henkilonostimet\/kaytetyt-henkilonostimet\/#breadcrumb"},"inLanguage":"sv-SE","potentialAction":[{"@type":"ReadAction","target":["https:\/\/dexterlifts.com\/sv\/henkilonostimet\/kaytetyt-henkilonostimet\/"]}]},{"@type":"BreadcrumbList","@id":"https:\/\/dexterlifts.com\/sv\/henkilonostimet\/kaytetyt-henkilonostimet\/#breadcrumb","itemListElement":[{"@type":"ListItem","position":1,"name":"Home","item":"https:\/\/dexterlifts.com\/sv\/"},{"@type":"ListItem","position":2,"name":"Personliga lyft","item":"https:\/\/dexterlifts.com\/sv\/henkilonostimet\/"},{"@type":"ListItem","position":3,"name":"Inbytesliftar"}]},{"@type":"WebSite","@id":"https:\/\/dexterlifts.com\/#website","url":"https:\/\/dexterlifts.com\/","name":"Dexter Lifts Oy - Dexter henkil\u00f6nostimet","description":"Suomalaisia korkealaatuisia Dexter-henkil\u00f6nostimia monipuolisiin k\u00e4ytt\u00f6tarkoituksiin.","publisher":{"@id":"https:\/\/dexterlifts.com\/#organization"},"potentialAction":[{"@type":"SearchAction","target":{"@type":"EntryPoint","urlTemplate":"https:\/\/dexterlifts.com\/?s={search_term_string}"},"query-input":{"@type":"PropertyValueSpecification","valueRequired":true,"valueName":"search_term_string"}}],"inLanguage":"sv-SE"},{"@type":"Organization","@id":"https:\/\/dexterlifts.com\/#organization","name":"Dexter Lifts Oy","url":"https:\/\/dexterlifts.com\/","logo":{"@type":"ImageObject","inLanguage":"sv-SE","@id":"https:\/\/dexterlifts.com\/#\/schema\/logo\/image\/","url":"https:\/\/dexterlifts.com\/wp-content\/uploads\/2020\/05\/dexterlifts-logo-4-scale.jpg","contentUrl":"https:\/\/dexterlifts.com\/wp-content\/uploads\/2020\/05\/dexterlifts-logo-4-scale.jpg","width":1000,"height":670,"caption":"Dexter Lifts Oy"},"image":{"@id":"https:\/\/dexterlifts.com\/#\/schema\/logo\/image\/"}}]}},"_links":{"self":[{"href":"https:\/\/dexterlifts.com\/sv\/wp-json\/wp\/v2\/pages\/34772","targetHints":{"allow":["GET"]}}],"collection":[{"href":"https:\/\/dexterlifts.com\/sv\/wp-json\/wp\/v2\/pages"}],"about":[{"href":"https:\/\/dexterlifts.com\/sv\/wp-json\/wp\/v2\/types\/page"}],"author":[{"embeddable":true,"href":"https:\/\/dexterlifts.com\/sv\/wp-json\/wp\/v2\/users\/3"}],"replies":[{"embeddable":true,"href":"https:\/\/dexterlifts.com\/sv\/wp-json\/wp\/v2\/comments?post=34772"}],"version-history":[{"count":6,"href":"https:\/\/dexterlifts.com\/sv\/wp-json\/wp\/v2\/pages\/34772\/revisions"}],"predecessor-version":[{"id":37528,"href":"https:\/\/dexterlifts.com\/sv\/wp-json\/wp\/v2\/pages\/34772\/revisions\/37528"}],"up":[{"embeddable":true,"href":"https:\/\/dexterlifts.com\/sv\/wp-json\/wp\/v2\/pages\/34859"}],"wp:attachment":[{"href":"https:\/\/dexterlifts.com\/sv\/wp-json\/wp\/v2\/media?parent=34772"}],"curies":[{"name":"wp","href":"https:\/\/api.w.org\/{rel}","templated":true}]}}