{"id":34858,"date":"2020-06-22T08:40:10","date_gmt":"2020-06-22T08:40:10","guid":{"rendered":"https:\/\/dexterlifts.com\/henkilonostimet\/"},"modified":"2022-10-19T16:17:07","modified_gmt":"2022-10-19T13:17:07","slug":"henkilonostimet","status":"publish","type":"page","link":"https:\/\/dexterlifts.com\/ru\/henkilonostimet\/","title":{"rendered":"\u041f\u0435\u0440\u0441\u043e\u043d\u0430\u043b\u044c\u043d\u044b\u0435 \u043f\u043e\u0434\u044a\u0435\u043c\u043d\u0438\u043a\u0438"},"content":{"rendered":"<p>[et_pb_section fb_built=&#187;1&#8243; _builder_version=&#187;4.4.7&#8243; global_colors_info=&#187;{}&#187;][et_pb_row _builder_version=&#187;4.4.8&#8243; global_colors_info=&#187;{}&#187;][et_pb_column type=&#187;4_4&#8243; _builder_version=&#187;4.4.8&#8243; global_colors_info=&#187;{}&#187;][et_pb_blurb title=&#187;\u041d\u043e\u0432\u044b\u0435 \u0438 \u0431\u044b\u0432\u0448\u0438\u0435 \u0432 \u0443\u043f\u043e\u0442\u0440\u0435\u0431\u043b\u0435\u043d\u0438\u0438 \u043f\u0435\u0440\u0441\u043e\u043d\u0430\u043b\u044c\u043d\u044b\u0435 \u043f\u043e\u0434\u044a\u0435\u043c\u043d\u0438\u043a\u0438 \u043e\u0442 Dexter.&#187; content_max_width=&#187;1100px&#187; _builder_version=&#187;4.13.0&#8243; header_level=&#187;h2&#8243; text_orientation=&#187;justified&#187; global_colors_info=&#187;{}&#187;]<\/p>\n<p>\u0415\u0441\u043b\u0438 \u0432\u0430\u0448 \u0442\u0435\u043a\u0443\u0449\u0438\u0439 \u043b\u0438\u0447\u043d\u044b\u0439 \u043f\u043e\u0434\u044a\u0435\u043c\u043d\u0438\u043a \u0443\u0436\u0435 \u043d\u0435 \u0441\u043e\u043e\u0442\u0432\u0435\u0442\u0441\u0442\u0432\u0443\u0435\u0442 \u0432\u0430\u0448\u0438\u043c \u043f\u043e\u0442\u0440\u0435\u0431\u043d\u043e\u0441\u0442\u044f\u043c, \u0432\u0430\u043c \u0441\u0442\u043e\u0438\u0442 \u043e\u0437\u043d\u0430\u043a\u043e\u043c\u0438\u0442\u044c\u0441\u044f \u0441 \u043d\u043e\u0432\u044b\u043c\u0438 \u043c\u043e\u0434\u0435\u043b\u044f\u043c\u0438 \u043d\u0430\u0448\u0435\u0433\u043e \u043f\u0440\u043e\u0438\u0437\u0432\u043e\u0434\u0441\u0442\u0432\u0430. \u0415\u0441\u043b\u0438, \u0441 \u0434\u0440\u0443\u0433\u043e\u0439 \u0441\u0442\u043e\u0440\u043e\u043d\u044b, \u0432\u044b \u0438\u0449\u0435\u0442\u0435 \u0431\u043e\u043b\u0435\u0435 \u0434\u043e\u0441\u0442\u0443\u043f\u043d\u043e\u0435 \u0440\u0435\u0448\u0435\u043d\u0438\u0435 \u0434\u043b\u044f \u0432\u0430\u0448\u0438\u0445 \u043b\u0438\u0447\u043d\u044b\u0445 \u043f\u043e\u0434\u044a\u0435\u043c\u043d\u044b\u0445 \u043d\u0443\u0436\u0434, \u0432\u044b \u0442\u0430\u043a\u0436\u0435 \u043d\u0430\u0439\u0434\u0435\u0442\u0435 \u0441\u043f\u0438\u0441\u043e\u043a \u0431\u044b\u0432\u0448\u0438\u0445 \u0432 \u0443\u043f\u043e\u0442\u0440\u0435\u0431\u043b\u0435\u043d\u0438\u0438 \u043f\u043e\u0434\u044a\u0435\u043c\u043d\u0438\u043a\u043e\u0432, \u043a\u043e\u0442\u043e\u0440\u044b\u0435 \u043c\u044b \u0432 \u043d\u0430\u0441\u0442\u043e\u044f\u0449\u0435\u0435 \u0432\u0440\u0435\u043c\u044f \u043f\u0440\u043e\u0434\u0430\u0435\u043c. \u0412\u0441\u0435 \u043f\u0435\u0440\u0441\u043e\u043d\u0430\u043b\u044c\u043d\u044b\u0435 \u043f\u043e\u0434\u044a\u0435\u043c\u043d\u0438\u043a\u0438, \u043a\u043e\u0442\u043e\u0440\u044b\u0435 \u043c\u044b \u043f\u0440\u043e\u0434\u0430\u0435\u043c, \u043f\u0440\u043e\u0432\u0435\u0440\u044f\u044e\u0442\u0441\u044f \u0438 \u043e\u0431\u0441\u043b\u0443\u0436\u0438\u0432\u0430\u044e\u0442\u0441\u044f \u043d\u0430\u043c\u0438, \u043f\u043e\u044d\u0442\u043e\u043c\u0443 \u0432\u0430\u043c \u043d\u0435 \u043d\u0443\u0436\u043d\u043e \u0431\u0435\u0441\u043f\u043e\u043a\u043e\u0438\u0442\u044c\u0441\u044f \u043e \u0431\u0435\u0437\u043e\u043f\u0430\u0441\u043d\u043e\u0441\u0442\u0438 \u0434\u0430\u0436\u0435 \u043f\u0440\u0438 \u043f\u043e\u043a\u0443\u043f\u043a\u0435 \u043f\u043e\u0434\u0435\u0440\u0436\u0430\u043d\u043d\u043e\u0433\u043e \u043f\u043e\u0434\u044a\u0435\u043c\u043d\u0438\u043a\u0430.<\/p>\n<p>[\/et_pb_blurb][\/et_pb_column][\/et_pb_row][et_pb_row column_structure=&#187;1_2,1_2&#8243; _builder_version=&#187;4.4.7&#8243; custom_padding=&#187;||43px|||&#187; global_colors_info=&#187;{}&#187;][et_pb_column type=&#187;1_2&#8243; _builder_version=&#187;4.4.7&#8243; global_colors_info=&#187;{}&#187;][et_pb_image src=&#187;https:\/\/dexterlifts.com\/wp-content\/uploads\/2020\/03\/15za01-024.jpg&#187; title_text=&#187;15za01 024&#8243; url=&#187;https:\/\/dexterlifts.com\/#nostimet&#187; _builder_version=&#187;4.4.8&#8243; global_colors_info=&#187;{}&#187;][\/et_pb_image][et_pb_button button_url=&#187;https:\/\/dexterlifts.com\/#nostimet&#187; button_text=&#187;\u041d\u043e\u0432\u044b\u0435&#187; button_alignment=&#187;center&#187; _builder_version=&#187;4.4.8&#8243; global_colors_info=&#187;{}&#187;][\/et_pb_button][\/et_pb_column][et_pb_column type=&#187;1_2&#8243; _builder_version=&#187;4.4.7&#8243; global_colors_info=&#187;{}&#187;][et_pb_image src=&#187;https:\/\/dexterlifts.com\/wp-content\/uploads\/2020\/08\/kaytetty_19ZS-scaled.jpg&#187; alt=&#187;2019 &#8212; \u041d\u043e\u0432\u0435\u0439\u0448\u0430\u044f \u043c\u043e\u0434\u0435\u043b\u044c \u043a\u043e\u043c\u043f\u0430\u043d\u0438\u0438 Dexter 15 ZA \u0441 \u0448\u0430\u0440\u043d\u0438\u0440\u043d\u043e-\u0441\u043e\u0447\u043b\u0435\u043d\u0435\u043d\u043d\u043e\u0439 \u0441\u0442\u0440\u0435\u043b\u043e\u0439.&#187; title_text=&#187;\u0431\/\u0443_19ZS&#187; url=&#187;https:\/\/dexterlifts.com\/ru\/henkilonostimet\/kaytetyt-henkilonostimet\/&#187; _builder_version=&#187;4.14.2&#8243; max_height=&#187;535px&#187; hover_enabled=&#187;0&#8243; global_colors_info=&#187;{}&#187; sticky_enabled=&#187;0&#8243;][\/et_pb_image][et_pb_button button_url=&#187;https:\/\/dexterlifts.com\/ru\/henkilonostimet\/kaytetyt-henkilonostimet\/&#187; button_text=&#187;\u041f\u043e\u0434\u0435\u0440\u0436\u0430\u043d\u043d\u044b\u0435&#187; button_alignment=&#187;center&#187; _builder_version=&#187;4.14.2&#8243; custom_button=&#187;on&#187; button_border_radius=&#187;10px&#187; hover_enabled=&#187;0&#8243; global_colors_info=&#187;{}&#187; sticky_enabled=&#187;0&#8243;][\/et_pb_button][\/et_pb_column][\/et_pb_row][\/et_pb_section]<\/p>\n","protected":false},"excerpt":{"rendered":"<p>\u0415\u0441\u043b\u0438 \u0432\u0430\u0448 \u0442\u0435\u043a\u0443\u0449\u0438\u0439 \u043b\u0438\u0447\u043d\u044b\u0439 \u043f\u043e\u0434\u044a\u0435\u043c\u043d\u0438\u043a \u0443\u0436\u0435 \u043d\u0435 \u0441\u043e\u043e\u0442\u0432\u0435\u0442\u0441\u0442\u0432\u0443\u0435\u0442 \u0432\u0430\u0448\u0438\u043c \u043f\u043e\u0442\u0440\u0435\u0431\u043d\u043e\u0441\u0442\u044f\u043c, \u0432\u0430\u043c \u0441\u0442\u043e\u0438\u0442 \u043e\u0437\u043d\u0430\u043a\u043e\u043c\u0438\u0442\u044c\u0441\u044f \u0441 \u043d\u043e\u0432\u044b\u043c\u0438 \u043c\u043e\u0434\u0435\u043b\u044f\u043c\u0438 \u043d\u0430\u0448\u0435\u0433\u043e \u043f\u0440\u043e\u0438\u0437\u0432\u043e\u0434\u0441\u0442\u0432\u0430. \u0415\u0441\u043b\u0438, \u0441 \u0434\u0440\u0443\u0433\u043e\u0439 \u0441\u0442\u043e\u0440\u043e\u043d\u044b, \u0432\u044b \u0438\u0449\u0435\u0442\u0435 \u0431\u043e\u043b\u0435\u0435 \u0434\u043e\u0441\u0442\u0443\u043f\u043d\u043e\u0435 \u0440\u0435\u0448\u0435\u043d\u0438\u0435 \u0434\u043b\u044f \u0432\u0430\u0448\u0438\u0445 \u043b\u0438\u0447\u043d\u044b\u0445 \u043f\u043e\u0434\u044a\u0435\u043c\u043d\u044b\u0445 \u043d\u0443\u0436\u0434, \u0432\u044b \u0442\u0430\u043a\u0436\u0435 \u043d\u0430\u0439\u0434\u0435\u0442\u0435 \u0441\u043f\u0438\u0441\u043e\u043a \u0431\u044b\u0432\u0448\u0438\u0445 \u0432 \u0443\u043f\u043e\u0442\u0440\u0435\u0431\u043b\u0435\u043d\u0438\u0438 \u043f\u043e\u0434\u044a\u0435\u043c\u043d\u0438\u043a\u043e\u0432, \u043a\u043e\u0442\u043e\u0440\u044b\u0435 \u043c\u044b \u0432 \u043d\u0430\u0441\u0442\u043e\u044f\u0449\u0435\u0435 \u0432\u0440\u0435\u043c\u044f \u043f\u0440\u043e\u0434\u0430\u0435\u043c. \u0412\u0441\u0435 \u043f\u0435\u0440\u0441\u043e\u043d\u0430\u043b\u044c\u043d\u044b\u0435 \u043f\u043e\u0434\u044a\u0435\u043c\u043d\u0438\u043a\u0438, \u043a\u043e\u0442\u043e\u0440\u044b\u0435 \u043c\u044b \u043f\u0440\u043e\u0434\u0430\u0435\u043c, \u043f\u0440\u043e\u0432\u0435\u0440\u044f\u044e\u0442\u0441\u044f \u0438 \u043e\u0431\u0441\u043b\u0443\u0436\u0438\u0432\u0430\u044e\u0442\u0441\u044f [&hellip;]<\/p>\n","protected":false},"author":3,"featured_media":0,"parent":0,"menu_order":0,"comment_status":"closed","ping_status":"closed","template":"","meta":{"_et_pb_use_builder":"on","_et_pb_old_content":"","_et_gb_content_width":"","footnotes":""},"class_list":["post-34858","page","type-page","status-publish","hentry"],"yoast_head":"<!-- This site is optimized with the Yoast SEO plugin v27.4 - https:\/\/yoast.com\/product\/yoast-seo-wordpress\/ -->\n<title>\u041f\u0435\u0440\u0441\u043e\u043d\u0430\u043b\u044c\u043d\u044b\u0435 \u043f\u043e\u0434\u044a\u0435\u043c\u043d\u0438\u043a\u0438 - Korkealaatuiset Dexter-henkil\u00f6nostimet<\/title>\n<meta name=\"robots\" content=\"index, follow, max-snippet:-1, max-image-preview:large, max-video-preview:-1\" \/>\n<link rel=\"canonical\" href=\"https:\/\/dexterlifts.com\/ru\/henkilonostimet\/\" \/>\n<meta property=\"og:locale\" content=\"ru_RU\" \/>\n<meta property=\"og:type\" content=\"article\" \/>\n<meta property=\"og:title\" content=\"\u041f\u0435\u0440\u0441\u043e\u043d\u0430\u043b\u044c\u043d\u044b\u0435 \u043f\u043e\u0434\u044a\u0435\u043c\u043d\u0438\u043a\u0438 - Korkealaatuiset Dexter-henkil\u00f6nostimet\" \/>\n<meta property=\"og:description\" content=\"\u0415\u0441\u043b\u0438 \u0432\u0430\u0448 \u0442\u0435\u043a\u0443\u0449\u0438\u0439 \u043b\u0438\u0447\u043d\u044b\u0439 \u043f\u043e\u0434\u044a\u0435\u043c\u043d\u0438\u043a \u0443\u0436\u0435 \u043d\u0435 \u0441\u043e\u043e\u0442\u0432\u0435\u0442\u0441\u0442\u0432\u0443\u0435\u0442 \u0432\u0430\u0448\u0438\u043c \u043f\u043e\u0442\u0440\u0435\u0431\u043d\u043e\u0441\u0442\u044f\u043c, \u0432\u0430\u043c \u0441\u0442\u043e\u0438\u0442 \u043e\u0437\u043d\u0430\u043a\u043e\u043c\u0438\u0442\u044c\u0441\u044f \u0441 \u043d\u043e\u0432\u044b\u043c\u0438 \u043c\u043e\u0434\u0435\u043b\u044f\u043c\u0438 \u043d\u0430\u0448\u0435\u0433\u043e \u043f\u0440\u043e\u0438\u0437\u0432\u043e\u0434\u0441\u0442\u0432\u0430. \u0415\u0441\u043b\u0438, \u0441 \u0434\u0440\u0443\u0433\u043e\u0439 \u0441\u0442\u043e\u0440\u043e\u043d\u044b, \u0432\u044b \u0438\u0449\u0435\u0442\u0435 \u0431\u043e\u043b\u0435\u0435 \u0434\u043e\u0441\u0442\u0443\u043f\u043d\u043e\u0435 \u0440\u0435\u0448\u0435\u043d\u0438\u0435 \u0434\u043b\u044f \u0432\u0430\u0448\u0438\u0445 \u043b\u0438\u0447\u043d\u044b\u0445 \u043f\u043e\u0434\u044a\u0435\u043c\u043d\u044b\u0445 \u043d\u0443\u0436\u0434, \u0432\u044b \u0442\u0430\u043a\u0436\u0435 \u043d\u0430\u0439\u0434\u0435\u0442\u0435 \u0441\u043f\u0438\u0441\u043e\u043a \u0431\u044b\u0432\u0448\u0438\u0445 \u0432 \u0443\u043f\u043e\u0442\u0440\u0435\u0431\u043b\u0435\u043d\u0438\u0438 \u043f\u043e\u0434\u044a\u0435\u043c\u043d\u0438\u043a\u043e\u0432, \u043a\u043e\u0442\u043e\u0440\u044b\u0435 \u043c\u044b \u0432 \u043d\u0430\u0441\u0442\u043e\u044f\u0449\u0435\u0435 \u0432\u0440\u0435\u043c\u044f \u043f\u0440\u043e\u0434\u0430\u0435\u043c. \u0412\u0441\u0435 \u043f\u0435\u0440\u0441\u043e\u043d\u0430\u043b\u044c\u043d\u044b\u0435 \u043f\u043e\u0434\u044a\u0435\u043c\u043d\u0438\u043a\u0438, \u043a\u043e\u0442\u043e\u0440\u044b\u0435 \u043c\u044b \u043f\u0440\u043e\u0434\u0430\u0435\u043c, \u043f\u0440\u043e\u0432\u0435\u0440\u044f\u044e\u0442\u0441\u044f \u0438 \u043e\u0431\u0441\u043b\u0443\u0436\u0438\u0432\u0430\u044e\u0442\u0441\u044f [&hellip;]\" \/>\n<meta property=\"og:url\" content=\"https:\/\/dexterlifts.com\/ru\/henkilonostimet\/\" \/>\n<meta property=\"og:site_name\" content=\"Korkealaatuiset Dexter-henkil\u00f6nostimet\" \/>\n<meta property=\"article:modified_time\" content=\"2022-10-19T13:17:07+00:00\" \/>\n<meta name=\"twitter:card\" content=\"summary_large_image\" \/>\n<meta name=\"twitter:label1\" content=\"\u041f\u0440\u0438\u043c\u0435\u0440\u043d\u043e\u0435 \u0432\u0440\u0435\u043c\u044f \u0434\u043b\u044f \u0447\u0442\u0435\u043d\u0438\u044f\" \/>\n\t<meta name=\"twitter:data1\" content=\"1 \u043c\u0438\u043d\u0443\u0442\u0430\" \/>\n<script type=\"application\/ld+json\" class=\"yoast-schema-graph\">{\"@context\":\"https:\\\/\\\/schema.org\",\"@graph\":[{\"@type\":\"WebPage\",\"@id\":\"https:\\\/\\\/dexterlifts.com\\\/ru\\\/henkilonostimet\\\/\",\"url\":\"https:\\\/\\\/dexterlifts.com\\\/ru\\\/henkilonostimet\\\/\",\"name\":\"\u041f\u0435\u0440\u0441\u043e\u043d\u0430\u043b\u044c\u043d\u044b\u0435 \u043f\u043e\u0434\u044a\u0435\u043c\u043d\u0438\u043a\u0438 - Korkealaatuiset Dexter-henkil\u00f6nostimet\",\"isPartOf\":{\"@id\":\"https:\\\/\\\/dexterlifts.com\\\/#website\"},\"datePublished\":\"2020-06-22T08:40:10+00:00\",\"dateModified\":\"2022-10-19T13:17:07+00:00\",\"breadcrumb\":{\"@id\":\"https:\\\/\\\/dexterlifts.com\\\/ru\\\/henkilonostimet\\\/#breadcrumb\"},\"inLanguage\":\"ru-RU\",\"potentialAction\":[{\"@type\":\"ReadAction\",\"target\":[\"https:\\\/\\\/dexterlifts.com\\\/ru\\\/henkilonostimet\\\/\"]}]},{\"@type\":\"BreadcrumbList\",\"@id\":\"https:\\\/\\\/dexterlifts.com\\\/ru\\\/henkilonostimet\\\/#breadcrumb\",\"itemListElement\":[{\"@type\":\"ListItem\",\"position\":1,\"name\":\"Home\",\"item\":\"https:\\\/\\\/dexterlifts.com\\\/ru\\\/\"},{\"@type\":\"ListItem\",\"position\":2,\"name\":\"\u041f\u0435\u0440\u0441\u043e\u043d\u0430\u043b\u044c\u043d\u044b\u0435 \u043f\u043e\u0434\u044a\u0435\u043c\u043d\u0438\u043a\u0438\"}]},{\"@type\":\"WebSite\",\"@id\":\"https:\\\/\\\/dexterlifts.com\\\/#website\",\"url\":\"https:\\\/\\\/dexterlifts.com\\\/\",\"name\":\"Dexter Lifts Oy - Dexter henkil\u00f6nostimet\",\"description\":\"Suomalaisia korkealaatuisia Dexter-henkil\u00f6nostimia monipuolisiin k\u00e4ytt\u00f6tarkoituksiin.\",\"publisher\":{\"@id\":\"https:\\\/\\\/dexterlifts.com\\\/#organization\"},\"potentialAction\":[{\"@type\":\"SearchAction\",\"target\":{\"@type\":\"EntryPoint\",\"urlTemplate\":\"https:\\\/\\\/dexterlifts.com\\\/?s={search_term_string}\"},\"query-input\":{\"@type\":\"PropertyValueSpecification\",\"valueRequired\":true,\"valueName\":\"search_term_string\"}}],\"inLanguage\":\"ru-RU\"},{\"@type\":\"Organization\",\"@id\":\"https:\\\/\\\/dexterlifts.com\\\/#organization\",\"name\":\"Dexter Lifts Oy\",\"url\":\"https:\\\/\\\/dexterlifts.com\\\/\",\"logo\":{\"@type\":\"ImageObject\",\"inLanguage\":\"ru-RU\",\"@id\":\"https:\\\/\\\/dexterlifts.com\\\/#\\\/schema\\\/logo\\\/image\\\/\",\"url\":\"https:\\\/\\\/dexterlifts.com\\\/wp-content\\\/uploads\\\/2020\\\/05\\\/dexterlifts-logo-4-scale.jpg\",\"contentUrl\":\"https:\\\/\\\/dexterlifts.com\\\/wp-content\\\/uploads\\\/2020\\\/05\\\/dexterlifts-logo-4-scale.jpg\",\"width\":1000,\"height\":670,\"caption\":\"Dexter Lifts Oy\"},\"image\":{\"@id\":\"https:\\\/\\\/dexterlifts.com\\\/#\\\/schema\\\/logo\\\/image\\\/\"}}]}<\/script>\n<!-- \/ Yoast SEO plugin. -->","yoast_head_json":{"title":"\u041f\u0435\u0440\u0441\u043e\u043d\u0430\u043b\u044c\u043d\u044b\u0435 \u043f\u043e\u0434\u044a\u0435\u043c\u043d\u0438\u043a\u0438 - Korkealaatuiset Dexter-henkil\u00f6nostimet","robots":{"index":"index","follow":"follow","max-snippet":"max-snippet:-1","max-image-preview":"max-image-preview:large","max-video-preview":"max-video-preview:-1"},"canonical":"https:\/\/dexterlifts.com\/ru\/henkilonostimet\/","og_locale":"ru_RU","og_type":"article","og_title":"\u041f\u0435\u0440\u0441\u043e\u043d\u0430\u043b\u044c\u043d\u044b\u0435 \u043f\u043e\u0434\u044a\u0435\u043c\u043d\u0438\u043a\u0438 - Korkealaatuiset Dexter-henkil\u00f6nostimet","og_description":"\u0415\u0441\u043b\u0438 \u0432\u0430\u0448 \u0442\u0435\u043a\u0443\u0449\u0438\u0439 \u043b\u0438\u0447\u043d\u044b\u0439 \u043f\u043e\u0434\u044a\u0435\u043c\u043d\u0438\u043a \u0443\u0436\u0435 \u043d\u0435 \u0441\u043e\u043e\u0442\u0432\u0435\u0442\u0441\u0442\u0432\u0443\u0435\u0442 \u0432\u0430\u0448\u0438\u043c \u043f\u043e\u0442\u0440\u0435\u0431\u043d\u043e\u0441\u0442\u044f\u043c, \u0432\u0430\u043c \u0441\u0442\u043e\u0438\u0442 \u043e\u0437\u043d\u0430\u043a\u043e\u043c\u0438\u0442\u044c\u0441\u044f \u0441 \u043d\u043e\u0432\u044b\u043c\u0438 \u043c\u043e\u0434\u0435\u043b\u044f\u043c\u0438 \u043d\u0430\u0448\u0435\u0433\u043e \u043f\u0440\u043e\u0438\u0437\u0432\u043e\u0434\u0441\u0442\u0432\u0430. \u0415\u0441\u043b\u0438, \u0441 \u0434\u0440\u0443\u0433\u043e\u0439 \u0441\u0442\u043e\u0440\u043e\u043d\u044b, \u0432\u044b \u0438\u0449\u0435\u0442\u0435 \u0431\u043e\u043b\u0435\u0435 \u0434\u043e\u0441\u0442\u0443\u043f\u043d\u043e\u0435 \u0440\u0435\u0448\u0435\u043d\u0438\u0435 \u0434\u043b\u044f \u0432\u0430\u0448\u0438\u0445 \u043b\u0438\u0447\u043d\u044b\u0445 \u043f\u043e\u0434\u044a\u0435\u043c\u043d\u044b\u0445 \u043d\u0443\u0436\u0434, \u0432\u044b \u0442\u0430\u043a\u0436\u0435 \u043d\u0430\u0439\u0434\u0435\u0442\u0435 \u0441\u043f\u0438\u0441\u043e\u043a \u0431\u044b\u0432\u0448\u0438\u0445 \u0432 \u0443\u043f\u043e\u0442\u0440\u0435\u0431\u043b\u0435\u043d\u0438\u0438 \u043f\u043e\u0434\u044a\u0435\u043c\u043d\u0438\u043a\u043e\u0432, \u043a\u043e\u0442\u043e\u0440\u044b\u0435 \u043c\u044b \u0432 \u043d\u0430\u0441\u0442\u043e\u044f\u0449\u0435\u0435 \u0432\u0440\u0435\u043c\u044f \u043f\u0440\u043e\u0434\u0430\u0435\u043c. \u0412\u0441\u0435 \u043f\u0435\u0440\u0441\u043e\u043d\u0430\u043b\u044c\u043d\u044b\u0435 \u043f\u043e\u0434\u044a\u0435\u043c\u043d\u0438\u043a\u0438, \u043a\u043e\u0442\u043e\u0440\u044b\u0435 \u043c\u044b \u043f\u0440\u043e\u0434\u0430\u0435\u043c, \u043f\u0440\u043e\u0432\u0435\u0440\u044f\u044e\u0442\u0441\u044f \u0438 \u043e\u0431\u0441\u043b\u0443\u0436\u0438\u0432\u0430\u044e\u0442\u0441\u044f [&hellip;]","og_url":"https:\/\/dexterlifts.com\/ru\/henkilonostimet\/","og_site_name":"Korkealaatuiset Dexter-henkil\u00f6nostimet","article_modified_time":"2022-10-19T13:17:07+00:00","twitter_card":"summary_large_image","twitter_misc":{"\u041f\u0440\u0438\u043c\u0435\u0440\u043d\u043e\u0435 \u0432\u0440\u0435\u043c\u044f \u0434\u043b\u044f \u0447\u0442\u0435\u043d\u0438\u044f":"1 \u043c\u0438\u043d\u0443\u0442\u0430"},"schema":{"@context":"https:\/\/schema.org","@graph":[{"@type":"WebPage","@id":"https:\/\/dexterlifts.com\/ru\/henkilonostimet\/","url":"https:\/\/dexterlifts.com\/ru\/henkilonostimet\/","name":"\u041f\u0435\u0440\u0441\u043e\u043d\u0430\u043b\u044c\u043d\u044b\u0435 \u043f\u043e\u0434\u044a\u0435\u043c\u043d\u0438\u043a\u0438 - Korkealaatuiset Dexter-henkil\u00f6nostimet","isPartOf":{"@id":"https:\/\/dexterlifts.com\/#website"},"datePublished":"2020-06-22T08:40:10+00:00","dateModified":"2022-10-19T13:17:07+00:00","breadcrumb":{"@id":"https:\/\/dexterlifts.com\/ru\/henkilonostimet\/#breadcrumb"},"inLanguage":"ru-RU","potentialAction":[{"@type":"ReadAction","target":["https:\/\/dexterlifts.com\/ru\/henkilonostimet\/"]}]},{"@type":"BreadcrumbList","@id":"https:\/\/dexterlifts.com\/ru\/henkilonostimet\/#breadcrumb","itemListElement":[{"@type":"ListItem","position":1,"name":"Home","item":"https:\/\/dexterlifts.com\/ru\/"},{"@type":"ListItem","position":2,"name":"\u041f\u0435\u0440\u0441\u043e\u043d\u0430\u043b\u044c\u043d\u044b\u0435 \u043f\u043e\u0434\u044a\u0435\u043c\u043d\u0438\u043a\u0438"}]},{"@type":"WebSite","@id":"https:\/\/dexterlifts.com\/#website","url":"https:\/\/dexterlifts.com\/","name":"Dexter Lifts Oy - Dexter henkil\u00f6nostimet","description":"Suomalaisia korkealaatuisia Dexter-henkil\u00f6nostimia monipuolisiin k\u00e4ytt\u00f6tarkoituksiin.","publisher":{"@id":"https:\/\/dexterlifts.com\/#organization"},"potentialAction":[{"@type":"SearchAction","target":{"@type":"EntryPoint","urlTemplate":"https:\/\/dexterlifts.com\/?s={search_term_string}"},"query-input":{"@type":"PropertyValueSpecification","valueRequired":true,"valueName":"search_term_string"}}],"inLanguage":"ru-RU"},{"@type":"Organization","@id":"https:\/\/dexterlifts.com\/#organization","name":"Dexter Lifts Oy","url":"https:\/\/dexterlifts.com\/","logo":{"@type":"ImageObject","inLanguage":"ru-RU","@id":"https:\/\/dexterlifts.com\/#\/schema\/logo\/image\/","url":"https:\/\/dexterlifts.com\/wp-content\/uploads\/2020\/05\/dexterlifts-logo-4-scale.jpg","contentUrl":"https:\/\/dexterlifts.com\/wp-content\/uploads\/2020\/05\/dexterlifts-logo-4-scale.jpg","width":1000,"height":670,"caption":"Dexter Lifts Oy"},"image":{"@id":"https:\/\/dexterlifts.com\/#\/schema\/logo\/image\/"}}]}},"_links":{"self":[{"href":"https:\/\/dexterlifts.com\/ru\/wp-json\/wp\/v2\/pages\/34858","targetHints":{"allow":["GET"]}}],"collection":[{"href":"https:\/\/dexterlifts.com\/ru\/wp-json\/wp\/v2\/pages"}],"about":[{"href":"https:\/\/dexterlifts.com\/ru\/wp-json\/wp\/v2\/types\/page"}],"author":[{"embeddable":true,"href":"https:\/\/dexterlifts.com\/ru\/wp-json\/wp\/v2\/users\/3"}],"replies":[{"embeddable":true,"href":"https:\/\/dexterlifts.com\/ru\/wp-json\/wp\/v2\/comments?post=34858"}],"version-history":[{"count":14,"href":"https:\/\/dexterlifts.com\/ru\/wp-json\/wp\/v2\/pages\/34858\/revisions"}],"predecessor-version":[{"id":40304,"href":"https:\/\/dexterlifts.com\/ru\/wp-json\/wp\/v2\/pages\/34858\/revisions\/40304"}],"wp:attachment":[{"href":"https:\/\/dexterlifts.com\/ru\/wp-json\/wp\/v2\/media?parent=34858"}],"curies":[{"name":"wp","href":"https:\/\/api.w.org\/{rel}","templated":true}]}}