{"id":34801,"date":"2020-08-14T08:11:04","date_gmt":"2020-08-14T08:11:04","guid":{"rendered":"https:\/\/dexterlifts.com\/jalleenmyyjat\/"},"modified":"2022-10-19T16:10:53","modified_gmt":"2022-10-19T13:10:53","slug":"jalleenmyyjat","status":"publish","type":"page","link":"https:\/\/dexterlifts.com\/ru\/jalleenmyyjat\/","title":{"rendered":"\u0420\u043e\u0437\u043d\u0438\u0447\u043d\u044b\u0435 \u043f\u0440\u043e\u0434\u0430\u0432\u0446\u044b"},"content":{"rendered":"<p>[et_pb_section fb_built=&#187;1&#8243; fullwidth=&#187;on&#187; _builder_version=&#187;4.17.4&#8243; _module_preset=&#187;default&#187; background_color=&#187;#FFFFFF&#187; hover_enabled=&#187;0&#8243; global_colors_info=&#187;{}&#187; sticky_enabled=&#187;0&#8243;][et_pb_fullwidth_header title=&#187;\u0414\u0418\u041b\u0415\u0420\u042b&#187; _builder_version=&#187;4.17.4&#8243; _module_preset=&#187;default&#187; background_color=&#187;#383E42&#8243; min_height=&#187;86px&#187; custom_padding=&#187;20px||20px||false|false&#187; hover_enabled=&#187;0&#8243; border_color_all=&#187;#FFFFFF&#187; global_colors_info=&#187;{}&#187; sticky_enabled=&#187;0&#8243;][\/et_pb_fullwidth_header][\/et_pb_section][et_pb_section fb_built=&#187;1&#8243; _builder_version=&#187;4.16&#8243; _module_preset=&#187;default&#187; global_colors_info=&#187;{}&#187;][et_pb_row _builder_version=&#187;4.16&#8243; _module_preset=&#187;default&#187; global_colors_info=&#187;{}&#187;][et_pb_column type=&#187;4_4&#8243; _builder_version=&#187;4.16&#8243; _module_preset=&#187;default&#187; global_colors_info=&#187;{}&#187;][et_pb_accordion db_closeable=&#187;on&#187; db_initial_state=&#187;all_closed&#187; _builder_version=&#187;4.16&#8243; _module_preset=&#187;default&#187; toggle_font=&#187;|700|||||||&#187; toggle_font_size=&#187;22px&#187; global_colors_info=&#187;{}&#187;][et_pb_accordion_item title=&#187;\u0415\u0412\u0420\u041e\u041f\u0410&#187; open=&#187;on&#187; _builder_version=&#187;4.16&#8243; _module_preset=&#187;default&#187; global_colors_info=&#187;{}&#187;]<img decoding=\"async\" class=\"wp-image-34757 alignleft\" src=\"https:\/\/dexterlifts.com\/wp-content\/uploads\/2020\/08\/norway.png\" alt=\"\" width=\"74\" height=\"74\"><br \/>\n<strong>SCANLIFT MASKIN AS.<\/strong> Larsamyra 16 \u2013 4313 Sandnes<br \/>\nMob: 913 43 902 &#8212; E-mail: <a href=\"mailto:ojh@scanliftmaskin.no\">ojh@scanliftmaskin.no<\/a> Web: <a href=\"http:\/\/www.scanliftmaskin.no\/\">www.scanliftmaskin.no<\/a><\/p>\n<p><img decoding=\"async\" class=\"wp-image-35796 alignleft\" src=\"https:\/\/dexterlifts.com\/wp-content\/uploads\/2020\/09\/Ruotsinlippu.jpg\" alt=\"\" width=\"73\" height=\"44\"><strong>Wiggs Maskiner AB, <\/strong>Brudtallsv\u00e4gen 18, 792 32 Mora, Org: 556735-1019, Tel: 0250-125 30<br \/>\nEmail: <u><a href=\"mailto:per@wiggsmaskiner.se\">per@wiggsmaskiner.se <\/a><\/u>(08.00-18.00 M\u00e5n \u2013 Fre) (10.00-14.00 L\u00f6r)[\/et_pb_accordion_item][\/et_pb_accordion][\/et_pb_column][\/et_pb_row][\/et_pb_section]<\/p>\n","protected":false},"excerpt":{"rendered":"<p>SCANLIFT MASKIN AS. Larsamyra 16 \u2013 4313 Sandnes Mob: 913 43 902 &#8212; E-mail: ojh@scanliftmaskin.no Web: www.scanliftmaskin.no Wiggs Maskiner AB, Brudtallsv\u00e4gen 18, 792 32 Mora, Org: 556735-1019, Tel: 0250-125 30 Email: per@wiggsmaskiner.se (08.00-18.00 M\u00e5n \u2013 Fre) (10.00-14.00 L\u00f6r)<\/p>\n","protected":false},"author":1,"featured_media":0,"parent":0,"menu_order":0,"comment_status":"closed","ping_status":"closed","template":"","meta":{"_et_pb_use_builder":"on","_et_pb_old_content":"","_et_gb_content_width":"","footnotes":""},"class_list":["post-34801","page","type-page","status-publish","hentry"],"yoast_head":"<!-- This site is optimized with the Yoast SEO plugin v27.5 - https:\/\/yoast.com\/product\/yoast-seo-wordpress\/ -->\n<title>\u0420\u043e\u0437\u043d\u0438\u0447\u043d\u044b\u0435 \u043f\u0440\u043e\u0434\u0430\u0432\u0446\u044b - Korkealaatuiset Dexter-henkil\u00f6nostimet<\/title>\n<meta name=\"robots\" content=\"index, follow, max-snippet:-1, max-image-preview:large, max-video-preview:-1\" \/>\n<link rel=\"canonical\" href=\"https:\/\/dexterlifts.com\/ru\/jalleenmyyjat\/\" \/>\n<meta property=\"og:locale\" content=\"ru_RU\" \/>\n<meta property=\"og:type\" content=\"article\" \/>\n<meta property=\"og:title\" content=\"\u0420\u043e\u0437\u043d\u0438\u0447\u043d\u044b\u0435 \u043f\u0440\u043e\u0434\u0430\u0432\u0446\u044b - Korkealaatuiset Dexter-henkil\u00f6nostimet\" \/>\n<meta property=\"og:description\" content=\"SCANLIFT MASKIN AS. Larsamyra 16 \u2013 4313 Sandnes Mob: 913 43 902 - E-mail: ojh@scanliftmaskin.no Web: www.scanliftmaskin.no Wiggs Maskiner AB, Brudtallsv\u00e4gen 18, 792 32 Mora, Org: 556735-1019, Tel: 0250-125 30 Email: per@wiggsmaskiner.se (08.00-18.00 M\u00e5n \u2013 Fre) (10.00-14.00 L\u00f6r)\" \/>\n<meta property=\"og:url\" content=\"https:\/\/dexterlifts.com\/ru\/jalleenmyyjat\/\" \/>\n<meta property=\"og:site_name\" content=\"Korkealaatuiset Dexter-henkil\u00f6nostimet\" \/>\n<meta property=\"article:modified_time\" content=\"2022-10-19T13:10:53+00:00\" \/>\n<meta property=\"og:image\" content=\"https:\/\/dexterlifts.com\/wp-content\/uploads\/2020\/08\/norway.png\" \/>\n<meta name=\"twitter:card\" content=\"summary_large_image\" \/>\n<meta name=\"twitter:label1\" content=\"\u041f\u0440\u0438\u043c\u0435\u0440\u043d\u043e\u0435 \u0432\u0440\u0435\u043c\u044f \u0434\u043b\u044f \u0447\u0442\u0435\u043d\u0438\u044f\" \/>\n\t<meta name=\"twitter:data1\" content=\"1 \u043c\u0438\u043d\u0443\u0442\u0430\" \/>\n<script type=\"application\/ld+json\" class=\"yoast-schema-graph\">{\"@context\":\"https:\\\/\\\/schema.org\",\"@graph\":[{\"@type\":\"WebPage\",\"@id\":\"https:\\\/\\\/dexterlifts.com\\\/ru\\\/jalleenmyyjat\\\/\",\"url\":\"https:\\\/\\\/dexterlifts.com\\\/ru\\\/jalleenmyyjat\\\/\",\"name\":\"\u0420\u043e\u0437\u043d\u0438\u0447\u043d\u044b\u0435 \u043f\u0440\u043e\u0434\u0430\u0432\u0446\u044b - Korkealaatuiset Dexter-henkil\u00f6nostimet\",\"isPartOf\":{\"@id\":\"https:\\\/\\\/dexterlifts.com\\\/#website\"},\"primaryImageOfPage\":{\"@id\":\"https:\\\/\\\/dexterlifts.com\\\/ru\\\/jalleenmyyjat\\\/#primaryimage\"},\"image\":{\"@id\":\"https:\\\/\\\/dexterlifts.com\\\/ru\\\/jalleenmyyjat\\\/#primaryimage\"},\"thumbnailUrl\":\"https:\\\/\\\/dexterlifts.com\\\/wp-content\\\/uploads\\\/2020\\\/08\\\/norway.png\",\"datePublished\":\"2020-08-14T08:11:04+00:00\",\"dateModified\":\"2022-10-19T13:10:53+00:00\",\"breadcrumb\":{\"@id\":\"https:\\\/\\\/dexterlifts.com\\\/ru\\\/jalleenmyyjat\\\/#breadcrumb\"},\"inLanguage\":\"ru-RU\",\"potentialAction\":[{\"@type\":\"ReadAction\",\"target\":[\"https:\\\/\\\/dexterlifts.com\\\/ru\\\/jalleenmyyjat\\\/\"]}]},{\"@type\":\"ImageObject\",\"inLanguage\":\"ru-RU\",\"@id\":\"https:\\\/\\\/dexterlifts.com\\\/ru\\\/jalleenmyyjat\\\/#primaryimage\",\"url\":\"https:\\\/\\\/dexterlifts.com\\\/wp-content\\\/uploads\\\/2020\\\/08\\\/norway.png\",\"contentUrl\":\"https:\\\/\\\/dexterlifts.com\\\/wp-content\\\/uploads\\\/2020\\\/08\\\/norway.png\"},{\"@type\":\"BreadcrumbList\",\"@id\":\"https:\\\/\\\/dexterlifts.com\\\/ru\\\/jalleenmyyjat\\\/#breadcrumb\",\"itemListElement\":[{\"@type\":\"ListItem\",\"position\":1,\"name\":\"Home\",\"item\":\"https:\\\/\\\/dexterlifts.com\\\/ru\\\/\"},{\"@type\":\"ListItem\",\"position\":2,\"name\":\"\u0420\u043e\u0437\u043d\u0438\u0447\u043d\u044b\u0435 \u043f\u0440\u043e\u0434\u0430\u0432\u0446\u044b\"}]},{\"@type\":\"WebSite\",\"@id\":\"https:\\\/\\\/dexterlifts.com\\\/#website\",\"url\":\"https:\\\/\\\/dexterlifts.com\\\/\",\"name\":\"Dexter Lifts Oy - Dexter henkil\u00f6nostimet\",\"description\":\"Suomalaisia korkealaatuisia Dexter-henkil\u00f6nostimia monipuolisiin k\u00e4ytt\u00f6tarkoituksiin.\",\"publisher\":{\"@id\":\"https:\\\/\\\/dexterlifts.com\\\/#organization\"},\"potentialAction\":[{\"@type\":\"SearchAction\",\"target\":{\"@type\":\"EntryPoint\",\"urlTemplate\":\"https:\\\/\\\/dexterlifts.com\\\/?s={search_term_string}\"},\"query-input\":{\"@type\":\"PropertyValueSpecification\",\"valueRequired\":true,\"valueName\":\"search_term_string\"}}],\"inLanguage\":\"ru-RU\"},{\"@type\":\"Organization\",\"@id\":\"https:\\\/\\\/dexterlifts.com\\\/#organization\",\"name\":\"Dexter Lifts Oy\",\"url\":\"https:\\\/\\\/dexterlifts.com\\\/\",\"logo\":{\"@type\":\"ImageObject\",\"inLanguage\":\"ru-RU\",\"@id\":\"https:\\\/\\\/dexterlifts.com\\\/#\\\/schema\\\/logo\\\/image\\\/\",\"url\":\"https:\\\/\\\/dexterlifts.com\\\/wp-content\\\/uploads\\\/2020\\\/05\\\/dexterlifts-logo-4-scale.jpg\",\"contentUrl\":\"https:\\\/\\\/dexterlifts.com\\\/wp-content\\\/uploads\\\/2020\\\/05\\\/dexterlifts-logo-4-scale.jpg\",\"width\":1000,\"height\":670,\"caption\":\"Dexter Lifts Oy\"},\"image\":{\"@id\":\"https:\\\/\\\/dexterlifts.com\\\/#\\\/schema\\\/logo\\\/image\\\/\"}}]}<\/script>\n<!-- \/ Yoast SEO plugin. -->","yoast_head_json":{"title":"\u0420\u043e\u0437\u043d\u0438\u0447\u043d\u044b\u0435 \u043f\u0440\u043e\u0434\u0430\u0432\u0446\u044b - Korkealaatuiset Dexter-henkil\u00f6nostimet","robots":{"index":"index","follow":"follow","max-snippet":"max-snippet:-1","max-image-preview":"max-image-preview:large","max-video-preview":"max-video-preview:-1"},"canonical":"https:\/\/dexterlifts.com\/ru\/jalleenmyyjat\/","og_locale":"ru_RU","og_type":"article","og_title":"\u0420\u043e\u0437\u043d\u0438\u0447\u043d\u044b\u0435 \u043f\u0440\u043e\u0434\u0430\u0432\u0446\u044b - Korkealaatuiset Dexter-henkil\u00f6nostimet","og_description":"SCANLIFT MASKIN AS. Larsamyra 16 \u2013 4313 Sandnes Mob: 913 43 902 - E-mail: ojh@scanliftmaskin.no Web: www.scanliftmaskin.no Wiggs Maskiner AB, Brudtallsv\u00e4gen 18, 792 32 Mora, Org: 556735-1019, Tel: 0250-125 30 Email: per@wiggsmaskiner.se (08.00-18.00 M\u00e5n \u2013 Fre) (10.00-14.00 L\u00f6r)","og_url":"https:\/\/dexterlifts.com\/ru\/jalleenmyyjat\/","og_site_name":"Korkealaatuiset Dexter-henkil\u00f6nostimet","article_modified_time":"2022-10-19T13:10:53+00:00","og_image":[{"url":"https:\/\/dexterlifts.com\/wp-content\/uploads\/2020\/08\/norway.png","type":"","width":"","height":""}],"twitter_card":"summary_large_image","twitter_misc":{"\u041f\u0440\u0438\u043c\u0435\u0440\u043d\u043e\u0435 \u0432\u0440\u0435\u043c\u044f \u0434\u043b\u044f \u0447\u0442\u0435\u043d\u0438\u044f":"1 \u043c\u0438\u043d\u0443\u0442\u0430"},"schema":{"@context":"https:\/\/schema.org","@graph":[{"@type":"WebPage","@id":"https:\/\/dexterlifts.com\/ru\/jalleenmyyjat\/","url":"https:\/\/dexterlifts.com\/ru\/jalleenmyyjat\/","name":"\u0420\u043e\u0437\u043d\u0438\u0447\u043d\u044b\u0435 \u043f\u0440\u043e\u0434\u0430\u0432\u0446\u044b - Korkealaatuiset Dexter-henkil\u00f6nostimet","isPartOf":{"@id":"https:\/\/dexterlifts.com\/#website"},"primaryImageOfPage":{"@id":"https:\/\/dexterlifts.com\/ru\/jalleenmyyjat\/#primaryimage"},"image":{"@id":"https:\/\/dexterlifts.com\/ru\/jalleenmyyjat\/#primaryimage"},"thumbnailUrl":"https:\/\/dexterlifts.com\/wp-content\/uploads\/2020\/08\/norway.png","datePublished":"2020-08-14T08:11:04+00:00","dateModified":"2022-10-19T13:10:53+00:00","breadcrumb":{"@id":"https:\/\/dexterlifts.com\/ru\/jalleenmyyjat\/#breadcrumb"},"inLanguage":"ru-RU","potentialAction":[{"@type":"ReadAction","target":["https:\/\/dexterlifts.com\/ru\/jalleenmyyjat\/"]}]},{"@type":"ImageObject","inLanguage":"ru-RU","@id":"https:\/\/dexterlifts.com\/ru\/jalleenmyyjat\/#primaryimage","url":"https:\/\/dexterlifts.com\/wp-content\/uploads\/2020\/08\/norway.png","contentUrl":"https:\/\/dexterlifts.com\/wp-content\/uploads\/2020\/08\/norway.png"},{"@type":"BreadcrumbList","@id":"https:\/\/dexterlifts.com\/ru\/jalleenmyyjat\/#breadcrumb","itemListElement":[{"@type":"ListItem","position":1,"name":"Home","item":"https:\/\/dexterlifts.com\/ru\/"},{"@type":"ListItem","position":2,"name":"\u0420\u043e\u0437\u043d\u0438\u0447\u043d\u044b\u0435 \u043f\u0440\u043e\u0434\u0430\u0432\u0446\u044b"}]},{"@type":"WebSite","@id":"https:\/\/dexterlifts.com\/#website","url":"https:\/\/dexterlifts.com\/","name":"Dexter Lifts Oy - Dexter henkil\u00f6nostimet","description":"Suomalaisia korkealaatuisia Dexter-henkil\u00f6nostimia monipuolisiin k\u00e4ytt\u00f6tarkoituksiin.","publisher":{"@id":"https:\/\/dexterlifts.com\/#organization"},"potentialAction":[{"@type":"SearchAction","target":{"@type":"EntryPoint","urlTemplate":"https:\/\/dexterlifts.com\/?s={search_term_string}"},"query-input":{"@type":"PropertyValueSpecification","valueRequired":true,"valueName":"search_term_string"}}],"inLanguage":"ru-RU"},{"@type":"Organization","@id":"https:\/\/dexterlifts.com\/#organization","name":"Dexter Lifts Oy","url":"https:\/\/dexterlifts.com\/","logo":{"@type":"ImageObject","inLanguage":"ru-RU","@id":"https:\/\/dexterlifts.com\/#\/schema\/logo\/image\/","url":"https:\/\/dexterlifts.com\/wp-content\/uploads\/2020\/05\/dexterlifts-logo-4-scale.jpg","contentUrl":"https:\/\/dexterlifts.com\/wp-content\/uploads\/2020\/05\/dexterlifts-logo-4-scale.jpg","width":1000,"height":670,"caption":"Dexter Lifts Oy"},"image":{"@id":"https:\/\/dexterlifts.com\/#\/schema\/logo\/image\/"}}]}},"_links":{"self":[{"href":"https:\/\/dexterlifts.com\/ru\/wp-json\/wp\/v2\/pages\/34801","targetHints":{"allow":["GET"]}}],"collection":[{"href":"https:\/\/dexterlifts.com\/ru\/wp-json\/wp\/v2\/pages"}],"about":[{"href":"https:\/\/dexterlifts.com\/ru\/wp-json\/wp\/v2\/types\/page"}],"author":[{"embeddable":true,"href":"https:\/\/dexterlifts.com\/ru\/wp-json\/wp\/v2\/users\/1"}],"replies":[{"embeddable":true,"href":"https:\/\/dexterlifts.com\/ru\/wp-json\/wp\/v2\/comments?post=34801"}],"version-history":[{"count":12,"href":"https:\/\/dexterlifts.com\/ru\/wp-json\/wp\/v2\/pages\/34801\/revisions"}],"predecessor-version":[{"id":40295,"href":"https:\/\/dexterlifts.com\/ru\/wp-json\/wp\/v2\/pages\/34801\/revisions\/40295"}],"wp:attachment":[{"href":"https:\/\/dexterlifts.com\/ru\/wp-json\/wp\/v2\/media?parent=34801"}],"curies":[{"name":"wp","href":"https:\/\/api.w.org\/{rel}","templated":true}]}}