{"id":34771,"date":"2020-06-22T10:14:55","date_gmt":"2020-06-22T10:14:55","guid":{"rendered":"https:\/\/dexterlifts.com\/kaytetyt-henkilonostimet\/"},"modified":"2021-11-09T09:54:19","modified_gmt":"2021-11-09T07:54:19","slug":"kaytetyt-henkilonostimet","status":"publish","type":"page","link":"https:\/\/dexterlifts.com\/ru\/henkilonostimet\/kaytetyt-henkilonostimet\/","title":{"rendered":"\u043f\u043e\u0434\u0435\u0440\u0436\u0430\u043d\u043d\u044b\u0435 \u0430\u0432\u0442\u043e\u0432\u044b\u0448\u043a\u0438"},"content":{"rendered":"<p>[et_pb_section fb_built=&#187;1&#8243; _builder_version=&#187;3.22&#8243; global_colors_info=&#187;{}&#187;][et_pb_row _builder_version=&#187;3.25&#8243; background_size=&#187;initial&#187; background_position=&#187;top_left&#187; background_repeat=&#187;repeat&#187; global_colors_info=&#187;{}&#187;][et_pb_column type=&#187;4_4&#8243; _builder_version=&#187;3.25&#8243; custom_padding=&#187;|||&#187; global_colors_info=&#187;{}&#187; custom_padding__hover=&#187;|||&#187;][et_pb_text _builder_version=&#187;4.5.8&#8243; background_size=&#187;initial&#187; background_position=&#187;top_left&#187; background_repeat=&#187;repeat&#187; global_colors_info=&#187;{}&#187;]<\/p>\n<h2>\u043f\u043e\u0434\u0435\u0440\u0436\u0430\u043d\u043d\u044b\u0435 \u0430\u0432\u0442\u043e\u0432\u044b\u0448\u043a\u0438<\/h2>\n<p>&nbsp;<\/p>\n<p>\u0423 \u043d\u0430\u0441 \u0435\u0441\u0442\u044c \u0432 \u043f\u0440\u043e\u0434\u0430\u0436\u0435 \u043d\u0435\u0441\u043a\u043e\u043b\u044c\u043a\u043e \u0440\u0430\u0437\u043b\u0438\u0447\u043d\u044b\u0445 \u043f\u043e\u0434\u0435\u0440\u0436\u0430\u043d\u043d\u044b\u0445 \u0430\u0432\u0442\u043e\u0432\u044b\u0448\u0435\u043a \u0441 \u0432\u044b\u0441\u043e\u0442\u043e\u0439 \u043f\u043e\u0434\u044a\u0435\u043c\u0430 \u043e\u0442 12 \u0434\u043e 25 \u043c.<\/p>\n<p><strong>\u0417\u0432\u043e\u043d\u0438\u0442\u0435 +358 44-3474480, \u0438 \u043c\u044b \u0432\u0430\u043c \u0440\u0430\u0441\u0441\u043a\u0430\u0436\u0435\u043c \u043f\u043e\u0434\u0440\u043e\u0431\u043d\u0435\u0435.<\/strong>[\/et_pb_text][et_pb_divider color=&#187;#343e42&#8243; divider_weight=&#187;3px&#187; _builder_version=&#187;4.5.8&#8243; _module_preset=&#187;default&#187; global_colors_info=&#187;{}&#187;][\/et_pb_divider][et_pb_blog_extras include_categories=&#187;30&#8243; blog_layout=&#187;block_extended&#187; use_read_more_button=&#187;on&#187; show_author=&#187;off&#187; show_date=&#187;off&#187; show_categories=&#187;off&#187; show_comments=&#187;off&#187; _builder_version=&#187;4.13.0&#8243; _module_preset=&#187;default&#187; hover_enabled=&#187;0&#8243; global_colors_info=&#187;{}&#187; no_results_text=&#187;\u0421\u0432\u044f\u0436\u0438\u0442\u0435\u0441\u044c \u0441 \u043d\u0430\u0448\u0438\u043c \u043e\u0442\u0434\u0435\u043b\u043e\u043c \u043f\u0440\u043e\u0434\u0430\u0436, \u0447\u0442\u043e\u0431\u044b \u0443\u0437\u043d\u0430\u0442\u044c \u0442\u0435\u043a\u0443\u0449\u0438\u0439 \u0441\u0442\u0430\u0442\u0443\u0441.&#187; sticky_enabled=&#187;0&#8243;][\/et_pb_blog_extras][\/et_pb_column][\/et_pb_row][\/et_pb_section]<\/p>\n","protected":false},"excerpt":{"rendered":"<p>\u043f\u043e\u0434\u0435\u0440\u0436\u0430\u043d\u043d\u044b\u0435 \u0430\u0432\u0442\u043e\u0432\u044b\u0448\u043a\u0438 &nbsp; \u0423 \u043d\u0430\u0441 \u0435\u0441\u0442\u044c \u0432 \u043f\u0440\u043e\u0434\u0430\u0436\u0435 \u043d\u0435\u0441\u043a\u043e\u043b\u044c\u043a\u043e \u0440\u0430\u0437\u043b\u0438\u0447\u043d\u044b\u0445 \u043f\u043e\u0434\u0435\u0440\u0436\u0430\u043d\u043d\u044b\u0445 \u0430\u0432\u0442\u043e\u0432\u044b\u0448\u0435\u043a \u0441 \u0432\u044b\u0441\u043e\u0442\u043e\u0439 \u043f\u043e\u0434\u044a\u0435\u043c\u0430 \u043e\u0442 12 \u0434\u043e 25 \u043c. \u0417\u0432\u043e\u043d\u0438\u0442\u0435 +358 44-3474480, \u0438 \u043c\u044b \u0432\u0430\u043c \u0440\u0430\u0441\u0441\u043a\u0430\u0436\u0435\u043c \u043f\u043e\u0434\u0440\u043e\u0431\u043d\u0435\u0435.<\/p>\n","protected":false},"author":3,"featured_media":0,"parent":34858,"menu_order":0,"comment_status":"closed","ping_status":"closed","template":"","meta":{"_et_pb_use_builder":"on","_et_pb_old_content":"","_et_gb_content_width":"","footnotes":""},"class_list":["post-34771","page","type-page","status-publish","hentry"],"yoast_head":"<!-- This site is optimized with the Yoast SEO plugin v27.4 - https:\/\/yoast.com\/product\/yoast-seo-wordpress\/ -->\n<title>\u043f\u043e\u0434\u0435\u0440\u0436\u0430\u043d\u043d\u044b\u0435 \u0430\u0432\u0442\u043e\u0432\u044b\u0448\u043a\u0438 - Korkealaatuiset Dexter-henkil\u00f6nostimet<\/title>\n<meta name=\"robots\" content=\"index, follow, max-snippet:-1, max-image-preview:large, max-video-preview:-1\" \/>\n<link rel=\"canonical\" href=\"https:\/\/dexterlifts.com\/ru\/henkilonostimet\/kaytetyt-henkilonostimet\/\" \/>\n<meta property=\"og:locale\" content=\"ru_RU\" \/>\n<meta property=\"og:type\" content=\"article\" \/>\n<meta property=\"og:title\" content=\"\u043f\u043e\u0434\u0435\u0440\u0436\u0430\u043d\u043d\u044b\u0435 \u0430\u0432\u0442\u043e\u0432\u044b\u0448\u043a\u0438 - Korkealaatuiset Dexter-henkil\u00f6nostimet\" \/>\n<meta property=\"og:description\" content=\"\u043f\u043e\u0434\u0435\u0440\u0436\u0430\u043d\u043d\u044b\u0435 \u0430\u0432\u0442\u043e\u0432\u044b\u0448\u043a\u0438 &nbsp; \u0423 \u043d\u0430\u0441 \u0435\u0441\u0442\u044c \u0432 \u043f\u0440\u043e\u0434\u0430\u0436\u0435 \u043d\u0435\u0441\u043a\u043e\u043b\u044c\u043a\u043e \u0440\u0430\u0437\u043b\u0438\u0447\u043d\u044b\u0445 \u043f\u043e\u0434\u0435\u0440\u0436\u0430\u043d\u043d\u044b\u0445 \u0430\u0432\u0442\u043e\u0432\u044b\u0448\u0435\u043a \u0441 \u0432\u044b\u0441\u043e\u0442\u043e\u0439 \u043f\u043e\u0434\u044a\u0435\u043c\u0430 \u043e\u0442 12 \u0434\u043e 25 \u043c. \u0417\u0432\u043e\u043d\u0438\u0442\u0435 +358 44-3474480, \u0438 \u043c\u044b \u0432\u0430\u043c \u0440\u0430\u0441\u0441\u043a\u0430\u0436\u0435\u043c \u043f\u043e\u0434\u0440\u043e\u0431\u043d\u0435\u0435.\" \/>\n<meta property=\"og:url\" content=\"https:\/\/dexterlifts.com\/ru\/henkilonostimet\/kaytetyt-henkilonostimet\/\" \/>\n<meta property=\"og:site_name\" content=\"Korkealaatuiset Dexter-henkil\u00f6nostimet\" \/>\n<meta property=\"article:modified_time\" content=\"2021-11-09T07:54:19+00:00\" \/>\n<meta name=\"twitter:card\" content=\"summary_large_image\" \/>\n<meta name=\"twitter:label1\" content=\"\u041f\u0440\u0438\u043c\u0435\u0440\u043d\u043e\u0435 \u0432\u0440\u0435\u043c\u044f \u0434\u043b\u044f \u0447\u0442\u0435\u043d\u0438\u044f\" \/>\n\t<meta name=\"twitter:data1\" content=\"1 \u043c\u0438\u043d\u0443\u0442\u0430\" \/>\n<script type=\"application\/ld+json\" class=\"yoast-schema-graph\">{\"@context\":\"https:\\\/\\\/schema.org\",\"@graph\":[{\"@type\":\"WebPage\",\"@id\":\"https:\\\/\\\/dexterlifts.com\\\/ru\\\/henkilonostimet\\\/kaytetyt-henkilonostimet\\\/\",\"url\":\"https:\\\/\\\/dexterlifts.com\\\/ru\\\/henkilonostimet\\\/kaytetyt-henkilonostimet\\\/\",\"name\":\"\u043f\u043e\u0434\u0435\u0440\u0436\u0430\u043d\u043d\u044b\u0435 \u0430\u0432\u0442\u043e\u0432\u044b\u0448\u043a\u0438 - Korkealaatuiset Dexter-henkil\u00f6nostimet\",\"isPartOf\":{\"@id\":\"https:\\\/\\\/dexterlifts.com\\\/#website\"},\"datePublished\":\"2020-06-22T10:14:55+00:00\",\"dateModified\":\"2021-11-09T07:54:19+00:00\",\"breadcrumb\":{\"@id\":\"https:\\\/\\\/dexterlifts.com\\\/ru\\\/henkilonostimet\\\/kaytetyt-henkilonostimet\\\/#breadcrumb\"},\"inLanguage\":\"ru-RU\",\"potentialAction\":[{\"@type\":\"ReadAction\",\"target\":[\"https:\\\/\\\/dexterlifts.com\\\/ru\\\/henkilonostimet\\\/kaytetyt-henkilonostimet\\\/\"]}]},{\"@type\":\"BreadcrumbList\",\"@id\":\"https:\\\/\\\/dexterlifts.com\\\/ru\\\/henkilonostimet\\\/kaytetyt-henkilonostimet\\\/#breadcrumb\",\"itemListElement\":[{\"@type\":\"ListItem\",\"position\":1,\"name\":\"Home\",\"item\":\"https:\\\/\\\/dexterlifts.com\\\/ru\\\/\"},{\"@type\":\"ListItem\",\"position\":2,\"name\":\"\u041f\u0435\u0440\u0441\u043e\u043d\u0430\u043b\u044c\u043d\u044b\u0435 \u043f\u043e\u0434\u044a\u0435\u043c\u043d\u0438\u043a\u0438\",\"item\":\"https:\\\/\\\/dexterlifts.com\\\/ru\\\/henkilonostimet\\\/\"},{\"@type\":\"ListItem\",\"position\":3,\"name\":\"\u043f\u043e\u0434\u0435\u0440\u0436\u0430\u043d\u043d\u044b\u0435 \u0430\u0432\u0442\u043e\u0432\u044b\u0448\u043a\u0438\"}]},{\"@type\":\"WebSite\",\"@id\":\"https:\\\/\\\/dexterlifts.com\\\/#website\",\"url\":\"https:\\\/\\\/dexterlifts.com\\\/\",\"name\":\"Dexter Lifts Oy - Dexter henkil\u00f6nostimet\",\"description\":\"Suomalaisia korkealaatuisia Dexter-henkil\u00f6nostimia monipuolisiin k\u00e4ytt\u00f6tarkoituksiin.\",\"publisher\":{\"@id\":\"https:\\\/\\\/dexterlifts.com\\\/#organization\"},\"potentialAction\":[{\"@type\":\"SearchAction\",\"target\":{\"@type\":\"EntryPoint\",\"urlTemplate\":\"https:\\\/\\\/dexterlifts.com\\\/?s={search_term_string}\"},\"query-input\":{\"@type\":\"PropertyValueSpecification\",\"valueRequired\":true,\"valueName\":\"search_term_string\"}}],\"inLanguage\":\"ru-RU\"},{\"@type\":\"Organization\",\"@id\":\"https:\\\/\\\/dexterlifts.com\\\/#organization\",\"name\":\"Dexter Lifts Oy\",\"url\":\"https:\\\/\\\/dexterlifts.com\\\/\",\"logo\":{\"@type\":\"ImageObject\",\"inLanguage\":\"ru-RU\",\"@id\":\"https:\\\/\\\/dexterlifts.com\\\/#\\\/schema\\\/logo\\\/image\\\/\",\"url\":\"https:\\\/\\\/dexterlifts.com\\\/wp-content\\\/uploads\\\/2020\\\/05\\\/dexterlifts-logo-4-scale.jpg\",\"contentUrl\":\"https:\\\/\\\/dexterlifts.com\\\/wp-content\\\/uploads\\\/2020\\\/05\\\/dexterlifts-logo-4-scale.jpg\",\"width\":1000,\"height\":670,\"caption\":\"Dexter Lifts Oy\"},\"image\":{\"@id\":\"https:\\\/\\\/dexterlifts.com\\\/#\\\/schema\\\/logo\\\/image\\\/\"}}]}<\/script>\n<!-- \/ Yoast SEO plugin. -->","yoast_head_json":{"title":"\u043f\u043e\u0434\u0435\u0440\u0436\u0430\u043d\u043d\u044b\u0435 \u0430\u0432\u0442\u043e\u0432\u044b\u0448\u043a\u0438 - Korkealaatuiset Dexter-henkil\u00f6nostimet","robots":{"index":"index","follow":"follow","max-snippet":"max-snippet:-1","max-image-preview":"max-image-preview:large","max-video-preview":"max-video-preview:-1"},"canonical":"https:\/\/dexterlifts.com\/ru\/henkilonostimet\/kaytetyt-henkilonostimet\/","og_locale":"ru_RU","og_type":"article","og_title":"\u043f\u043e\u0434\u0435\u0440\u0436\u0430\u043d\u043d\u044b\u0435 \u0430\u0432\u0442\u043e\u0432\u044b\u0448\u043a\u0438 - Korkealaatuiset Dexter-henkil\u00f6nostimet","og_description":"\u043f\u043e\u0434\u0435\u0440\u0436\u0430\u043d\u043d\u044b\u0435 \u0430\u0432\u0442\u043e\u0432\u044b\u0448\u043a\u0438 &nbsp; \u0423 \u043d\u0430\u0441 \u0435\u0441\u0442\u044c \u0432 \u043f\u0440\u043e\u0434\u0430\u0436\u0435 \u043d\u0435\u0441\u043a\u043e\u043b\u044c\u043a\u043e \u0440\u0430\u0437\u043b\u0438\u0447\u043d\u044b\u0445 \u043f\u043e\u0434\u0435\u0440\u0436\u0430\u043d\u043d\u044b\u0445 \u0430\u0432\u0442\u043e\u0432\u044b\u0448\u0435\u043a \u0441 \u0432\u044b\u0441\u043e\u0442\u043e\u0439 \u043f\u043e\u0434\u044a\u0435\u043c\u0430 \u043e\u0442 12 \u0434\u043e 25 \u043c. \u0417\u0432\u043e\u043d\u0438\u0442\u0435 +358 44-3474480, \u0438 \u043c\u044b \u0432\u0430\u043c \u0440\u0430\u0441\u0441\u043a\u0430\u0436\u0435\u043c \u043f\u043e\u0434\u0440\u043e\u0431\u043d\u0435\u0435.","og_url":"https:\/\/dexterlifts.com\/ru\/henkilonostimet\/kaytetyt-henkilonostimet\/","og_site_name":"Korkealaatuiset Dexter-henkil\u00f6nostimet","article_modified_time":"2021-11-09T07:54:19+00:00","twitter_card":"summary_large_image","twitter_misc":{"\u041f\u0440\u0438\u043c\u0435\u0440\u043d\u043e\u0435 \u0432\u0440\u0435\u043c\u044f \u0434\u043b\u044f \u0447\u0442\u0435\u043d\u0438\u044f":"1 \u043c\u0438\u043d\u0443\u0442\u0430"},"schema":{"@context":"https:\/\/schema.org","@graph":[{"@type":"WebPage","@id":"https:\/\/dexterlifts.com\/ru\/henkilonostimet\/kaytetyt-henkilonostimet\/","url":"https:\/\/dexterlifts.com\/ru\/henkilonostimet\/kaytetyt-henkilonostimet\/","name":"\u043f\u043e\u0434\u0435\u0440\u0436\u0430\u043d\u043d\u044b\u0435 \u0430\u0432\u0442\u043e\u0432\u044b\u0448\u043a\u0438 - Korkealaatuiset Dexter-henkil\u00f6nostimet","isPartOf":{"@id":"https:\/\/dexterlifts.com\/#website"},"datePublished":"2020-06-22T10:14:55+00:00","dateModified":"2021-11-09T07:54:19+00:00","breadcrumb":{"@id":"https:\/\/dexterlifts.com\/ru\/henkilonostimet\/kaytetyt-henkilonostimet\/#breadcrumb"},"inLanguage":"ru-RU","potentialAction":[{"@type":"ReadAction","target":["https:\/\/dexterlifts.com\/ru\/henkilonostimet\/kaytetyt-henkilonostimet\/"]}]},{"@type":"BreadcrumbList","@id":"https:\/\/dexterlifts.com\/ru\/henkilonostimet\/kaytetyt-henkilonostimet\/#breadcrumb","itemListElement":[{"@type":"ListItem","position":1,"name":"Home","item":"https:\/\/dexterlifts.com\/ru\/"},{"@type":"ListItem","position":2,"name":"\u041f\u0435\u0440\u0441\u043e\u043d\u0430\u043b\u044c\u043d\u044b\u0435 \u043f\u043e\u0434\u044a\u0435\u043c\u043d\u0438\u043a\u0438","item":"https:\/\/dexterlifts.com\/ru\/henkilonostimet\/"},{"@type":"ListItem","position":3,"name":"\u043f\u043e\u0434\u0435\u0440\u0436\u0430\u043d\u043d\u044b\u0435 \u0430\u0432\u0442\u043e\u0432\u044b\u0448\u043a\u0438"}]},{"@type":"WebSite","@id":"https:\/\/dexterlifts.com\/#website","url":"https:\/\/dexterlifts.com\/","name":"Dexter Lifts Oy - Dexter henkil\u00f6nostimet","description":"Suomalaisia korkealaatuisia Dexter-henkil\u00f6nostimia monipuolisiin k\u00e4ytt\u00f6tarkoituksiin.","publisher":{"@id":"https:\/\/dexterlifts.com\/#organization"},"potentialAction":[{"@type":"SearchAction","target":{"@type":"EntryPoint","urlTemplate":"https:\/\/dexterlifts.com\/?s={search_term_string}"},"query-input":{"@type":"PropertyValueSpecification","valueRequired":true,"valueName":"search_term_string"}}],"inLanguage":"ru-RU"},{"@type":"Organization","@id":"https:\/\/dexterlifts.com\/#organization","name":"Dexter Lifts Oy","url":"https:\/\/dexterlifts.com\/","logo":{"@type":"ImageObject","inLanguage":"ru-RU","@id":"https:\/\/dexterlifts.com\/#\/schema\/logo\/image\/","url":"https:\/\/dexterlifts.com\/wp-content\/uploads\/2020\/05\/dexterlifts-logo-4-scale.jpg","contentUrl":"https:\/\/dexterlifts.com\/wp-content\/uploads\/2020\/05\/dexterlifts-logo-4-scale.jpg","width":1000,"height":670,"caption":"Dexter Lifts Oy"},"image":{"@id":"https:\/\/dexterlifts.com\/#\/schema\/logo\/image\/"}}]}},"_links":{"self":[{"href":"https:\/\/dexterlifts.com\/ru\/wp-json\/wp\/v2\/pages\/34771","targetHints":{"allow":["GET"]}}],"collection":[{"href":"https:\/\/dexterlifts.com\/ru\/wp-json\/wp\/v2\/pages"}],"about":[{"href":"https:\/\/dexterlifts.com\/ru\/wp-json\/wp\/v2\/types\/page"}],"author":[{"embeddable":true,"href":"https:\/\/dexterlifts.com\/ru\/wp-json\/wp\/v2\/users\/3"}],"replies":[{"embeddable":true,"href":"https:\/\/dexterlifts.com\/ru\/wp-json\/wp\/v2\/comments?post=34771"}],"version-history":[{"count":6,"href":"https:\/\/dexterlifts.com\/ru\/wp-json\/wp\/v2\/pages\/34771\/revisions"}],"predecessor-version":[{"id":37530,"href":"https:\/\/dexterlifts.com\/ru\/wp-json\/wp\/v2\/pages\/34771\/revisions\/37530"}],"up":[{"embeddable":true,"href":"https:\/\/dexterlifts.com\/ru\/wp-json\/wp\/v2\/pages\/34858"}],"wp:attachment":[{"href":"https:\/\/dexterlifts.com\/ru\/wp-json\/wp\/v2\/media?parent=34771"}],"curies":[{"name":"wp","href":"https:\/\/api.w.org\/{rel}","templated":true}]}}