{"id":40280,"date":"2022-10-19T15:23:45","date_gmt":"2022-10-19T12:23:45","guid":{"rendered":"https:\/\/dexterlifts.com\/funding\/"},"modified":"2022-10-19T15:23:45","modified_gmt":"2022-10-19T12:23:45","slug":"funding","status":"publish","type":"page","link":"https:\/\/dexterlifts.com\/en\/funding\/","title":{"rendered":"Funding"},"content":{"rendered":"<p>[et_pb_section fb_built=&#8221;1&#8243; fullwidth=&#8221;on&#8221; _builder_version=&#8221;4.16&#8243; global_colors_info=&#8221;{}&#8221;][et_pb_fullwidth_slider _builder_version=&#8221;4.17.4&#8243; background_color=&#8221;#FFFFFF&#8221; custom_margin=&#8221;||0px||false|false&#8221; global_colors_info=&#8221;{}&#8221;][et_pb_slide heading=&#8221;Financing options for the purchase of a personal lift&#8221; _builder_version=&#8221;4.17.4&#8243; body_font_size=&#8221;24px&#8221; background_color=&#8221;#FFFFFF&#8221; background_enable_color=&#8221;on&#8221; background_image=&#8221;https:\/\/dexterlifts.com\/wp-content\/uploads\/2016\/09\/02_thumb3.jpg&#8221; background_enable_image=&#8221;on&#8221; global_colors_info=&#8221;{}&#8221; sticky_transition=&#8221;on&#8221;]<\/p>\n<p>Dex Easy Installment financing and Dex Leasing<\/p>\n<p>[\/et_pb_slide][\/et_pb_fullwidth_slider][\/et_pb_section][et_pb_section fb_built=&#8221;1&#8243; _builder_version=&#8221;4.16&#8243; custom_margin=&#8221;||||false|false&#8221; custom_padding=&#8221;||0px||false|false&#8221; global_colors_info=&#8221;{}&#8221;][et_pb_row _builder_version=&#8221;4.16&#8243; background_enable_color=&#8221;off&#8221; custom_margin=&#8221;||||true|false&#8221; custom_padding=&#8221;||||false|false&#8221; global_colors_info=&#8221;{}&#8221;][et_pb_column type=&#8221;4_4&#8243; _builder_version=&#8221;4.16&#8243; global_colors_info=&#8221;{}&#8221;][et_pb_text _builder_version=&#8221;4.16&#8243; background_color=&#8221;rgba(201,201,201,0.07)&#8221; custom_padding=&#8221;20px|20px|20px|20px|false|false&#8221; box_shadow_style=&#8221;preset4&#8243; box_shadow_horizontal=&#8221;2px&#8221; box_shadow_vertical=&#8221;2px&#8221; box_shadow_color=&#8221;rgba(0,0,0,0.12)&#8221; global_colors_info=&#8221;{}&#8221;]<\/p>\n<h3><strong>Dex Easy &#8211; Installment financing<\/strong><\/h3>\n<p>The most popular form of financing is installment financing, where you can choose the size of the fixed monthly installment according to your own budget. Dexter Lifts takes care of the practical financing arrangements for you. When tailoring a suitable monthly installment, the amount of the down payment and the larger final installment, as well as the length of the contract, are taken into account.<\/p>\n<ul>\n<li>The personal lift serves as collateral, no other collateral is needed.<\/li>\n<li>The interest rate is fixed throughout the contract period.<img decoding=\"async\" src=\"https:\/\/dexterlifts.com\/wp-content\/uploads\/2020\/08\/rahoitus.jpg\" width=\"597\" height=\"400\" alt=\"\" class=\"wp-image-34347 alignnone size-full\" style=\"float: right;\" srcset=\"https:\/\/dexterlifts.com\/wp-content\/uploads\/2020\/08\/rahoitus.jpg 597w, https:\/\/dexterlifts.com\/wp-content\/uploads\/2020\/08\/rahoitus-480x322.jpg 480w\" sizes=\"(min-width: 0px) and (max-width: 480px) 480px, (min-width: 481px) 597px, 100vw\" \/><\/li>\n<li>The remaining financial contribution can be easily paid off at any time.<\/li>\n<li>Contract period 6 \u2013 72 months<\/li>\n<li>monthly fee incl. principal repayment, interest, establishment and handling fee<\/li>\n<li>additional service: comprehensive insurance<\/li>\n<li>is recorded in the customer&#8217;s balance sheet<\/li>\n<li>Profit impact: As depreciation in the income statement according to the depreciation plan made in advance, also from the first year of implementation (fiscal period).<\/li>\n<li>A good option for a company with a strong cash flow and asset ratio, and no significant other investment needs.<\/li>\n<li>The service life of the personal lift is also long from the point of view of the company&#8217;s accounting.<\/li>\n<li>The buyer is responsible for the debt and value of the personal lift.<\/li>\n<li>VAT can be deducted from the purchase price of the personal lift, if the lift is used in a business subject to VAT<\/li>\n<li>You can apply for an extension of the contract if the last installment is larger.<\/li>\n<\/ul>\n<p>[\/et_pb_text][\/et_pb_column][\/et_pb_row][\/et_pb_section][et_pb_section fb_built=&#8221;1&#8243; _builder_version=&#8221;4.16&#8243; custom_margin=&#8221;0px||||false|false&#8221; global_colors_info=&#8221;{}&#8221;][et_pb_row _builder_version=&#8221;4.16&#8243; custom_margin=&#8221;0px||0px||false|false&#8221; global_colors_info=&#8221;{}&#8221;][et_pb_column type=&#8221;4_4&#8243; _builder_version=&#8221;4.16&#8243; global_colors_info=&#8221;{}&#8221;][et_pb_text _builder_version=&#8221;4.16&#8243; background_color=&#8221;rgba(201,201,201,0.07)&#8221; custom_padding=&#8221;20px|20px|20px|20px|false|false&#8221; box_shadow_style=&#8221;preset4&#8243; box_shadow_horizontal=&#8221;2px&#8221; box_shadow_vertical=&#8221;2px&#8221; box_shadow_color=&#8221;rgba(0,0,0,0.12)&#8221; global_colors_info=&#8221;{}&#8221;]<\/p>\n<h3><strong>Dex Leasing<\/strong><\/h3>\n<p><strong><\/strong><\/p>\n<p>Have you thought about a financial leasing agreement for your company to facilitate the purchase of a personal lift?<\/p>\n<ul>\n<li>monthly rent is a normal expense item <\/li>\n<li>easy for accounting <\/li>\n<li>frees up capital for the company&#8217;s other business operations<\/li>\n<li>The fixed monthly rent includes the right to use a personal lift.<\/li>\n<li>The personal lift serves as collateral, no other collateral is needed.<\/li>\n<li>The customer controls the time of the exchange<\/li>\n<li>Maintenance and residual value responsibility at the company <\/li>\n<li>In connection with financial leasing, we recommend a maintenance contract<\/li>\n<li>Contract period 12 &#8211; 60 months<\/li>\n<li>monthly fee incl. fixed monthly rent and handling fee<\/li>\n<li>additional service: comprehensive insurance<\/li>\n<li>Not recorded in the balance sheet<\/li>\n<li>Rents are expense items, reduce the company&#8217;s income and thus the taxes to be paid.<\/li>\n<li>Easy for accounting, no impact on the company&#8217;s solvency.<\/li>\n<li>The lift is returned to the lessor after the leasing period<\/li>\n<li>The rent always includes VAT<\/li>\n<\/ul>\n<p>&nbsp;<\/p>\n<p>Maintenance leasing can also be customized according to the customer&#8217;s needs.<\/p>\n<p>&nbsp;<\/p>\n<p>ASK FOR MORE by emailing <a href=\"mailto:myynti@dexterlifts.com\">sales@dexterlifts.com<\/a> or by calling 040-199 0983.<\/p>\n<p>[\/et_pb_text][\/et_pb_column][\/et_pb_row][\/et_pb_section]<\/p>\n","protected":false},"excerpt":{"rendered":"<p>Dex Easy Installment financing and Dex LeasingDex Easy &#8211; Installment financing The most popular form of financing is installment financing, where you can choose the size of the fixed monthly installment according to your own budget. Dexter Lifts takes care of the practical financing arrangements for you. When tailoring a suitable monthly installment, the amount [&hellip;]<\/p>\n","protected":false},"author":1,"featured_media":40277,"parent":0,"menu_order":0,"comment_status":"closed","ping_status":"closed","template":"","meta":{"_et_pb_use_builder":"on","_et_pb_old_content":"","_et_gb_content_width":"","footnotes":""},"class_list":["post-40280","page","type-page","status-publish","has-post-thumbnail","hentry"],"yoast_head":"<!-- This site is optimized with the Yoast SEO plugin v27.5 - https:\/\/yoast.com\/product\/yoast-seo-wordpress\/ -->\n<title>Funding - Korkealaatuiset Dexter-henkil\u00f6nostimet<\/title>\n<meta name=\"robots\" content=\"index, follow, max-snippet:-1, max-image-preview:large, max-video-preview:-1\" \/>\n<link rel=\"canonical\" href=\"https:\/\/dexterlifts.com\/en\/funding\/\" \/>\n<meta property=\"og:locale\" content=\"en_US\" \/>\n<meta property=\"og:type\" content=\"article\" \/>\n<meta property=\"og:title\" content=\"Funding - Korkealaatuiset Dexter-henkil\u00f6nostimet\" \/>\n<meta property=\"og:description\" content=\"Dex Easy Installment financing and Dex LeasingDex Easy - Installment financing The most popular form of financing is installment financing, where you can choose the size of the fixed monthly installment according to your own budget. Dexter Lifts takes care of the practical financing arrangements for you. When tailoring a suitable monthly installment, the amount [&hellip;]\" \/>\n<meta property=\"og:url\" content=\"https:\/\/dexterlifts.com\/en\/funding\/\" \/>\n<meta property=\"og:site_name\" content=\"Korkealaatuiset Dexter-henkil\u00f6nostimet\" \/>\n<meta property=\"og:image\" content=\"https:\/\/dexterlifts.com\/wp-content\/uploads\/2016\/09\/04_thumb.jpg\" \/>\n\t<meta property=\"og:image:width\" content=\"340\" \/>\n\t<meta property=\"og:image:height\" content=\"240\" \/>\n\t<meta property=\"og:image:type\" content=\"image\/jpeg\" \/>\n<meta name=\"twitter:card\" content=\"summary_large_image\" \/>\n<meta name=\"twitter:label1\" content=\"Est. reading time\" \/>\n\t<meta name=\"twitter:data1\" content=\"3 minutes\" \/>\n<script type=\"application\/ld+json\" class=\"yoast-schema-graph\">{\"@context\":\"https:\\\/\\\/schema.org\",\"@graph\":[{\"@type\":\"WebPage\",\"@id\":\"https:\\\/\\\/dexterlifts.com\\\/en\\\/funding\\\/\",\"url\":\"https:\\\/\\\/dexterlifts.com\\\/en\\\/funding\\\/\",\"name\":\"Funding - Korkealaatuiset Dexter-henkil\u00f6nostimet\",\"isPartOf\":{\"@id\":\"https:\\\/\\\/dexterlifts.com\\\/#website\"},\"primaryImageOfPage\":{\"@id\":\"https:\\\/\\\/dexterlifts.com\\\/en\\\/funding\\\/#primaryimage\"},\"image\":{\"@id\":\"https:\\\/\\\/dexterlifts.com\\\/en\\\/funding\\\/#primaryimage\"},\"thumbnailUrl\":\"https:\\\/\\\/dexterlifts.com\\\/wp-content\\\/uploads\\\/2016\\\/09\\\/04_thumb.jpg\",\"datePublished\":\"2022-10-19T12:23:45+00:00\",\"breadcrumb\":{\"@id\":\"https:\\\/\\\/dexterlifts.com\\\/en\\\/funding\\\/#breadcrumb\"},\"inLanguage\":\"en-US\",\"potentialAction\":[{\"@type\":\"ReadAction\",\"target\":[\"https:\\\/\\\/dexterlifts.com\\\/en\\\/funding\\\/\"]}]},{\"@type\":\"ImageObject\",\"inLanguage\":\"en-US\",\"@id\":\"https:\\\/\\\/dexterlifts.com\\\/en\\\/funding\\\/#primaryimage\",\"url\":\"https:\\\/\\\/dexterlifts.com\\\/wp-content\\\/uploads\\\/2016\\\/09\\\/04_thumb.jpg\",\"contentUrl\":\"https:\\\/\\\/dexterlifts.com\\\/wp-content\\\/uploads\\\/2016\\\/09\\\/04_thumb.jpg\",\"width\":340,\"height\":240},{\"@type\":\"BreadcrumbList\",\"@id\":\"https:\\\/\\\/dexterlifts.com\\\/en\\\/funding\\\/#breadcrumb\",\"itemListElement\":[{\"@type\":\"ListItem\",\"position\":1,\"name\":\"Home\",\"item\":\"https:\\\/\\\/dexterlifts.com\\\/en\\\/\"},{\"@type\":\"ListItem\",\"position\":2,\"name\":\"Funding\"}]},{\"@type\":\"WebSite\",\"@id\":\"https:\\\/\\\/dexterlifts.com\\\/#website\",\"url\":\"https:\\\/\\\/dexterlifts.com\\\/\",\"name\":\"Dexter Lifts Oy - Dexter henkil\u00f6nostimet\",\"description\":\"Suomalaisia korkealaatuisia Dexter-henkil\u00f6nostimia monipuolisiin k\u00e4ytt\u00f6tarkoituksiin.\",\"publisher\":{\"@id\":\"https:\\\/\\\/dexterlifts.com\\\/#organization\"},\"potentialAction\":[{\"@type\":\"SearchAction\",\"target\":{\"@type\":\"EntryPoint\",\"urlTemplate\":\"https:\\\/\\\/dexterlifts.com\\\/?s={search_term_string}\"},\"query-input\":{\"@type\":\"PropertyValueSpecification\",\"valueRequired\":true,\"valueName\":\"search_term_string\"}}],\"inLanguage\":\"en-US\"},{\"@type\":\"Organization\",\"@id\":\"https:\\\/\\\/dexterlifts.com\\\/#organization\",\"name\":\"Dexter Lifts Oy\",\"url\":\"https:\\\/\\\/dexterlifts.com\\\/\",\"logo\":{\"@type\":\"ImageObject\",\"inLanguage\":\"en-US\",\"@id\":\"https:\\\/\\\/dexterlifts.com\\\/#\\\/schema\\\/logo\\\/image\\\/\",\"url\":\"https:\\\/\\\/dexterlifts.com\\\/wp-content\\\/uploads\\\/2020\\\/05\\\/dexterlifts-logo-4-scale.jpg\",\"contentUrl\":\"https:\\\/\\\/dexterlifts.com\\\/wp-content\\\/uploads\\\/2020\\\/05\\\/dexterlifts-logo-4-scale.jpg\",\"width\":1000,\"height\":670,\"caption\":\"Dexter Lifts Oy\"},\"image\":{\"@id\":\"https:\\\/\\\/dexterlifts.com\\\/#\\\/schema\\\/logo\\\/image\\\/\"}}]}<\/script>\n<!-- \/ Yoast SEO plugin. -->","yoast_head_json":{"title":"Funding - Korkealaatuiset Dexter-henkil\u00f6nostimet","robots":{"index":"index","follow":"follow","max-snippet":"max-snippet:-1","max-image-preview":"max-image-preview:large","max-video-preview":"max-video-preview:-1"},"canonical":"https:\/\/dexterlifts.com\/en\/funding\/","og_locale":"en_US","og_type":"article","og_title":"Funding - Korkealaatuiset Dexter-henkil\u00f6nostimet","og_description":"Dex Easy Installment financing and Dex LeasingDex Easy - Installment financing The most popular form of financing is installment financing, where you can choose the size of the fixed monthly installment according to your own budget. Dexter Lifts takes care of the practical financing arrangements for you. When tailoring a suitable monthly installment, the amount [&hellip;]","og_url":"https:\/\/dexterlifts.com\/en\/funding\/","og_site_name":"Korkealaatuiset Dexter-henkil\u00f6nostimet","og_image":[{"width":340,"height":240,"url":"https:\/\/dexterlifts.com\/wp-content\/uploads\/2016\/09\/04_thumb.jpg","type":"image\/jpeg"}],"twitter_card":"summary_large_image","twitter_misc":{"Est. reading time":"3 minutes"},"schema":{"@context":"https:\/\/schema.org","@graph":[{"@type":"WebPage","@id":"https:\/\/dexterlifts.com\/en\/funding\/","url":"https:\/\/dexterlifts.com\/en\/funding\/","name":"Funding - Korkealaatuiset Dexter-henkil\u00f6nostimet","isPartOf":{"@id":"https:\/\/dexterlifts.com\/#website"},"primaryImageOfPage":{"@id":"https:\/\/dexterlifts.com\/en\/funding\/#primaryimage"},"image":{"@id":"https:\/\/dexterlifts.com\/en\/funding\/#primaryimage"},"thumbnailUrl":"https:\/\/dexterlifts.com\/wp-content\/uploads\/2016\/09\/04_thumb.jpg","datePublished":"2022-10-19T12:23:45+00:00","breadcrumb":{"@id":"https:\/\/dexterlifts.com\/en\/funding\/#breadcrumb"},"inLanguage":"en-US","potentialAction":[{"@type":"ReadAction","target":["https:\/\/dexterlifts.com\/en\/funding\/"]}]},{"@type":"ImageObject","inLanguage":"en-US","@id":"https:\/\/dexterlifts.com\/en\/funding\/#primaryimage","url":"https:\/\/dexterlifts.com\/wp-content\/uploads\/2016\/09\/04_thumb.jpg","contentUrl":"https:\/\/dexterlifts.com\/wp-content\/uploads\/2016\/09\/04_thumb.jpg","width":340,"height":240},{"@type":"BreadcrumbList","@id":"https:\/\/dexterlifts.com\/en\/funding\/#breadcrumb","itemListElement":[{"@type":"ListItem","position":1,"name":"Home","item":"https:\/\/dexterlifts.com\/en\/"},{"@type":"ListItem","position":2,"name":"Funding"}]},{"@type":"WebSite","@id":"https:\/\/dexterlifts.com\/#website","url":"https:\/\/dexterlifts.com\/","name":"Dexter Lifts Oy - Dexter henkil\u00f6nostimet","description":"Suomalaisia korkealaatuisia Dexter-henkil\u00f6nostimia monipuolisiin k\u00e4ytt\u00f6tarkoituksiin.","publisher":{"@id":"https:\/\/dexterlifts.com\/#organization"},"potentialAction":[{"@type":"SearchAction","target":{"@type":"EntryPoint","urlTemplate":"https:\/\/dexterlifts.com\/?s={search_term_string}"},"query-input":{"@type":"PropertyValueSpecification","valueRequired":true,"valueName":"search_term_string"}}],"inLanguage":"en-US"},{"@type":"Organization","@id":"https:\/\/dexterlifts.com\/#organization","name":"Dexter Lifts Oy","url":"https:\/\/dexterlifts.com\/","logo":{"@type":"ImageObject","inLanguage":"en-US","@id":"https:\/\/dexterlifts.com\/#\/schema\/logo\/image\/","url":"https:\/\/dexterlifts.com\/wp-content\/uploads\/2020\/05\/dexterlifts-logo-4-scale.jpg","contentUrl":"https:\/\/dexterlifts.com\/wp-content\/uploads\/2020\/05\/dexterlifts-logo-4-scale.jpg","width":1000,"height":670,"caption":"Dexter Lifts Oy"},"image":{"@id":"https:\/\/dexterlifts.com\/#\/schema\/logo\/image\/"}}]}},"_links":{"self":[{"href":"https:\/\/dexterlifts.com\/en\/wp-json\/wp\/v2\/pages\/40280","targetHints":{"allow":["GET"]}}],"collection":[{"href":"https:\/\/dexterlifts.com\/en\/wp-json\/wp\/v2\/pages"}],"about":[{"href":"https:\/\/dexterlifts.com\/en\/wp-json\/wp\/v2\/types\/page"}],"author":[{"embeddable":true,"href":"https:\/\/dexterlifts.com\/en\/wp-json\/wp\/v2\/users\/1"}],"replies":[{"embeddable":true,"href":"https:\/\/dexterlifts.com\/en\/wp-json\/wp\/v2\/comments?post=40280"}],"version-history":[{"count":2,"href":"https:\/\/dexterlifts.com\/en\/wp-json\/wp\/v2\/pages\/40280\/revisions"}],"predecessor-version":[{"id":40282,"href":"https:\/\/dexterlifts.com\/en\/wp-json\/wp\/v2\/pages\/40280\/revisions\/40282"}],"wp:featuredmedia":[{"embeddable":true,"href":"https:\/\/dexterlifts.com\/en\/wp-json\/wp\/v2\/media\/40277"}],"wp:attachment":[{"href":"https:\/\/dexterlifts.com\/en\/wp-json\/wp\/v2\/media?parent=40280"}],"curies":[{"name":"wp","href":"https:\/\/api.w.org\/{rel}","templated":true}]}}