{"id":40276,"date":"2022-10-19T15:15:30","date_gmt":"2022-10-19T12:15:30","guid":{"rendered":"https:\/\/dexterlifts.com\/maintenance-services\/"},"modified":"2022-10-19T15:15:30","modified_gmt":"2022-10-19T12:15:30","slug":"maintenance-services","status":"publish","type":"page","link":"https:\/\/dexterlifts.com\/en\/maintenance-services\/","title":{"rendered":"Maintenance services"},"content":{"rendered":"<p>[et_pb_section fb_built=&#8221;1&#8243; fullwidth=&#8221;on&#8221; _builder_version=&#8221;4.16&#8243; global_colors_info=&#8221;{}&#8221;][et_pb_fullwidth_slider _builder_version=&#8221;4.18.0&#8243; background_color=&#8221;#FFFFFF&#8221; custom_margin=&#8221;||0px||false|false&#8221; global_colors_info=&#8221;{}&#8221;][et_pb_slide heading=&#8221;Maintenance and periodical inspections of personal elevators&#8221; _builder_version=&#8221;4.18.0&#8243; body_font_size=&#8221;24px&#8221; background_color=&#8221;#FFFFFF&#8221; background_enable_color=&#8221;on&#8221; use_background_color_gradient=&#8221;on&#8221; background_enable_image=&#8221;off&#8221; global_colors_info=&#8221;{}&#8221; sticky_transition=&#8221;on&#8221;]<\/p>\n<p>We carry out maintenance and periodic inspections for personal lifts.<\/p>\n<p>[\/et_pb_slide][\/et_pb_fullwidth_slider][\/et_pb_section][et_pb_section fb_built=&#8221;1&#8243; _builder_version=&#8221;4.16&#8243; custom_margin=&#8221;||||false|false&#8221; custom_padding=&#8221;||0px||false|false&#8221; global_colors_info=&#8221;{}&#8221;][et_pb_row _builder_version=&#8221;4.16&#8243; background_enable_color=&#8221;off&#8221; custom_margin=&#8221;||||true|false&#8221; custom_padding=&#8221;||||false|false&#8221; global_colors_info=&#8221;{}&#8221;][et_pb_column type=&#8221;4_4&#8243; _builder_version=&#8221;4.16&#8243; global_colors_info=&#8221;{}&#8221;][et_pb_text _builder_version=&#8221;4.18.0&#8243; background_color=&#8221;rgba(201,201,201,0.07)&#8221; custom_padding=&#8221;20px|20px|20px|20px|false|false&#8221; box_shadow_style=&#8221;preset4&#8243; box_shadow_horizontal=&#8221;2px&#8221; box_shadow_vertical=&#8221;2px&#8221; box_shadow_color=&#8221;rgba(0,0,0,0.12)&#8221; global_colors_info=&#8221;{}&#8221;]<\/p>\n<h3>maintenance and renovation of lifts<\/h3>\n<ul>\n<li>We carry out maintenance and renovation work for all brands of lifters<\/li>\n<li>Refurbishment work can include the replacement of broken parts or even a complete renovation of the entire lift with repainting<\/li>\n<li>We do the work either as an hourly job or according to a lift-specific offer<\/li>\n<li>Requests for offers to sales@dexterlifts.com<\/li>\n<\/ul>\n<p>[\/et_pb_text][\/et_pb_column][\/et_pb_row][\/et_pb_section][et_pb_section fb_built=&#8221;1&#8243; _builder_version=&#8221;4.16&#8243; custom_margin=&#8221;0px||||false|false&#8221; global_colors_info=&#8221;{}&#8221;][et_pb_row _builder_version=&#8221;4.16&#8243; custom_margin=&#8221;0px||0px||false|false&#8221; global_colors_info=&#8221;{}&#8221;][et_pb_column type=&#8221;4_4&#8243; _builder_version=&#8221;4.16&#8243; global_colors_info=&#8221;{}&#8221;][et_pb_text _builder_version=&#8221;4.18.0&#8243; background_color=&#8221;rgba(201,201,201,0.07)&#8221; custom_padding=&#8221;20px|20px|20px|20px|false|false&#8221; hover_enabled=&#8221;0&#8243; box_shadow_style=&#8221;preset4&#8243; box_shadow_horizontal=&#8221;2px&#8221; box_shadow_vertical=&#8221;2px&#8221; box_shadow_color=&#8221;rgba(0,0,0,0.12)&#8221; global_colors_info=&#8221;{}&#8221; sticky_enabled=&#8221;0&#8243;]<\/p>\n<h3>periodic inspections<\/h3>\n<p>&nbsp;<\/p>\n<ul>\n<li>We carry out periodic inspections of all lift brands with professionalism.<\/li>\n<li>Inquiries to sales@dexterlifts.com<\/li>\n<\/ul>\n<p>[\/et_pb_text][\/et_pb_column][\/et_pb_row][\/et_pb_section][et_pb_section fb_built=&#8221;1&#8243; _builder_version=&#8221;4.16&#8243; custom_margin=&#8221;0px||||false|false&#8221; global_colors_info=&#8221;{}&#8221;][et_pb_row _builder_version=&#8221;4.16&#8243; custom_margin=&#8221;0px||0px||false|false&#8221; global_colors_info=&#8221;{}&#8221;][et_pb_column type=&#8221;4_4&#8243; _builder_version=&#8221;4.16&#8243; global_colors_info=&#8221;{}&#8221;][et_pb_text _builder_version=&#8221;4.18.0&#8243; background_color=&#8221;rgba(201,201,201,0.07)&#8221; custom_padding=&#8221;20px|20px|20px|20px|false|false&#8221; hover_enabled=&#8221;0&#8243; box_shadow_style=&#8221;preset4&#8243; box_shadow_horizontal=&#8221;2px&#8221; box_shadow_vertical=&#8221;2px&#8221; box_shadow_color=&#8221;rgba(0,0,0,0.12)&#8221; global_colors_info=&#8221;{}&#8221; sticky_enabled=&#8221;0&#8243;]<\/p>\n<h3>thorough periodic inspections<\/h3>\n<p>&nbsp;<\/p>\n<ul>\n<li>We carry out thorough periodical inspections of all lift brands, i.e. ten-year inspections with professionalism.<\/li>\n<li>Requests for offers to sales@dexterlifts.com<\/li>\n<\/ul>\n<p>[\/et_pb_text][\/et_pb_column][\/et_pb_row][\/et_pb_section]<\/p>\n","protected":false},"excerpt":{"rendered":"<p>We carry out maintenance and periodic inspections for personal lifts.maintenance and renovation of lifts We carry out maintenance and renovation work for all brands of lifters Refurbishment work can include the replacement of broken parts or even a complete renovation of the entire lift with repainting We do the work either as an hourly job [&hellip;]<\/p>\n","protected":false},"author":5,"featured_media":40277,"parent":0,"menu_order":0,"comment_status":"closed","ping_status":"closed","template":"","meta":{"_et_pb_use_builder":"on","_et_pb_old_content":"","_et_gb_content_width":"","footnotes":""},"class_list":["post-40276","page","type-page","status-publish","has-post-thumbnail","hentry"],"yoast_head":"<!-- This site is optimized with the Yoast SEO plugin v27.3 - https:\/\/yoast.com\/product\/yoast-seo-wordpress\/ -->\n<title>Maintenance services - Korkealaatuiset Dexter-henkil\u00f6nostimet<\/title>\n<meta name=\"robots\" content=\"index, follow, max-snippet:-1, max-image-preview:large, max-video-preview:-1\" \/>\n<link rel=\"canonical\" href=\"https:\/\/dexterlifts.com\/en\/maintenance-services\/\" \/>\n<meta property=\"og:locale\" content=\"en_US\" \/>\n<meta property=\"og:type\" content=\"article\" \/>\n<meta property=\"og:title\" content=\"Maintenance services - Korkealaatuiset Dexter-henkil\u00f6nostimet\" \/>\n<meta property=\"og:description\" content=\"We carry out maintenance and periodic inspections for personal lifts.maintenance and renovation of lifts We carry out maintenance and renovation work for all brands of lifters Refurbishment work can include the replacement of broken parts or even a complete renovation of the entire lift with repainting We do the work either as an hourly job [&hellip;]\" \/>\n<meta property=\"og:url\" content=\"https:\/\/dexterlifts.com\/en\/maintenance-services\/\" \/>\n<meta property=\"og:site_name\" content=\"Korkealaatuiset Dexter-henkil\u00f6nostimet\" \/>\n<meta property=\"og:image\" content=\"https:\/\/dexterlifts.com\/wp-content\/uploads\/2016\/09\/04_thumb.jpg\" \/>\n\t<meta property=\"og:image:width\" content=\"340\" \/>\n\t<meta property=\"og:image:height\" content=\"240\" \/>\n\t<meta property=\"og:image:type\" content=\"image\/jpeg\" \/>\n<meta name=\"twitter:card\" content=\"summary_large_image\" \/>\n<meta name=\"twitter:label1\" content=\"Est. reading time\" \/>\n\t<meta name=\"twitter:data1\" content=\"2 minutes\" \/>\n<script type=\"application\/ld+json\" class=\"yoast-schema-graph\">{\"@context\":\"https:\\\/\\\/schema.org\",\"@graph\":[{\"@type\":\"WebPage\",\"@id\":\"https:\\\/\\\/dexterlifts.com\\\/en\\\/maintenance-services\\\/\",\"url\":\"https:\\\/\\\/dexterlifts.com\\\/en\\\/maintenance-services\\\/\",\"name\":\"Maintenance services - Korkealaatuiset Dexter-henkil\u00f6nostimet\",\"isPartOf\":{\"@id\":\"https:\\\/\\\/dexterlifts.com\\\/#website\"},\"primaryImageOfPage\":{\"@id\":\"https:\\\/\\\/dexterlifts.com\\\/en\\\/maintenance-services\\\/#primaryimage\"},\"image\":{\"@id\":\"https:\\\/\\\/dexterlifts.com\\\/en\\\/maintenance-services\\\/#primaryimage\"},\"thumbnailUrl\":\"https:\\\/\\\/dexterlifts.com\\\/wp-content\\\/uploads\\\/2016\\\/09\\\/04_thumb.jpg\",\"datePublished\":\"2022-10-19T12:15:30+00:00\",\"breadcrumb\":{\"@id\":\"https:\\\/\\\/dexterlifts.com\\\/en\\\/maintenance-services\\\/#breadcrumb\"},\"inLanguage\":\"en-US\",\"potentialAction\":[{\"@type\":\"ReadAction\",\"target\":[\"https:\\\/\\\/dexterlifts.com\\\/en\\\/maintenance-services\\\/\"]}]},{\"@type\":\"ImageObject\",\"inLanguage\":\"en-US\",\"@id\":\"https:\\\/\\\/dexterlifts.com\\\/en\\\/maintenance-services\\\/#primaryimage\",\"url\":\"https:\\\/\\\/dexterlifts.com\\\/wp-content\\\/uploads\\\/2016\\\/09\\\/04_thumb.jpg\",\"contentUrl\":\"https:\\\/\\\/dexterlifts.com\\\/wp-content\\\/uploads\\\/2016\\\/09\\\/04_thumb.jpg\",\"width\":340,\"height\":240},{\"@type\":\"BreadcrumbList\",\"@id\":\"https:\\\/\\\/dexterlifts.com\\\/en\\\/maintenance-services\\\/#breadcrumb\",\"itemListElement\":[{\"@type\":\"ListItem\",\"position\":1,\"name\":\"Home\",\"item\":\"https:\\\/\\\/dexterlifts.com\\\/en\\\/\"},{\"@type\":\"ListItem\",\"position\":2,\"name\":\"Maintenance services\"}]},{\"@type\":\"WebSite\",\"@id\":\"https:\\\/\\\/dexterlifts.com\\\/#website\",\"url\":\"https:\\\/\\\/dexterlifts.com\\\/\",\"name\":\"Dexter Lifts Oy - Dexter henkil\u00f6nostimet\",\"description\":\"Suomalaisia korkealaatuisia Dexter-henkil\u00f6nostimia monipuolisiin k\u00e4ytt\u00f6tarkoituksiin.\",\"publisher\":{\"@id\":\"https:\\\/\\\/dexterlifts.com\\\/#organization\"},\"potentialAction\":[{\"@type\":\"SearchAction\",\"target\":{\"@type\":\"EntryPoint\",\"urlTemplate\":\"https:\\\/\\\/dexterlifts.com\\\/?s={search_term_string}\"},\"query-input\":{\"@type\":\"PropertyValueSpecification\",\"valueRequired\":true,\"valueName\":\"search_term_string\"}}],\"inLanguage\":\"en-US\"},{\"@type\":\"Organization\",\"@id\":\"https:\\\/\\\/dexterlifts.com\\\/#organization\",\"name\":\"Dexter Lifts Oy\",\"url\":\"https:\\\/\\\/dexterlifts.com\\\/\",\"logo\":{\"@type\":\"ImageObject\",\"inLanguage\":\"en-US\",\"@id\":\"https:\\\/\\\/dexterlifts.com\\\/#\\\/schema\\\/logo\\\/image\\\/\",\"url\":\"https:\\\/\\\/dexterlifts.com\\\/wp-content\\\/uploads\\\/2020\\\/05\\\/dexterlifts-logo-4-scale.jpg\",\"contentUrl\":\"https:\\\/\\\/dexterlifts.com\\\/wp-content\\\/uploads\\\/2020\\\/05\\\/dexterlifts-logo-4-scale.jpg\",\"width\":1000,\"height\":670,\"caption\":\"Dexter Lifts Oy\"},\"image\":{\"@id\":\"https:\\\/\\\/dexterlifts.com\\\/#\\\/schema\\\/logo\\\/image\\\/\"}}]}<\/script>\n<!-- \/ Yoast SEO plugin. -->","yoast_head_json":{"title":"Maintenance services - Korkealaatuiset Dexter-henkil\u00f6nostimet","robots":{"index":"index","follow":"follow","max-snippet":"max-snippet:-1","max-image-preview":"max-image-preview:large","max-video-preview":"max-video-preview:-1"},"canonical":"https:\/\/dexterlifts.com\/en\/maintenance-services\/","og_locale":"en_US","og_type":"article","og_title":"Maintenance services - Korkealaatuiset Dexter-henkil\u00f6nostimet","og_description":"We carry out maintenance and periodic inspections for personal lifts.maintenance and renovation of lifts We carry out maintenance and renovation work for all brands of lifters Refurbishment work can include the replacement of broken parts or even a complete renovation of the entire lift with repainting We do the work either as an hourly job [&hellip;]","og_url":"https:\/\/dexterlifts.com\/en\/maintenance-services\/","og_site_name":"Korkealaatuiset Dexter-henkil\u00f6nostimet","og_image":[{"width":340,"height":240,"url":"https:\/\/dexterlifts.com\/wp-content\/uploads\/2016\/09\/04_thumb.jpg","type":"image\/jpeg"}],"twitter_card":"summary_large_image","twitter_misc":{"Est. reading time":"2 minutes"},"schema":{"@context":"https:\/\/schema.org","@graph":[{"@type":"WebPage","@id":"https:\/\/dexterlifts.com\/en\/maintenance-services\/","url":"https:\/\/dexterlifts.com\/en\/maintenance-services\/","name":"Maintenance services - Korkealaatuiset Dexter-henkil\u00f6nostimet","isPartOf":{"@id":"https:\/\/dexterlifts.com\/#website"},"primaryImageOfPage":{"@id":"https:\/\/dexterlifts.com\/en\/maintenance-services\/#primaryimage"},"image":{"@id":"https:\/\/dexterlifts.com\/en\/maintenance-services\/#primaryimage"},"thumbnailUrl":"https:\/\/dexterlifts.com\/wp-content\/uploads\/2016\/09\/04_thumb.jpg","datePublished":"2022-10-19T12:15:30+00:00","breadcrumb":{"@id":"https:\/\/dexterlifts.com\/en\/maintenance-services\/#breadcrumb"},"inLanguage":"en-US","potentialAction":[{"@type":"ReadAction","target":["https:\/\/dexterlifts.com\/en\/maintenance-services\/"]}]},{"@type":"ImageObject","inLanguage":"en-US","@id":"https:\/\/dexterlifts.com\/en\/maintenance-services\/#primaryimage","url":"https:\/\/dexterlifts.com\/wp-content\/uploads\/2016\/09\/04_thumb.jpg","contentUrl":"https:\/\/dexterlifts.com\/wp-content\/uploads\/2016\/09\/04_thumb.jpg","width":340,"height":240},{"@type":"BreadcrumbList","@id":"https:\/\/dexterlifts.com\/en\/maintenance-services\/#breadcrumb","itemListElement":[{"@type":"ListItem","position":1,"name":"Home","item":"https:\/\/dexterlifts.com\/en\/"},{"@type":"ListItem","position":2,"name":"Maintenance services"}]},{"@type":"WebSite","@id":"https:\/\/dexterlifts.com\/#website","url":"https:\/\/dexterlifts.com\/","name":"Dexter Lifts Oy - Dexter henkil\u00f6nostimet","description":"Suomalaisia korkealaatuisia Dexter-henkil\u00f6nostimia monipuolisiin k\u00e4ytt\u00f6tarkoituksiin.","publisher":{"@id":"https:\/\/dexterlifts.com\/#organization"},"potentialAction":[{"@type":"SearchAction","target":{"@type":"EntryPoint","urlTemplate":"https:\/\/dexterlifts.com\/?s={search_term_string}"},"query-input":{"@type":"PropertyValueSpecification","valueRequired":true,"valueName":"search_term_string"}}],"inLanguage":"en-US"},{"@type":"Organization","@id":"https:\/\/dexterlifts.com\/#organization","name":"Dexter Lifts Oy","url":"https:\/\/dexterlifts.com\/","logo":{"@type":"ImageObject","inLanguage":"en-US","@id":"https:\/\/dexterlifts.com\/#\/schema\/logo\/image\/","url":"https:\/\/dexterlifts.com\/wp-content\/uploads\/2020\/05\/dexterlifts-logo-4-scale.jpg","contentUrl":"https:\/\/dexterlifts.com\/wp-content\/uploads\/2020\/05\/dexterlifts-logo-4-scale.jpg","width":1000,"height":670,"caption":"Dexter Lifts Oy"},"image":{"@id":"https:\/\/dexterlifts.com\/#\/schema\/logo\/image\/"}}]}},"_links":{"self":[{"href":"https:\/\/dexterlifts.com\/en\/wp-json\/wp\/v2\/pages\/40276","targetHints":{"allow":["GET"]}}],"collection":[{"href":"https:\/\/dexterlifts.com\/en\/wp-json\/wp\/v2\/pages"}],"about":[{"href":"https:\/\/dexterlifts.com\/en\/wp-json\/wp\/v2\/types\/page"}],"author":[{"embeddable":true,"href":"https:\/\/dexterlifts.com\/en\/wp-json\/wp\/v2\/users\/5"}],"replies":[{"embeddable":true,"href":"https:\/\/dexterlifts.com\/en\/wp-json\/wp\/v2\/comments?post=40276"}],"version-history":[{"count":2,"href":"https:\/\/dexterlifts.com\/en\/wp-json\/wp\/v2\/pages\/40276\/revisions"}],"predecessor-version":[{"id":40279,"href":"https:\/\/dexterlifts.com\/en\/wp-json\/wp\/v2\/pages\/40276\/revisions\/40279"}],"wp:featuredmedia":[{"embeddable":true,"href":"https:\/\/dexterlifts.com\/en\/wp-json\/wp\/v2\/media\/40277"}],"wp:attachment":[{"href":"https:\/\/dexterlifts.com\/en\/wp-json\/wp\/v2\/media?parent=40276"}],"curies":[{"name":"wp","href":"https:\/\/api.w.org\/{rel}","templated":true}]}}