{"id":35817,"date":"2020-03-29T15:55:10","date_gmt":"2020-03-29T15:55:10","guid":{"rendered":"https:\/\/dexterlifts.com\/varaosatilaus\/"},"modified":"2020-09-25T05:36:55","modified_gmt":"2020-09-25T05:36:55","slug":"varaosatilaus","status":"publish","type":"page","link":"https:\/\/dexterlifts.com\/en\/varaosatilaus\/","title":{"rendered":"Order spare parts"},"content":{"rendered":"<div class=\"caldera-grid\" id=\"caldera_form_1\" data-cf-ver=\"1.9.7\" data-cf-form-id=\"CF5f6afd093ada2\"><div id=\"caldera_notices_1\" data-spinner=\"https:\/\/dexterlifts.com\/wp-admin\/images\/spinner.gif\"><\/div><form data-instance=\"1\" class=\"CF5f6afd093ada2 caldera_forms_form cfajax-trigger\" method=\"POST\" enctype=\"multipart\/form-data\" id=\"CF5f6afd093ada2_1\" data-form-id=\"CF5f6afd093ada2\" aria-label=\"Order spare parts\" data-target=\"#caldera_notices_1\" data-template=\"#cfajax_CF5f6afd093ada2-tmpl\" data-cfajax=\"CF5f6afd093ada2\" data-load-element=\"_parent\" data-load-class=\"cf_processing\" data-post-disable=\"0\" data-action=\"cf_process_ajax_submit\" data-request=\"https:\/\/dexterlifts.com\/en\/\/cf-api\/CF5f6afd093ada2\" data-hiderows=\"true\">\r\n<input type=\"hidden\" id=\"_cf_verify_CF5f6afd093ada2\" name=\"_cf_verify\" value=\"63dbb28dd8\"  data-nonce-time=\"1777496205\" \/><input type=\"hidden\" name=\"_wp_http_referer\" value=\"\/en\/wp-json\/wp\/v2\/pages\/35817\" \/><div id=\"cf2-CF5f6afd093ada2_1\"><\/div><input type=\"hidden\" name=\"_cf_frm_id\" value=\"CF5f6afd093ada2\">\r\n<input type=\"hidden\" name=\"_cf_frm_ct\" value=\"1\">\r\n<input type=\"hidden\" name=\"cfajax\" value=\"CF5f6afd093ada2\">\r\n<input type=\"hidden\" name=\"_cf_cr_pst\" value=\"35817\">\r\n<div class=\"hide\" style=\"display:none; overflow:hidden;height:0;width:0;\">\r\n<label>Twitter<\/label><input type=\"text\" name=\"twitter\" value=\"\" autocomplete=\"off\">\r\n<\/div><div id=\"CF5f6afd093ada2_1-row-1\"  class=\"row  first_row\"><div  class=\"col-sm-12  single\"><div class=\"\"><h2>Order information<\/h2>\n<p>Fill up your contact information<\/p>\n<hr>\n<\/div><\/div><\/div><div id=\"CF5f6afd093ada2_1-row-2\"  class=\"row \"><div  class=\"col-sm-4  first_col\"><div data-field-wrapper=\"fld_8768091\" class=\"form-group\" id=\"fld_8768091_1-wrap\">\r\n\t<label id=\"fld_8768091Label\" for=\"fld_8768091_1\" class=\"control-label\">Company name <span aria-hidden=\"true\" role=\"presentation\" class=\"field_required\" style=\"color:#ee0000;\">*<\/span><\/label>\r\n\t<div class=\"\">\r\n\t\t<input   required type=\"text\" data-field=\"fld_8768091\" class=\" form-control\" id=\"fld_8768091_1\" name=\"fld_8768091\" value=\"\" data-type=\"text\" aria-required=\"true\"   aria-labelledby=\"fld_8768091Label\" >\t\t\t<\/div>\r\n<\/div>\r\n<div data-field-wrapper=\"fld_7216439\" class=\"form-group\" id=\"fld_7216439_1-wrap\">\r\n\t<label id=\"fld_7216439Label\" for=\"fld_7216439_1\" class=\"control-label\">Customer number (if any)<\/label>\r\n\t<div class=\"\">\r\n\t\t<input    type=\"text\" data-field=\"fld_7216439\" class=\" form-control\" id=\"fld_7216439_1\" name=\"fld_7216439\" value=\"\" data-type=\"text\"   aria-labelledby=\"fld_7216439Label\" >\t\t\t<\/div>\r\n<\/div>\r\n<\/div><div  class=\"col-sm-4 \"><div data-field-wrapper=\"fld_9970286\" class=\"form-group\" id=\"fld_9970286_1-wrap\">\r\n\t<label id=\"fld_9970286Label\" for=\"fld_9970286_1\" class=\"control-label\">Business ID <span aria-hidden=\"true\" role=\"presentation\" class=\"field_required\" style=\"color:#ee0000;\">*<\/span><\/label>\r\n\t<div class=\"\">\r\n\t\t<input   required type=\"text\" data-field=\"fld_9970286\" class=\" form-control\" id=\"fld_9970286_1\" name=\"fld_9970286\" value=\"\" data-type=\"text\" aria-required=\"true\"   aria-labelledby=\"fld_9970286Label\" >\t\t\t<\/div>\r\n<\/div>\r\n<\/div><div  class=\"col-sm-4  last_col\"><div data-field-wrapper=\"fld_6009157\" class=\"form-group\" id=\"fld_6009157_1-wrap\">\r\n\t<label id=\"fld_6009157Label\" for=\"fld_6009157_1\" class=\"control-label\">Contact e-mail <span aria-hidden=\"true\" role=\"presentation\" class=\"field_required\" style=\"color:#ee0000;\">*<\/span><\/label>\r\n\t<div class=\"\">\r\n\t\t<input   required type=\"email\" data-field=\"fld_6009157\" class=\" form-control\" id=\"fld_6009157_1\" name=\"fld_6009157\" value=\"\" data-type=\"email\" aria-required=\"true\"   aria-labelledby=\"fld_6009157Label\" >\t\t\t<\/div>\r\n<\/div>\r\n<\/div><\/div><div id=\"CF5f6afd093ada2_1-row-3\"  class=\"row \"><div  class=\"col-sm-12  single\"><div data-field-wrapper=\"fld_1929191\" class=\"form-group\" id=\"fld_1929191_1-wrap\">\r\n\t<label id=\"fld_1929191Label\" for=\"fld_1929191_1\" class=\"control-label\">Delivery address<\/label>\r\n\t<div class=\"\">\r\n\t\t<textarea name=\"fld_1929191\" value=\"\" data-field=\"fld_1929191\" class=\"form-control\" id=\"fld_1929191_1\" rows=\"4\"    aria-labelledby=\"fld_1929191Label\" ><\/textarea>\n\t\t\t<\/div>\r\n<\/div>\r\n<div data-field-wrapper=\"fld_6070756\" class=\"form-group\" id=\"fld_6070756_1-wrap\">\r\n\t<label id=\"fld_6070756Label\" for=\"fld_6070756_1\" class=\"control-label\">Billing address<\/label>\r\n\t<div class=\"\">\r\n\t\t<textarea name=\"fld_6070756\" value=\"\" data-field=\"fld_6070756\" class=\"form-control\" id=\"fld_6070756_1\" rows=\"4\"    aria-labelledby=\"fld_6070756Label\" ><\/textarea>\n\t\t\t<\/div>\r\n<\/div>\r\n<\/div><\/div><div id=\"CF5f6afd093ada2_1-row-4\"  class=\"row \"><div  class=\"col-sm-12  single\"><div class=\"\"><h2>Spare part(s)<\/h2>\n<p>Write down the following information: lift model, model year, part(s) and quantity, OEM \/ aftermarket part.<\/p>\n<hr>\n<\/div><\/div><\/div><div id=\"CF5f6afd093ada2_1-row-5\"  class=\"row \"><div  class=\"col-sm-12  single\"><div data-field-wrapper=\"fld_7683514\" class=\"form-group\" id=\"fld_7683514_1-wrap\">\r\n\t<label id=\"fld_7683514Label\" for=\"fld_7683514_1\" class=\"control-label\">Information about the part(s) <span aria-hidden=\"true\" role=\"presentation\" class=\"field_required\" style=\"color:#ee0000;\">*<\/span><\/label>\r\n\t<div class=\"\">\r\n\t\t<textarea name=\"fld_7683514\" value=\"\" data-field=\"fld_7683514\" class=\"form-control\" id=\"fld_7683514_1\" rows=\"7\"  required=\"required\"  aria-labelledby=\"fld_7683514Label\" ><\/textarea>\n\t\t\t<\/div>\r\n<\/div>\r\n<\/div><\/div><div id=\"CF5f6afd093ada2_1-row-6\"  class=\"row  last_row\"><div  class=\"col-sm-12  single\"><div data-field-wrapper=\"fld_7908577\" class=\"form-group\" id=\"fld_7908577_1-wrap\">\r\n<div class=\"\">\r\n\t<input  class=\"btn btn-default\" type=\"submit\" name=\"fld_7908577\" id=\"fld_7908577_1\" value=\"Send order\" data-field=\"fld_7908577\"  >\n<\/div>\r\n<\/div>\r\n\t<input class=\"button_trigger_1\" type=\"hidden\" name=\"fld_7908577\" id=\"fld_7908577_1_btn\" value=\"\" data-field=\"fld_7908577\"  \/>\n<\/div><\/div><\/form>\r\n<\/div>\r\n\n","protected":false},"excerpt":{"rendered":"","protected":false},"author":1,"featured_media":0,"parent":0,"menu_order":0,"comment_status":"closed","ping_status":"closed","template":"","meta":{"_et_pb_use_builder":"","_et_pb_old_content":"","_et_gb_content_width":"","footnotes":""},"class_list":["post-35817","page","type-page","status-publish","hentry"],"yoast_head":"<!-- This site is optimized with the Yoast SEO plugin v27.5 - https:\/\/yoast.com\/product\/yoast-seo-wordpress\/ -->\n<title>Order spare parts - Korkealaatuiset Dexter-henkil\u00f6nostimet<\/title>\n<meta name=\"robots\" content=\"index, follow, max-snippet:-1, max-image-preview:large, max-video-preview:-1\" \/>\n<link rel=\"canonical\" href=\"https:\/\/dexterlifts.com\/en\/varaosatilaus\/\" \/>\n<meta property=\"og:locale\" content=\"en_US\" \/>\n<meta property=\"og:type\" content=\"article\" \/>\n<meta property=\"og:title\" content=\"Order spare parts - Korkealaatuiset Dexter-henkil\u00f6nostimet\" \/>\n<meta property=\"og:url\" content=\"https:\/\/dexterlifts.com\/en\/varaosatilaus\/\" \/>\n<meta property=\"og:site_name\" content=\"Korkealaatuiset Dexter-henkil\u00f6nostimet\" \/>\n<meta property=\"article:modified_time\" content=\"2020-09-25T05:36:55+00:00\" \/>\n<meta name=\"twitter:card\" content=\"summary_large_image\" \/>\n<script type=\"application\/ld+json\" class=\"yoast-schema-graph\">{\"@context\":\"https:\\\/\\\/schema.org\",\"@graph\":[{\"@type\":\"WebPage\",\"@id\":\"https:\\\/\\\/dexterlifts.com\\\/en\\\/varaosatilaus\\\/\",\"url\":\"https:\\\/\\\/dexterlifts.com\\\/en\\\/varaosatilaus\\\/\",\"name\":\"Order spare parts - Korkealaatuiset Dexter-henkil\u00f6nostimet\",\"isPartOf\":{\"@id\":\"https:\\\/\\\/dexterlifts.com\\\/#website\"},\"datePublished\":\"2020-03-29T15:55:10+00:00\",\"dateModified\":\"2020-09-25T05:36:55+00:00\",\"breadcrumb\":{\"@id\":\"https:\\\/\\\/dexterlifts.com\\\/en\\\/varaosatilaus\\\/#breadcrumb\"},\"inLanguage\":\"en-US\",\"potentialAction\":[{\"@type\":\"ReadAction\",\"target\":[\"https:\\\/\\\/dexterlifts.com\\\/en\\\/varaosatilaus\\\/\"]}]},{\"@type\":\"BreadcrumbList\",\"@id\":\"https:\\\/\\\/dexterlifts.com\\\/en\\\/varaosatilaus\\\/#breadcrumb\",\"itemListElement\":[{\"@type\":\"ListItem\",\"position\":1,\"name\":\"Home\",\"item\":\"https:\\\/\\\/dexterlifts.com\\\/en\\\/\"},{\"@type\":\"ListItem\",\"position\":2,\"name\":\"Order spare parts\"}]},{\"@type\":\"WebSite\",\"@id\":\"https:\\\/\\\/dexterlifts.com\\\/#website\",\"url\":\"https:\\\/\\\/dexterlifts.com\\\/\",\"name\":\"Dexter Lifts Oy - Dexter henkil\u00f6nostimet\",\"description\":\"Suomalaisia korkealaatuisia Dexter-henkil\u00f6nostimia monipuolisiin k\u00e4ytt\u00f6tarkoituksiin.\",\"publisher\":{\"@id\":\"https:\\\/\\\/dexterlifts.com\\\/#organization\"},\"potentialAction\":[{\"@type\":\"SearchAction\",\"target\":{\"@type\":\"EntryPoint\",\"urlTemplate\":\"https:\\\/\\\/dexterlifts.com\\\/?s={search_term_string}\"},\"query-input\":{\"@type\":\"PropertyValueSpecification\",\"valueRequired\":true,\"valueName\":\"search_term_string\"}}],\"inLanguage\":\"en-US\"},{\"@type\":\"Organization\",\"@id\":\"https:\\\/\\\/dexterlifts.com\\\/#organization\",\"name\":\"Dexter Lifts Oy\",\"url\":\"https:\\\/\\\/dexterlifts.com\\\/\",\"logo\":{\"@type\":\"ImageObject\",\"inLanguage\":\"en-US\",\"@id\":\"https:\\\/\\\/dexterlifts.com\\\/#\\\/schema\\\/logo\\\/image\\\/\",\"url\":\"https:\\\/\\\/dexterlifts.com\\\/wp-content\\\/uploads\\\/2020\\\/05\\\/dexterlifts-logo-4-scale.jpg\",\"contentUrl\":\"https:\\\/\\\/dexterlifts.com\\\/wp-content\\\/uploads\\\/2020\\\/05\\\/dexterlifts-logo-4-scale.jpg\",\"width\":1000,\"height\":670,\"caption\":\"Dexter Lifts Oy\"},\"image\":{\"@id\":\"https:\\\/\\\/dexterlifts.com\\\/#\\\/schema\\\/logo\\\/image\\\/\"}}]}<\/script>\n<!-- \/ Yoast SEO plugin. -->","yoast_head_json":{"title":"Order spare parts - Korkealaatuiset Dexter-henkil\u00f6nostimet","robots":{"index":"index","follow":"follow","max-snippet":"max-snippet:-1","max-image-preview":"max-image-preview:large","max-video-preview":"max-video-preview:-1"},"canonical":"https:\/\/dexterlifts.com\/en\/varaosatilaus\/","og_locale":"en_US","og_type":"article","og_title":"Order spare parts - Korkealaatuiset Dexter-henkil\u00f6nostimet","og_url":"https:\/\/dexterlifts.com\/en\/varaosatilaus\/","og_site_name":"Korkealaatuiset Dexter-henkil\u00f6nostimet","article_modified_time":"2020-09-25T05:36:55+00:00","twitter_card":"summary_large_image","schema":{"@context":"https:\/\/schema.org","@graph":[{"@type":"WebPage","@id":"https:\/\/dexterlifts.com\/en\/varaosatilaus\/","url":"https:\/\/dexterlifts.com\/en\/varaosatilaus\/","name":"Order spare parts - Korkealaatuiset Dexter-henkil\u00f6nostimet","isPartOf":{"@id":"https:\/\/dexterlifts.com\/#website"},"datePublished":"2020-03-29T15:55:10+00:00","dateModified":"2020-09-25T05:36:55+00:00","breadcrumb":{"@id":"https:\/\/dexterlifts.com\/en\/varaosatilaus\/#breadcrumb"},"inLanguage":"en-US","potentialAction":[{"@type":"ReadAction","target":["https:\/\/dexterlifts.com\/en\/varaosatilaus\/"]}]},{"@type":"BreadcrumbList","@id":"https:\/\/dexterlifts.com\/en\/varaosatilaus\/#breadcrumb","itemListElement":[{"@type":"ListItem","position":1,"name":"Home","item":"https:\/\/dexterlifts.com\/en\/"},{"@type":"ListItem","position":2,"name":"Order spare parts"}]},{"@type":"WebSite","@id":"https:\/\/dexterlifts.com\/#website","url":"https:\/\/dexterlifts.com\/","name":"Dexter Lifts Oy - Dexter henkil\u00f6nostimet","description":"Suomalaisia korkealaatuisia Dexter-henkil\u00f6nostimia monipuolisiin k\u00e4ytt\u00f6tarkoituksiin.","publisher":{"@id":"https:\/\/dexterlifts.com\/#organization"},"potentialAction":[{"@type":"SearchAction","target":{"@type":"EntryPoint","urlTemplate":"https:\/\/dexterlifts.com\/?s={search_term_string}"},"query-input":{"@type":"PropertyValueSpecification","valueRequired":true,"valueName":"search_term_string"}}],"inLanguage":"en-US"},{"@type":"Organization","@id":"https:\/\/dexterlifts.com\/#organization","name":"Dexter Lifts Oy","url":"https:\/\/dexterlifts.com\/","logo":{"@type":"ImageObject","inLanguage":"en-US","@id":"https:\/\/dexterlifts.com\/#\/schema\/logo\/image\/","url":"https:\/\/dexterlifts.com\/wp-content\/uploads\/2020\/05\/dexterlifts-logo-4-scale.jpg","contentUrl":"https:\/\/dexterlifts.com\/wp-content\/uploads\/2020\/05\/dexterlifts-logo-4-scale.jpg","width":1000,"height":670,"caption":"Dexter Lifts Oy"},"image":{"@id":"https:\/\/dexterlifts.com\/#\/schema\/logo\/image\/"}}]}},"_links":{"self":[{"href":"https:\/\/dexterlifts.com\/en\/wp-json\/wp\/v2\/pages\/35817","targetHints":{"allow":["GET"]}}],"collection":[{"href":"https:\/\/dexterlifts.com\/en\/wp-json\/wp\/v2\/pages"}],"about":[{"href":"https:\/\/dexterlifts.com\/en\/wp-json\/wp\/v2\/types\/page"}],"author":[{"embeddable":true,"href":"https:\/\/dexterlifts.com\/en\/wp-json\/wp\/v2\/users\/1"}],"replies":[{"embeddable":true,"href":"https:\/\/dexterlifts.com\/en\/wp-json\/wp\/v2\/comments?post=35817"}],"version-history":[{"count":2,"href":"https:\/\/dexterlifts.com\/en\/wp-json\/wp\/v2\/pages\/35817\/revisions"}],"predecessor-version":[{"id":35948,"href":"https:\/\/dexterlifts.com\/en\/wp-json\/wp\/v2\/pages\/35817\/revisions\/35948"}],"wp:attachment":[{"href":"https:\/\/dexterlifts.com\/en\/wp-json\/wp\/v2\/media?parent=35817"}],"curies":[{"name":"wp","href":"https:\/\/api.w.org\/{rel}","templated":true}]}}