{"id":34777,"date":"2020-05-15T13:41:51","date_gmt":"2020-05-15T13:41:51","guid":{"rendered":"https:\/\/dexterlifts.com\/yritys\/"},"modified":"2020-08-17T09:39:15","modified_gmt":"2020-08-17T09:39:15","slug":"yritys","status":"publish","type":"page","link":"https:\/\/dexterlifts.com\/en\/yritys\/","title":{"rendered":"About us"},"content":{"rendered":"<h2>Dexter Lifts &#8211; high quality since 1982<\/h2>\n<p>&nbsp;<\/p>\n<p>Dexter Lifts Oy is a Finnish company that designs, manufactures and sells safe and high-quality Dexter lifts for many different uses. Our products are used in cleaning and maintenance work, wood felling, construction and numerous other applications that require safe lifting.<\/p>\n<p>Our lifts are known for their high quality and reliability as well as their long life cycle. All hoists are manufactured in-house at Nokia. We sell our products worldwide to machine rental companies and end users.<\/p>\n<p>As a responsible company, Dexter Lifts values \u200b\u200bits employees, customers, suppliers, community and environment, on which we have built the foundation for a successful business since 1982. Today, Dexter Lifts continues to develop innovative and high-quality products while committed to reducing their environmental impact. We are also constantly collecting customer feedback and developing new models and features. Our goal is to be innovative and a pioneer, especially from a technological point of view.<\/p>\n<p>&nbsp;<\/p>\n<h3>History<\/h3>\n<ul>\n<li>1982 Production of Dexter passenger lifts began in Tampere.<\/li>\n<li>1992 Lift manufacturing is transferred to Nokia.<\/li>\n<li>1997 Dexter Lifts acquires its own production facilities from Nokia, where the company continues to operate.<\/li>\n<\/ul>\n<p>&nbsp;<\/p>\n<h3>Product launches<\/h3>\n<p>&nbsp;<\/p>\n<ul class=\"et_post_gallery clearfix\">\n\t\t\t\t\t<li class=\"et_gallery_item et_pb_gallery_image\">\n\t\t\t\t\t\t<a href=\"https:\/\/dexterlifts.com\/wp-content\/uploads\/2020\/05\/1993.jpg\" title=\"\">\n\t\t\t\t\t\t\t<span class=\"et_portfolio_image\">\n\t\t\t\t\t\t\t\t<img decoding=\"async\" width=\"400\" height=\"284\" src=\"https:\/\/dexterlifts.com\/wp-content\/uploads\/2020\/05\/1993-400x284.jpg\" class=\"attachment-et-pb-portfolio-image size-et-pb-portfolio-image\" alt=\"\" \/>\n\t\t\t\t\t\t\t\t<span class=\"et_overlay\"><\/span>\n\t\t\t\t\t\t\t<\/span>\n\t\t\t\t\t\t<\/a>\n\t\t\t\t\t\t<p class=\"et_pb_gallery_caption\">1993 - The first Dexter 15 Z telescopic boom is launched.<\/p>\n\t\t\t\t\t<\/li><li class=\"et_gallery_item et_pb_gallery_image\">\n\t\t\t\t\t\t<a href=\"https:\/\/dexterlifts.com\/wp-content\/uploads\/2020\/05\/1995.jpg\" title=\"\">\n\t\t\t\t\t\t\t<span class=\"et_portfolio_image\">\n\t\t\t\t\t\t\t\t<img decoding=\"async\" width=\"400\" height=\"284\" src=\"https:\/\/dexterlifts.com\/wp-content\/uploads\/2020\/05\/1995-400x284.jpg\" class=\"attachment-et-pb-portfolio-image size-et-pb-portfolio-image\" alt=\"\" \/>\n\t\t\t\t\t\t\t\t<span class=\"et_overlay\"><\/span>\n\t\t\t\t\t\t\t<\/span>\n\t\t\t\t\t\t<\/a>\n\t\t\t\t\t\t<p class=\"et_pb_gallery_caption\">1995 - Dexter 19 Z and 20 Z<\/p>\n\t\t\t\t\t<\/li><li class=\"et_gallery_item et_pb_gallery_image\">\n\t\t\t\t\t\t<a href=\"https:\/\/dexterlifts.com\/wp-content\/uploads\/2020\/05\/1997.jpg\" title=\"\">\n\t\t\t\t\t\t\t<span class=\"et_portfolio_image\">\n\t\t\t\t\t\t\t\t<img decoding=\"async\" width=\"400\" height=\"284\" src=\"https:\/\/dexterlifts.com\/wp-content\/uploads\/2020\/05\/1997-400x284.jpg\" class=\"attachment-et-pb-portfolio-image size-et-pb-portfolio-image\" alt=\"\" \/>\n\t\t\t\t\t\t\t\t<span class=\"et_overlay\"><\/span>\n\t\t\t\t\t\t\t<\/span>\n\t\t\t\t\t\t<\/a>\n\t\t\t\t\t\t<p class=\"et_pb_gallery_caption\">1997 - The company&#039;s biggest boom lift model Dexter 25 Z<\/p>\n\t\t\t\t\t<\/li>\n\t\t\t\t<\/ul>\n","protected":false},"excerpt":{"rendered":"<p>Dexter Lifts &#8211; high quality since 1982 &nbsp; Dexter Lifts Oy is a Finnish company that designs, manufactures and sells safe and high-quality Dexter lifts for many different uses. Our products are used in cleaning and maintenance work, wood felling, construction and numerous other applications that require safe lifting. Our lifts are known for their [&hellip;]<\/p>\n","protected":false},"author":1,"featured_media":0,"parent":0,"menu_order":0,"comment_status":"closed","ping_status":"closed","template":"","meta":{"_et_pb_use_builder":"on","_et_pb_old_content":"","_et_gb_content_width":"","footnotes":""},"class_list":["post-34777","page","type-page","status-publish","hentry"],"yoast_head":"<!-- This site is optimized with the Yoast SEO plugin v27.5 - https:\/\/yoast.com\/product\/yoast-seo-wordpress\/ -->\n<title>About us - Korkealaatuiset Dexter-henkil\u00f6nostimet<\/title>\n<meta name=\"robots\" content=\"index, follow, max-snippet:-1, max-image-preview:large, max-video-preview:-1\" \/>\n<link rel=\"canonical\" href=\"https:\/\/dexterlifts.com\/en\/yritys\/\" \/>\n<meta property=\"og:locale\" content=\"en_US\" \/>\n<meta property=\"og:type\" content=\"article\" \/>\n<meta property=\"og:title\" content=\"About us - Korkealaatuiset Dexter-henkil\u00f6nostimet\" \/>\n<meta property=\"og:description\" content=\"Dexter Lifts - high quality since 1982 &nbsp; Dexter Lifts Oy is a Finnish company that designs, manufactures and sells safe and high-quality Dexter lifts for many different uses. Our products are used in cleaning and maintenance work, wood felling, construction and numerous other applications that require safe lifting. Our lifts are known for their [&hellip;]\" \/>\n<meta property=\"og:url\" content=\"https:\/\/dexterlifts.com\/en\/yritys\/\" \/>\n<meta property=\"og:site_name\" content=\"Korkealaatuiset Dexter-henkil\u00f6nostimet\" \/>\n<meta property=\"article:modified_time\" content=\"2020-08-17T09:39:15+00:00\" \/>\n<meta property=\"og:image\" content=\"https:\/\/dexterlifts.com\/wp-content\/uploads\/2020\/05\/1993-400x284.jpg\" \/>\n<meta name=\"twitter:card\" content=\"summary_large_image\" \/>\n<meta name=\"twitter:label1\" content=\"Est. reading time\" \/>\n\t<meta name=\"twitter:data1\" content=\"1 minute\" \/>\n<script type=\"application\/ld+json\" class=\"yoast-schema-graph\">{\"@context\":\"https:\\\/\\\/schema.org\",\"@graph\":[{\"@type\":\"WebPage\",\"@id\":\"https:\\\/\\\/dexterlifts.com\\\/en\\\/yritys\\\/\",\"url\":\"https:\\\/\\\/dexterlifts.com\\\/en\\\/yritys\\\/\",\"name\":\"About us - Korkealaatuiset Dexter-henkil\u00f6nostimet\",\"isPartOf\":{\"@id\":\"https:\\\/\\\/dexterlifts.com\\\/#website\"},\"datePublished\":\"2020-05-15T13:41:51+00:00\",\"dateModified\":\"2020-08-17T09:39:15+00:00\",\"breadcrumb\":{\"@id\":\"https:\\\/\\\/dexterlifts.com\\\/en\\\/yritys\\\/#breadcrumb\"},\"inLanguage\":\"en-US\",\"potentialAction\":[{\"@type\":\"ReadAction\",\"target\":[\"https:\\\/\\\/dexterlifts.com\\\/en\\\/yritys\\\/\"]}]},{\"@type\":\"BreadcrumbList\",\"@id\":\"https:\\\/\\\/dexterlifts.com\\\/en\\\/yritys\\\/#breadcrumb\",\"itemListElement\":[{\"@type\":\"ListItem\",\"position\":1,\"name\":\"Home\",\"item\":\"https:\\\/\\\/dexterlifts.com\\\/en\\\/\"},{\"@type\":\"ListItem\",\"position\":2,\"name\":\"About us\"}]},{\"@type\":\"WebSite\",\"@id\":\"https:\\\/\\\/dexterlifts.com\\\/#website\",\"url\":\"https:\\\/\\\/dexterlifts.com\\\/\",\"name\":\"Dexter Lifts Oy - Dexter henkil\u00f6nostimet\",\"description\":\"Suomalaisia korkealaatuisia Dexter-henkil\u00f6nostimia monipuolisiin k\u00e4ytt\u00f6tarkoituksiin.\",\"publisher\":{\"@id\":\"https:\\\/\\\/dexterlifts.com\\\/#organization\"},\"potentialAction\":[{\"@type\":\"SearchAction\",\"target\":{\"@type\":\"EntryPoint\",\"urlTemplate\":\"https:\\\/\\\/dexterlifts.com\\\/?s={search_term_string}\"},\"query-input\":{\"@type\":\"PropertyValueSpecification\",\"valueRequired\":true,\"valueName\":\"search_term_string\"}}],\"inLanguage\":\"en-US\"},{\"@type\":\"Organization\",\"@id\":\"https:\\\/\\\/dexterlifts.com\\\/#organization\",\"name\":\"Dexter Lifts Oy\",\"url\":\"https:\\\/\\\/dexterlifts.com\\\/\",\"logo\":{\"@type\":\"ImageObject\",\"inLanguage\":\"en-US\",\"@id\":\"https:\\\/\\\/dexterlifts.com\\\/#\\\/schema\\\/logo\\\/image\\\/\",\"url\":\"https:\\\/\\\/dexterlifts.com\\\/wp-content\\\/uploads\\\/2020\\\/05\\\/dexterlifts-logo-4-scale.jpg\",\"contentUrl\":\"https:\\\/\\\/dexterlifts.com\\\/wp-content\\\/uploads\\\/2020\\\/05\\\/dexterlifts-logo-4-scale.jpg\",\"width\":1000,\"height\":670,\"caption\":\"Dexter Lifts Oy\"},\"image\":{\"@id\":\"https:\\\/\\\/dexterlifts.com\\\/#\\\/schema\\\/logo\\\/image\\\/\"}}]}<\/script>\n<!-- \/ Yoast SEO plugin. -->","yoast_head_json":{"title":"About us - Korkealaatuiset Dexter-henkil\u00f6nostimet","robots":{"index":"index","follow":"follow","max-snippet":"max-snippet:-1","max-image-preview":"max-image-preview:large","max-video-preview":"max-video-preview:-1"},"canonical":"https:\/\/dexterlifts.com\/en\/yritys\/","og_locale":"en_US","og_type":"article","og_title":"About us - Korkealaatuiset Dexter-henkil\u00f6nostimet","og_description":"Dexter Lifts - high quality since 1982 &nbsp; Dexter Lifts Oy is a Finnish company that designs, manufactures and sells safe and high-quality Dexter lifts for many different uses. Our products are used in cleaning and maintenance work, wood felling, construction and numerous other applications that require safe lifting. Our lifts are known for their [&hellip;]","og_url":"https:\/\/dexterlifts.com\/en\/yritys\/","og_site_name":"Korkealaatuiset Dexter-henkil\u00f6nostimet","article_modified_time":"2020-08-17T09:39:15+00:00","og_image":[{"url":"https:\/\/dexterlifts.com\/wp-content\/uploads\/2020\/05\/1993-400x284.jpg","type":"","width":"","height":""}],"twitter_card":"summary_large_image","twitter_misc":{"Est. reading time":"1 minute"},"schema":{"@context":"https:\/\/schema.org","@graph":[{"@type":"WebPage","@id":"https:\/\/dexterlifts.com\/en\/yritys\/","url":"https:\/\/dexterlifts.com\/en\/yritys\/","name":"About us - Korkealaatuiset Dexter-henkil\u00f6nostimet","isPartOf":{"@id":"https:\/\/dexterlifts.com\/#website"},"datePublished":"2020-05-15T13:41:51+00:00","dateModified":"2020-08-17T09:39:15+00:00","breadcrumb":{"@id":"https:\/\/dexterlifts.com\/en\/yritys\/#breadcrumb"},"inLanguage":"en-US","potentialAction":[{"@type":"ReadAction","target":["https:\/\/dexterlifts.com\/en\/yritys\/"]}]},{"@type":"BreadcrumbList","@id":"https:\/\/dexterlifts.com\/en\/yritys\/#breadcrumb","itemListElement":[{"@type":"ListItem","position":1,"name":"Home","item":"https:\/\/dexterlifts.com\/en\/"},{"@type":"ListItem","position":2,"name":"About us"}]},{"@type":"WebSite","@id":"https:\/\/dexterlifts.com\/#website","url":"https:\/\/dexterlifts.com\/","name":"Dexter Lifts Oy - Dexter henkil\u00f6nostimet","description":"Suomalaisia korkealaatuisia Dexter-henkil\u00f6nostimia monipuolisiin k\u00e4ytt\u00f6tarkoituksiin.","publisher":{"@id":"https:\/\/dexterlifts.com\/#organization"},"potentialAction":[{"@type":"SearchAction","target":{"@type":"EntryPoint","urlTemplate":"https:\/\/dexterlifts.com\/?s={search_term_string}"},"query-input":{"@type":"PropertyValueSpecification","valueRequired":true,"valueName":"search_term_string"}}],"inLanguage":"en-US"},{"@type":"Organization","@id":"https:\/\/dexterlifts.com\/#organization","name":"Dexter Lifts Oy","url":"https:\/\/dexterlifts.com\/","logo":{"@type":"ImageObject","inLanguage":"en-US","@id":"https:\/\/dexterlifts.com\/#\/schema\/logo\/image\/","url":"https:\/\/dexterlifts.com\/wp-content\/uploads\/2020\/05\/dexterlifts-logo-4-scale.jpg","contentUrl":"https:\/\/dexterlifts.com\/wp-content\/uploads\/2020\/05\/dexterlifts-logo-4-scale.jpg","width":1000,"height":670,"caption":"Dexter Lifts Oy"},"image":{"@id":"https:\/\/dexterlifts.com\/#\/schema\/logo\/image\/"}}]}},"_links":{"self":[{"href":"https:\/\/dexterlifts.com\/en\/wp-json\/wp\/v2\/pages\/34777","targetHints":{"allow":["GET"]}}],"collection":[{"href":"https:\/\/dexterlifts.com\/en\/wp-json\/wp\/v2\/pages"}],"about":[{"href":"https:\/\/dexterlifts.com\/en\/wp-json\/wp\/v2\/types\/page"}],"author":[{"embeddable":true,"href":"https:\/\/dexterlifts.com\/en\/wp-json\/wp\/v2\/users\/1"}],"replies":[{"embeddable":true,"href":"https:\/\/dexterlifts.com\/en\/wp-json\/wp\/v2\/comments?post=34777"}],"version-history":[{"count":1,"href":"https:\/\/dexterlifts.com\/en\/wp-json\/wp\/v2\/pages\/34777\/revisions"}],"predecessor-version":[{"id":34790,"href":"https:\/\/dexterlifts.com\/en\/wp-json\/wp\/v2\/pages\/34777\/revisions\/34790"}],"wp:attachment":[{"href":"https:\/\/dexterlifts.com\/en\/wp-json\/wp\/v2\/media?parent=34777"}],"curies":[{"name":"wp","href":"https:\/\/api.w.org\/{rel}","templated":true}]}}