{"id":40308,"date":"2022-10-19T16:23:11","date_gmt":"2022-10-19T13:23:11","guid":{"rendered":"https:\/\/dexterlifts.com\/wartungsdienstleistungen\/"},"modified":"2022-10-19T16:23:12","modified_gmt":"2022-10-19T13:23:12","slug":"wartungsdienstleistungen","status":"publish","type":"page","link":"https:\/\/dexterlifts.com\/de\/wartungsdienstleistungen\/","title":{"rendered":"Wartungsdienstleistungen"},"content":{"rendered":"<p>[et_pb_section fb_built=&#8220;1&#8243; fullwidth=&#8220;on&#8220; _builder_version=&#8220;4.16&#8243; global_colors_info=&#8220;{}&#8220;][et_pb_fullwidth_slider _builder_version=&#8220;4.18.0&#8243; background_color=&#8220;#FFFFFF&#8220; custom_margin=&#8220;||0px||false|false&#8220; global_colors_info=&#8220;{}&#8220;][et_pb_slide heading=&#8220;Wartung und regelm\u00e4\u00dfige Inspektionen von Personenaufz\u00fcgen&#8220; _builder_version=&#8220;4.18.0&#8243; body_font_size=&#8220;24px&#8220; background_color=&#8220;#FFFFFF&#8220; background_enable_color=&#8220;on&#8220; use_background_color_gradient=&#8220;on&#8220; background_enable_image=&#8220;off&#8220; global_colors_info=&#8220;{}&#8220; sticky_transition=&#8220;on&#8220;]<\/p>\n<p>Wir f\u00fchren Wartungen und regelm\u00e4\u00dfige Inspektionen f\u00fcr Personenaufz\u00fcge durch.<\/p>\n<p>[\/et_pb_slide][\/et_pb_fullwidth_slider][\/et_pb_section][et_pb_section fb_built=&#8220;1&#8243; _builder_version=&#8220;4.16&#8243; custom_margin=&#8220;||||false|false&#8220; custom_padding=&#8220;||0px||false|false&#8220; global_colors_info=&#8220;{}&#8220;][et_pb_row _builder_version=&#8220;4.16&#8243; background_enable_color=&#8220;off&#8220; custom_margin=&#8220;||||true|false&#8220; custom_padding=&#8220;||||false|false&#8220; global_colors_info=&#8220;{}&#8220;][et_pb_column type=&#8220;4_4&#8243; _builder_version=&#8220;4.16&#8243; global_colors_info=&#8220;{}&#8220;][et_pb_text _builder_version=&#8220;4.18.0&#8243; background_color=&#8220;rgba(201,201,201,0.07)&#8220; custom_padding=&#8220;20px|20px|20px|20px|false|false&#8220; box_shadow_style=&#8220;preset4&#8243; box_shadow_horizontal=&#8220;2px&#8220; box_shadow_vertical=&#8220;2px&#8220; box_shadow_color=&#8220;rgba(0,0,0,0.12)&#8220; global_colors_info=&#8220;{}&#8220;]<\/p>\n<h3>Wartung und Renovierung von Aufz\u00fcgen<\/h3>\n<ul>\n<li>Wir f\u00fchren Wartungs- und Renovierungsarbeiten f\u00fcr Hebeb\u00fchnen aller Marken durch<\/li>\n<li>Renovierungsarbeiten k\u00f6nnen den Austausch defekter Teile oder sogar eine komplette Renovierung des gesamten Aufzugs mit Neulackierung umfassen<\/li>\n<li>Die Arbeiten erledigen wir entweder im Stundenlohn oder nach einem liftspezifischen Angebot<\/li>\n<li>Angebotsanfragen an sales@dexterlifts.com<\/li>\n<\/ul>\n<p>[\/et_pb_text][\/et_pb_column][\/et_pb_row][\/et_pb_section][et_pb_section fb_built=&#8220;1&#8243; _builder_version=&#8220;4.16&#8243; custom_margin=&#8220;0px||||false|false&#8220; global_colors_info=&#8220;{}&#8220;][et_pb_row _builder_version=&#8220;4.16&#8243; custom_margin=&#8220;0px||0px||false|false&#8220; global_colors_info=&#8220;{}&#8220;][et_pb_column type=&#8220;4_4&#8243; _builder_version=&#8220;4.16&#8243; global_colors_info=&#8220;{}&#8220;][et_pb_text _builder_version=&#8220;4.18.0&#8243; background_color=&#8220;rgba(201,201,201,0.07)&#8220; custom_padding=&#8220;20px|20px|20px|20px|false|false&#8220; hover_enabled=&#8220;0&#8243; box_shadow_style=&#8220;preset4&#8243; box_shadow_horizontal=&#8220;2px&#8220; box_shadow_vertical=&#8220;2px&#8220; box_shadow_color=&#8220;rgba(0,0,0,0.12)&#8220; global_colors_info=&#8220;{}&#8220; sticky_enabled=&#8220;0&#8243;]<\/p>\n<h3>regelm\u00e4\u00dfige Inspektionen<\/h3>\n<p>&nbsp;<\/p>\n<ul>\n<li>Wir f\u00fchren regelm\u00e4\u00dfige Inspektionen aller Hebeb\u00fchnenmarken mit Professionalit\u00e4t durch.<\/li>\n<li>Anfragen an sales@dexterlifts.com<\/li>\n<\/ul>\n<p>[\/et_pb_text][\/et_pb_column][\/et_pb_row][\/et_pb_section][et_pb_section fb_built=&#8220;1&#8243; _builder_version=&#8220;4.16&#8243; custom_margin=&#8220;0px||||false|false&#8220; global_colors_info=&#8220;{}&#8220;][et_pb_row _builder_version=&#8220;4.16&#8243; custom_margin=&#8220;0px||0px||false|false&#8220; global_colors_info=&#8220;{}&#8220;][et_pb_column type=&#8220;4_4&#8243; _builder_version=&#8220;4.16&#8243; global_colors_info=&#8220;{}&#8220;][et_pb_text _builder_version=&#8220;4.18.0&#8243; background_color=&#8220;rgba(201,201,201,0.07)&#8220; custom_padding=&#8220;20px|20px|20px|20px|false|false&#8220; hover_enabled=&#8220;0&#8243; box_shadow_style=&#8220;preset4&#8243; box_shadow_horizontal=&#8220;2px&#8220; box_shadow_vertical=&#8220;2px&#8220; box_shadow_color=&#8220;rgba(0,0,0,0.12)&#8220; global_colors_info=&#8220;{}&#8220; sticky_enabled=&#8220;0&#8243;]<\/p>\n<h3>gr\u00fcndliche regelm\u00e4\u00dfige Inspektionen<\/h3>\n<p>&nbsp;<\/p>\n<ul>\n<li>Wir f\u00fchren gr\u00fcndliche periodische Inspektionen aller Hebeb\u00fchnenmarken durch, d. h. zehnj\u00e4hrige Inspektionen mit Professionalit\u00e4t.<\/li>\n<li>Angebotsanfragen an sales@dexterlifts.com<\/li>\n<\/ul>\n<p>[\/et_pb_text][\/et_pb_column][\/et_pb_row][\/et_pb_section]<\/p>\n","protected":false},"excerpt":{"rendered":"<p>Wir f\u00fchren Wartungen und regelm\u00e4\u00dfige Inspektionen f\u00fcr Personenaufz\u00fcge durch.Wartung und Renovierung von Aufz\u00fcgen Wir f\u00fchren Wartungs- und Renovierungsarbeiten f\u00fcr Hebeb\u00fchnen aller Marken durch Renovierungsarbeiten k\u00f6nnen den Austausch defekter Teile oder sogar eine komplette Renovierung des gesamten Aufzugs mit Neulackierung umfassen Die Arbeiten erledigen wir entweder im Stundenlohn oder nach einem liftspezifischen Angebot Angebotsanfragen an sales@dexterlifts.com [&hellip;]<\/p>\n","protected":false},"author":5,"featured_media":40309,"parent":0,"menu_order":0,"comment_status":"closed","ping_status":"closed","template":"","meta":{"_et_pb_use_builder":"on","_et_pb_old_content":"","_et_gb_content_width":"","footnotes":""},"class_list":["post-40308","page","type-page","status-publish","has-post-thumbnail","hentry"],"yoast_head":"<!-- This site is optimized with the Yoast SEO plugin v27.3 - https:\/\/yoast.com\/product\/yoast-seo-wordpress\/ -->\n<title>Wartungsdienstleistungen - Korkealaatuiset Dexter-henkil\u00f6nostimet<\/title>\n<meta name=\"robots\" content=\"index, follow, max-snippet:-1, max-image-preview:large, max-video-preview:-1\" \/>\n<link rel=\"canonical\" href=\"https:\/\/dexterlifts.com\/de\/wartungsdienstleistungen\/\" \/>\n<meta property=\"og:locale\" content=\"de_DE\" \/>\n<meta property=\"og:type\" content=\"article\" \/>\n<meta property=\"og:title\" content=\"Wartungsdienstleistungen - Korkealaatuiset Dexter-henkil\u00f6nostimet\" \/>\n<meta property=\"og:description\" content=\"Wir f\u00fchren Wartungen und regelm\u00e4\u00dfige Inspektionen f\u00fcr Personenaufz\u00fcge durch.Wartung und Renovierung von Aufz\u00fcgen Wir f\u00fchren Wartungs- und Renovierungsarbeiten f\u00fcr Hebeb\u00fchnen aller Marken durch Renovierungsarbeiten k\u00f6nnen den Austausch defekter Teile oder sogar eine komplette Renovierung des gesamten Aufzugs mit Neulackierung umfassen Die Arbeiten erledigen wir entweder im Stundenlohn oder nach einem liftspezifischen Angebot Angebotsanfragen an sales@dexterlifts.com [&hellip;]\" \/>\n<meta property=\"og:url\" content=\"https:\/\/dexterlifts.com\/de\/wartungsdienstleistungen\/\" \/>\n<meta property=\"og:site_name\" content=\"Korkealaatuiset Dexter-henkil\u00f6nostimet\" \/>\n<meta property=\"article:modified_time\" content=\"2022-10-19T13:23:12+00:00\" \/>\n<meta property=\"og:image\" content=\"https:\/\/dexterlifts.com\/wp-content\/uploads\/2016\/09\/04_thumb.jpg\" \/>\n\t<meta property=\"og:image:width\" content=\"340\" \/>\n\t<meta property=\"og:image:height\" content=\"240\" \/>\n\t<meta property=\"og:image:type\" content=\"image\/jpeg\" \/>\n<meta name=\"twitter:card\" content=\"summary_large_image\" \/>\n<meta name=\"twitter:label1\" content=\"Gesch\u00e4tzte Lesezeit\" \/>\n\t<meta name=\"twitter:data1\" content=\"2\u00a0Minuten\" \/>\n<script type=\"application\/ld+json\" class=\"yoast-schema-graph\">{\"@context\":\"https:\\\/\\\/schema.org\",\"@graph\":[{\"@type\":\"WebPage\",\"@id\":\"https:\\\/\\\/dexterlifts.com\\\/de\\\/wartungsdienstleistungen\\\/\",\"url\":\"https:\\\/\\\/dexterlifts.com\\\/de\\\/wartungsdienstleistungen\\\/\",\"name\":\"Wartungsdienstleistungen - Korkealaatuiset Dexter-henkil\u00f6nostimet\",\"isPartOf\":{\"@id\":\"https:\\\/\\\/dexterlifts.com\\\/#website\"},\"primaryImageOfPage\":{\"@id\":\"https:\\\/\\\/dexterlifts.com\\\/de\\\/wartungsdienstleistungen\\\/#primaryimage\"},\"image\":{\"@id\":\"https:\\\/\\\/dexterlifts.com\\\/de\\\/wartungsdienstleistungen\\\/#primaryimage\"},\"thumbnailUrl\":\"https:\\\/\\\/dexterlifts.com\\\/wp-content\\\/uploads\\\/2016\\\/09\\\/04_thumb.jpg\",\"datePublished\":\"2022-10-19T13:23:11+00:00\",\"dateModified\":\"2022-10-19T13:23:12+00:00\",\"breadcrumb\":{\"@id\":\"https:\\\/\\\/dexterlifts.com\\\/de\\\/wartungsdienstleistungen\\\/#breadcrumb\"},\"inLanguage\":\"de\",\"potentialAction\":[{\"@type\":\"ReadAction\",\"target\":[\"https:\\\/\\\/dexterlifts.com\\\/de\\\/wartungsdienstleistungen\\\/\"]}]},{\"@type\":\"ImageObject\",\"inLanguage\":\"de\",\"@id\":\"https:\\\/\\\/dexterlifts.com\\\/de\\\/wartungsdienstleistungen\\\/#primaryimage\",\"url\":\"https:\\\/\\\/dexterlifts.com\\\/wp-content\\\/uploads\\\/2016\\\/09\\\/04_thumb.jpg\",\"contentUrl\":\"https:\\\/\\\/dexterlifts.com\\\/wp-content\\\/uploads\\\/2016\\\/09\\\/04_thumb.jpg\",\"width\":340,\"height\":240},{\"@type\":\"BreadcrumbList\",\"@id\":\"https:\\\/\\\/dexterlifts.com\\\/de\\\/wartungsdienstleistungen\\\/#breadcrumb\",\"itemListElement\":[{\"@type\":\"ListItem\",\"position\":1,\"name\":\"Home\",\"item\":\"https:\\\/\\\/dexterlifts.com\\\/de\\\/\"},{\"@type\":\"ListItem\",\"position\":2,\"name\":\"Wartungsdienstleistungen\"}]},{\"@type\":\"WebSite\",\"@id\":\"https:\\\/\\\/dexterlifts.com\\\/#website\",\"url\":\"https:\\\/\\\/dexterlifts.com\\\/\",\"name\":\"Dexter Lifts Oy - Dexter henkil\u00f6nostimet\",\"description\":\"Suomalaisia korkealaatuisia Dexter-henkil\u00f6nostimia monipuolisiin k\u00e4ytt\u00f6tarkoituksiin.\",\"publisher\":{\"@id\":\"https:\\\/\\\/dexterlifts.com\\\/#organization\"},\"potentialAction\":[{\"@type\":\"SearchAction\",\"target\":{\"@type\":\"EntryPoint\",\"urlTemplate\":\"https:\\\/\\\/dexterlifts.com\\\/?s={search_term_string}\"},\"query-input\":{\"@type\":\"PropertyValueSpecification\",\"valueRequired\":true,\"valueName\":\"search_term_string\"}}],\"inLanguage\":\"de\"},{\"@type\":\"Organization\",\"@id\":\"https:\\\/\\\/dexterlifts.com\\\/#organization\",\"name\":\"Dexter Lifts Oy\",\"url\":\"https:\\\/\\\/dexterlifts.com\\\/\",\"logo\":{\"@type\":\"ImageObject\",\"inLanguage\":\"de\",\"@id\":\"https:\\\/\\\/dexterlifts.com\\\/#\\\/schema\\\/logo\\\/image\\\/\",\"url\":\"https:\\\/\\\/dexterlifts.com\\\/wp-content\\\/uploads\\\/2020\\\/05\\\/dexterlifts-logo-4-scale.jpg\",\"contentUrl\":\"https:\\\/\\\/dexterlifts.com\\\/wp-content\\\/uploads\\\/2020\\\/05\\\/dexterlifts-logo-4-scale.jpg\",\"width\":1000,\"height\":670,\"caption\":\"Dexter Lifts Oy\"},\"image\":{\"@id\":\"https:\\\/\\\/dexterlifts.com\\\/#\\\/schema\\\/logo\\\/image\\\/\"}}]}<\/script>\n<!-- \/ Yoast SEO plugin. -->","yoast_head_json":{"title":"Wartungsdienstleistungen - Korkealaatuiset Dexter-henkil\u00f6nostimet","robots":{"index":"index","follow":"follow","max-snippet":"max-snippet:-1","max-image-preview":"max-image-preview:large","max-video-preview":"max-video-preview:-1"},"canonical":"https:\/\/dexterlifts.com\/de\/wartungsdienstleistungen\/","og_locale":"de_DE","og_type":"article","og_title":"Wartungsdienstleistungen - Korkealaatuiset Dexter-henkil\u00f6nostimet","og_description":"Wir f\u00fchren Wartungen und regelm\u00e4\u00dfige Inspektionen f\u00fcr Personenaufz\u00fcge durch.Wartung und Renovierung von Aufz\u00fcgen Wir f\u00fchren Wartungs- und Renovierungsarbeiten f\u00fcr Hebeb\u00fchnen aller Marken durch Renovierungsarbeiten k\u00f6nnen den Austausch defekter Teile oder sogar eine komplette Renovierung des gesamten Aufzugs mit Neulackierung umfassen Die Arbeiten erledigen wir entweder im Stundenlohn oder nach einem liftspezifischen Angebot Angebotsanfragen an sales@dexterlifts.com [&hellip;]","og_url":"https:\/\/dexterlifts.com\/de\/wartungsdienstleistungen\/","og_site_name":"Korkealaatuiset Dexter-henkil\u00f6nostimet","article_modified_time":"2022-10-19T13:23:12+00:00","og_image":[{"width":340,"height":240,"url":"https:\/\/dexterlifts.com\/wp-content\/uploads\/2016\/09\/04_thumb.jpg","type":"image\/jpeg"}],"twitter_card":"summary_large_image","twitter_misc":{"Gesch\u00e4tzte Lesezeit":"2\u00a0Minuten"},"schema":{"@context":"https:\/\/schema.org","@graph":[{"@type":"WebPage","@id":"https:\/\/dexterlifts.com\/de\/wartungsdienstleistungen\/","url":"https:\/\/dexterlifts.com\/de\/wartungsdienstleistungen\/","name":"Wartungsdienstleistungen - Korkealaatuiset Dexter-henkil\u00f6nostimet","isPartOf":{"@id":"https:\/\/dexterlifts.com\/#website"},"primaryImageOfPage":{"@id":"https:\/\/dexterlifts.com\/de\/wartungsdienstleistungen\/#primaryimage"},"image":{"@id":"https:\/\/dexterlifts.com\/de\/wartungsdienstleistungen\/#primaryimage"},"thumbnailUrl":"https:\/\/dexterlifts.com\/wp-content\/uploads\/2016\/09\/04_thumb.jpg","datePublished":"2022-10-19T13:23:11+00:00","dateModified":"2022-10-19T13:23:12+00:00","breadcrumb":{"@id":"https:\/\/dexterlifts.com\/de\/wartungsdienstleistungen\/#breadcrumb"},"inLanguage":"de","potentialAction":[{"@type":"ReadAction","target":["https:\/\/dexterlifts.com\/de\/wartungsdienstleistungen\/"]}]},{"@type":"ImageObject","inLanguage":"de","@id":"https:\/\/dexterlifts.com\/de\/wartungsdienstleistungen\/#primaryimage","url":"https:\/\/dexterlifts.com\/wp-content\/uploads\/2016\/09\/04_thumb.jpg","contentUrl":"https:\/\/dexterlifts.com\/wp-content\/uploads\/2016\/09\/04_thumb.jpg","width":340,"height":240},{"@type":"BreadcrumbList","@id":"https:\/\/dexterlifts.com\/de\/wartungsdienstleistungen\/#breadcrumb","itemListElement":[{"@type":"ListItem","position":1,"name":"Home","item":"https:\/\/dexterlifts.com\/de\/"},{"@type":"ListItem","position":2,"name":"Wartungsdienstleistungen"}]},{"@type":"WebSite","@id":"https:\/\/dexterlifts.com\/#website","url":"https:\/\/dexterlifts.com\/","name":"Dexter Lifts Oy - Dexter henkil\u00f6nostimet","description":"Suomalaisia korkealaatuisia Dexter-henkil\u00f6nostimia monipuolisiin k\u00e4ytt\u00f6tarkoituksiin.","publisher":{"@id":"https:\/\/dexterlifts.com\/#organization"},"potentialAction":[{"@type":"SearchAction","target":{"@type":"EntryPoint","urlTemplate":"https:\/\/dexterlifts.com\/?s={search_term_string}"},"query-input":{"@type":"PropertyValueSpecification","valueRequired":true,"valueName":"search_term_string"}}],"inLanguage":"de"},{"@type":"Organization","@id":"https:\/\/dexterlifts.com\/#organization","name":"Dexter Lifts Oy","url":"https:\/\/dexterlifts.com\/","logo":{"@type":"ImageObject","inLanguage":"de","@id":"https:\/\/dexterlifts.com\/#\/schema\/logo\/image\/","url":"https:\/\/dexterlifts.com\/wp-content\/uploads\/2020\/05\/dexterlifts-logo-4-scale.jpg","contentUrl":"https:\/\/dexterlifts.com\/wp-content\/uploads\/2020\/05\/dexterlifts-logo-4-scale.jpg","width":1000,"height":670,"caption":"Dexter Lifts Oy"},"image":{"@id":"https:\/\/dexterlifts.com\/#\/schema\/logo\/image\/"}}]}},"_links":{"self":[{"href":"https:\/\/dexterlifts.com\/de\/wp-json\/wp\/v2\/pages\/40308","targetHints":{"allow":["GET"]}}],"collection":[{"href":"https:\/\/dexterlifts.com\/de\/wp-json\/wp\/v2\/pages"}],"about":[{"href":"https:\/\/dexterlifts.com\/de\/wp-json\/wp\/v2\/types\/page"}],"author":[{"embeddable":true,"href":"https:\/\/dexterlifts.com\/de\/wp-json\/wp\/v2\/users\/5"}],"replies":[{"embeddable":true,"href":"https:\/\/dexterlifts.com\/de\/wp-json\/wp\/v2\/comments?post=40308"}],"version-history":[{"count":2,"href":"https:\/\/dexterlifts.com\/de\/wp-json\/wp\/v2\/pages\/40308\/revisions"}],"predecessor-version":[{"id":40311,"href":"https:\/\/dexterlifts.com\/de\/wp-json\/wp\/v2\/pages\/40308\/revisions\/40311"}],"wp:featuredmedia":[{"embeddable":true,"href":"https:\/\/dexterlifts.com\/de\/wp-json\/wp\/v2\/media\/40309"}],"wp:attachment":[{"href":"https:\/\/dexterlifts.com\/de\/wp-json\/wp\/v2\/media?parent=40308"}],"curies":[{"name":"wp","href":"https:\/\/api.w.org\/{rel}","templated":true}]}}