{"id":34860,"date":"2020-08-18T10:36:37","date_gmt":"2020-08-18T10:36:37","guid":{"rendered":"https:\/\/dexterlifts.com\/arbeitsbuehnen\/"},"modified":"2022-10-21T09:41:44","modified_gmt":"2022-10-21T06:41:44","slug":"arbeitsbuehnen","status":"publish","type":"page","link":"https:\/\/dexterlifts.com\/de\/arbeitsbuehnen\/","title":{"rendered":"Pers\u00f6nliche Aufz\u00fcge"},"content":{"rendered":"<p>[et_pb_section fb_built=&#8220;1&#8243; _builder_version=&#8220;4.4.7&#8243; global_colors_info=&#8220;{}&#8220;][et_pb_row _builder_version=&#8220;4.4.8&#8243; global_colors_info=&#8220;{}&#8220;][et_pb_column type=&#8220;4_4&#8243; _builder_version=&#8220;4.4.8&#8243; global_colors_info=&#8220;{}&#8220;][et_pb_blurb title=&#8220;Neue und gebrauchte Personenlifter von Dexter&#8220; content_max_width=&#8220;1100px&#8220; _builder_version=&#8220;4.13.0&#8243; header_level=&#8220;h2&#8243; text_orientation=&#8220;justified&#8220; global_colors_info=&#8220;{}&#8220;]<\/p>\n<p>Wenn Ihr aktueller Personenlift nicht mehr Ihren Anforderungen entspricht, sollten Sie sich mit den neuen Modellen unserer Produktion vertraut machen. Wenn Sie hingegen nach einer g\u00fcnstigeren L\u00f6sung f\u00fcr Ihren pers\u00f6nlichen Hebebedarf suchen, finden Sie hier auch eine Liste unserer aktuell zum Verkauf stehenden gebrauchten Hebeb\u00fchnen. Alle von uns verkauften Personenlifter werden von uns gepr\u00fcft und gewartet, sodass Sie sich auch beim Kauf eines gebrauchten Lifters keine Sorgen um die Sicherheit machen m\u00fcssen.<\/p>\n<p>[\/et_pb_blurb][\/et_pb_column][\/et_pb_row][et_pb_row column_structure=&#8220;1_2,1_2&#8243; _builder_version=&#8220;4.4.7&#8243; custom_padding=&#8220;||43px|||&#8220; global_colors_info=&#8220;{}&#8220;][et_pb_column type=&#8220;1_2&#8243; _builder_version=&#8220;4.4.7&#8243; global_colors_info=&#8220;{}&#8220;][et_pb_image src=&#8220;https:\/\/dexterlifts.com\/wp-content\/uploads\/2020\/03\/15za01-024.jpg&#8220; title_text=&#8220;15za01 024&#8243; url=&#8220;https:\/\/dexterlifts.com\/#nostimet&#8220; _builder_version=&#8220;4.4.8&#8243; global_colors_info=&#8220;{}&#8220;][\/et_pb_image][et_pb_button button_url=&#8220;https:\/\/dexterlifts.com\/#nostimet&#8220; button_text=&#8220;Die neuen&#8220; button_alignment=&#8220;center&#8220; _builder_version=&#8220;4.4.8&#8243; global_colors_info=&#8220;{}&#8220;][\/et_pb_button][\/et_pb_column][et_pb_column type=&#8220;1_2&#8243; _builder_version=&#8220;4.4.7&#8243; global_colors_info=&#8220;{}&#8220;][et_pb_image src=&#8220;https:\/\/dexterlifts.com\/wp-content\/uploads\/2020\/08\/kaytetty_19ZS-scaled.jpg&#8220; alt=&#8220;2019 &#8211; Das neueste Modell des Unternehmens, die Gelenkteleskoparbeitsb\u00fchne Dexter 15 ZA&#8220; title_text=&#8220;gebraucht_19ZS&#8220; url=&#8220;https:\/\/dexterlifts.com\/de\/arbeitsbuehnen\/kaytetyt-henkilonostimet\/&#8220; _builder_version=&#8220;4.14.2&#8243; max_height=&#8220;535px&#8220; hover_enabled=&#8220;0&#8243; global_colors_info=&#8220;{}&#8220; sticky_enabled=&#8220;0&#8243;][\/et_pb_image][et_pb_button button_url=&#8220;https:\/\/dexterlifts.com\/de\/arbeitsbuehnen\/kaytetyt-henkilonostimet\/&#8220; button_text=&#8220;Gebrauchte&#8220; button_alignment=&#8220;center&#8220; _builder_version=&#8220;4.14.2&#8243; custom_button=&#8220;on&#8220; button_border_radius=&#8220;10px&#8220; hover_enabled=&#8220;0&#8243; global_colors_info=&#8220;{}&#8220; sticky_enabled=&#8220;0&#8243;][\/et_pb_button][\/et_pb_column][\/et_pb_row][\/et_pb_section]<\/p>\n","protected":false},"excerpt":{"rendered":"<p>Wenn Ihr aktueller Personenlift nicht mehr Ihren Anforderungen entspricht, sollten Sie sich mit den neuen Modellen unserer Produktion vertraut machen. Wenn Sie hingegen nach einer g\u00fcnstigeren L\u00f6sung f\u00fcr Ihren pers\u00f6nlichen Hebebedarf suchen, finden Sie hier auch eine Liste unserer aktuell zum Verkauf stehenden gebrauchten Hebeb\u00fchnen. Alle von uns verkauften Personenlifter werden von uns gepr\u00fcft und [&hellip;]<\/p>\n","protected":false},"author":3,"featured_media":0,"parent":0,"menu_order":0,"comment_status":"closed","ping_status":"closed","template":"","meta":{"_et_pb_use_builder":"on","_et_pb_old_content":"","_et_gb_content_width":"","footnotes":""},"class_list":["post-34860","page","type-page","status-publish","hentry"],"yoast_head":"<!-- This site is optimized with the Yoast SEO plugin v27.5 - https:\/\/yoast.com\/product\/yoast-seo-wordpress\/ -->\n<title>Pers\u00f6nliche Aufz\u00fcge - Korkealaatuiset Dexter-henkil\u00f6nostimet<\/title>\n<meta name=\"robots\" content=\"index, follow, max-snippet:-1, max-image-preview:large, max-video-preview:-1\" \/>\n<link rel=\"canonical\" href=\"https:\/\/dexterlifts.com\/de\/arbeitsbuehnen\/\" \/>\n<meta property=\"og:locale\" content=\"de_DE\" \/>\n<meta property=\"og:type\" content=\"article\" \/>\n<meta property=\"og:title\" content=\"Pers\u00f6nliche Aufz\u00fcge - Korkealaatuiset Dexter-henkil\u00f6nostimet\" \/>\n<meta property=\"og:description\" content=\"Wenn Ihr aktueller Personenlift nicht mehr Ihren Anforderungen entspricht, sollten Sie sich mit den neuen Modellen unserer Produktion vertraut machen. Wenn Sie hingegen nach einer g\u00fcnstigeren L\u00f6sung f\u00fcr Ihren pers\u00f6nlichen Hebebedarf suchen, finden Sie hier auch eine Liste unserer aktuell zum Verkauf stehenden gebrauchten Hebeb\u00fchnen. Alle von uns verkauften Personenlifter werden von uns gepr\u00fcft und [&hellip;]\" \/>\n<meta property=\"og:url\" content=\"https:\/\/dexterlifts.com\/de\/arbeitsbuehnen\/\" \/>\n<meta property=\"og:site_name\" content=\"Korkealaatuiset Dexter-henkil\u00f6nostimet\" \/>\n<meta property=\"article:modified_time\" content=\"2022-10-21T06:41:44+00:00\" \/>\n<meta name=\"twitter:card\" content=\"summary_large_image\" \/>\n<meta name=\"twitter:label1\" content=\"Gesch\u00e4tzte Lesezeit\" \/>\n\t<meta name=\"twitter:data1\" content=\"2\u00a0Minuten\" \/>\n<script type=\"application\/ld+json\" class=\"yoast-schema-graph\">{\"@context\":\"https:\\\/\\\/schema.org\",\"@graph\":[{\"@type\":\"WebPage\",\"@id\":\"https:\\\/\\\/dexterlifts.com\\\/de\\\/arbeitsbuehnen\\\/\",\"url\":\"https:\\\/\\\/dexterlifts.com\\\/de\\\/arbeitsbuehnen\\\/\",\"name\":\"Pers\u00f6nliche Aufz\u00fcge - Korkealaatuiset Dexter-henkil\u00f6nostimet\",\"isPartOf\":{\"@id\":\"https:\\\/\\\/dexterlifts.com\\\/#website\"},\"datePublished\":\"2020-08-18T10:36:37+00:00\",\"dateModified\":\"2022-10-21T06:41:44+00:00\",\"breadcrumb\":{\"@id\":\"https:\\\/\\\/dexterlifts.com\\\/de\\\/arbeitsbuehnen\\\/#breadcrumb\"},\"inLanguage\":\"de\",\"potentialAction\":[{\"@type\":\"ReadAction\",\"target\":[\"https:\\\/\\\/dexterlifts.com\\\/de\\\/arbeitsbuehnen\\\/\"]}]},{\"@type\":\"BreadcrumbList\",\"@id\":\"https:\\\/\\\/dexterlifts.com\\\/de\\\/arbeitsbuehnen\\\/#breadcrumb\",\"itemListElement\":[{\"@type\":\"ListItem\",\"position\":1,\"name\":\"Home\",\"item\":\"https:\\\/\\\/dexterlifts.com\\\/de\\\/\"},{\"@type\":\"ListItem\",\"position\":2,\"name\":\"Pers\u00f6nliche Aufz\u00fcge\"}]},{\"@type\":\"WebSite\",\"@id\":\"https:\\\/\\\/dexterlifts.com\\\/#website\",\"url\":\"https:\\\/\\\/dexterlifts.com\\\/\",\"name\":\"Dexter Lifts Oy - Dexter henkil\u00f6nostimet\",\"description\":\"Suomalaisia korkealaatuisia Dexter-henkil\u00f6nostimia monipuolisiin k\u00e4ytt\u00f6tarkoituksiin.\",\"publisher\":{\"@id\":\"https:\\\/\\\/dexterlifts.com\\\/#organization\"},\"potentialAction\":[{\"@type\":\"SearchAction\",\"target\":{\"@type\":\"EntryPoint\",\"urlTemplate\":\"https:\\\/\\\/dexterlifts.com\\\/?s={search_term_string}\"},\"query-input\":{\"@type\":\"PropertyValueSpecification\",\"valueRequired\":true,\"valueName\":\"search_term_string\"}}],\"inLanguage\":\"de\"},{\"@type\":\"Organization\",\"@id\":\"https:\\\/\\\/dexterlifts.com\\\/#organization\",\"name\":\"Dexter Lifts Oy\",\"url\":\"https:\\\/\\\/dexterlifts.com\\\/\",\"logo\":{\"@type\":\"ImageObject\",\"inLanguage\":\"de\",\"@id\":\"https:\\\/\\\/dexterlifts.com\\\/#\\\/schema\\\/logo\\\/image\\\/\",\"url\":\"https:\\\/\\\/dexterlifts.com\\\/wp-content\\\/uploads\\\/2020\\\/05\\\/dexterlifts-logo-4-scale.jpg\",\"contentUrl\":\"https:\\\/\\\/dexterlifts.com\\\/wp-content\\\/uploads\\\/2020\\\/05\\\/dexterlifts-logo-4-scale.jpg\",\"width\":1000,\"height\":670,\"caption\":\"Dexter Lifts Oy\"},\"image\":{\"@id\":\"https:\\\/\\\/dexterlifts.com\\\/#\\\/schema\\\/logo\\\/image\\\/\"}}]}<\/script>\n<!-- \/ Yoast SEO plugin. -->","yoast_head_json":{"title":"Pers\u00f6nliche Aufz\u00fcge - Korkealaatuiset Dexter-henkil\u00f6nostimet","robots":{"index":"index","follow":"follow","max-snippet":"max-snippet:-1","max-image-preview":"max-image-preview:large","max-video-preview":"max-video-preview:-1"},"canonical":"https:\/\/dexterlifts.com\/de\/arbeitsbuehnen\/","og_locale":"de_DE","og_type":"article","og_title":"Pers\u00f6nliche Aufz\u00fcge - Korkealaatuiset Dexter-henkil\u00f6nostimet","og_description":"Wenn Ihr aktueller Personenlift nicht mehr Ihren Anforderungen entspricht, sollten Sie sich mit den neuen Modellen unserer Produktion vertraut machen. Wenn Sie hingegen nach einer g\u00fcnstigeren L\u00f6sung f\u00fcr Ihren pers\u00f6nlichen Hebebedarf suchen, finden Sie hier auch eine Liste unserer aktuell zum Verkauf stehenden gebrauchten Hebeb\u00fchnen. Alle von uns verkauften Personenlifter werden von uns gepr\u00fcft und [&hellip;]","og_url":"https:\/\/dexterlifts.com\/de\/arbeitsbuehnen\/","og_site_name":"Korkealaatuiset Dexter-henkil\u00f6nostimet","article_modified_time":"2022-10-21T06:41:44+00:00","twitter_card":"summary_large_image","twitter_misc":{"Gesch\u00e4tzte Lesezeit":"2\u00a0Minuten"},"schema":{"@context":"https:\/\/schema.org","@graph":[{"@type":"WebPage","@id":"https:\/\/dexterlifts.com\/de\/arbeitsbuehnen\/","url":"https:\/\/dexterlifts.com\/de\/arbeitsbuehnen\/","name":"Pers\u00f6nliche Aufz\u00fcge - Korkealaatuiset Dexter-henkil\u00f6nostimet","isPartOf":{"@id":"https:\/\/dexterlifts.com\/#website"},"datePublished":"2020-08-18T10:36:37+00:00","dateModified":"2022-10-21T06:41:44+00:00","breadcrumb":{"@id":"https:\/\/dexterlifts.com\/de\/arbeitsbuehnen\/#breadcrumb"},"inLanguage":"de","potentialAction":[{"@type":"ReadAction","target":["https:\/\/dexterlifts.com\/de\/arbeitsbuehnen\/"]}]},{"@type":"BreadcrumbList","@id":"https:\/\/dexterlifts.com\/de\/arbeitsbuehnen\/#breadcrumb","itemListElement":[{"@type":"ListItem","position":1,"name":"Home","item":"https:\/\/dexterlifts.com\/de\/"},{"@type":"ListItem","position":2,"name":"Pers\u00f6nliche Aufz\u00fcge"}]},{"@type":"WebSite","@id":"https:\/\/dexterlifts.com\/#website","url":"https:\/\/dexterlifts.com\/","name":"Dexter Lifts Oy - Dexter henkil\u00f6nostimet","description":"Suomalaisia korkealaatuisia Dexter-henkil\u00f6nostimia monipuolisiin k\u00e4ytt\u00f6tarkoituksiin.","publisher":{"@id":"https:\/\/dexterlifts.com\/#organization"},"potentialAction":[{"@type":"SearchAction","target":{"@type":"EntryPoint","urlTemplate":"https:\/\/dexterlifts.com\/?s={search_term_string}"},"query-input":{"@type":"PropertyValueSpecification","valueRequired":true,"valueName":"search_term_string"}}],"inLanguage":"de"},{"@type":"Organization","@id":"https:\/\/dexterlifts.com\/#organization","name":"Dexter Lifts Oy","url":"https:\/\/dexterlifts.com\/","logo":{"@type":"ImageObject","inLanguage":"de","@id":"https:\/\/dexterlifts.com\/#\/schema\/logo\/image\/","url":"https:\/\/dexterlifts.com\/wp-content\/uploads\/2020\/05\/dexterlifts-logo-4-scale.jpg","contentUrl":"https:\/\/dexterlifts.com\/wp-content\/uploads\/2020\/05\/dexterlifts-logo-4-scale.jpg","width":1000,"height":670,"caption":"Dexter Lifts Oy"},"image":{"@id":"https:\/\/dexterlifts.com\/#\/schema\/logo\/image\/"}}]}},"_links":{"self":[{"href":"https:\/\/dexterlifts.com\/de\/wp-json\/wp\/v2\/pages\/34860","targetHints":{"allow":["GET"]}}],"collection":[{"href":"https:\/\/dexterlifts.com\/de\/wp-json\/wp\/v2\/pages"}],"about":[{"href":"https:\/\/dexterlifts.com\/de\/wp-json\/wp\/v2\/types\/page"}],"author":[{"embeddable":true,"href":"https:\/\/dexterlifts.com\/de\/wp-json\/wp\/v2\/users\/3"}],"replies":[{"embeddable":true,"href":"https:\/\/dexterlifts.com\/de\/wp-json\/wp\/v2\/comments?post=34860"}],"version-history":[{"count":9,"href":"https:\/\/dexterlifts.com\/de\/wp-json\/wp\/v2\/pages\/34860\/revisions"}],"predecessor-version":[{"id":40531,"href":"https:\/\/dexterlifts.com\/de\/wp-json\/wp\/v2\/pages\/34860\/revisions\/40531"}],"wp:attachment":[{"href":"https:\/\/dexterlifts.com\/de\/wp-json\/wp\/v2\/media?parent=34860"}],"curies":[{"name":"wp","href":"https:\/\/api.w.org\/{rel}","templated":true}]}}