{"id":34779,"date":"2020-05-15T13:41:51","date_gmt":"2020-05-15T13:41:51","guid":{"rendered":"https:\/\/dexterlifts.com\/yritys\/"},"modified":"2020-08-17T09:33:45","modified_gmt":"2020-08-17T09:33:45","slug":"yritys","status":"publish","type":"page","link":"https:\/\/dexterlifts.com\/de\/yritys\/","title":{"rendered":"\u00dcber uns"},"content":{"rendered":"<h2>Dexter Lifts &#8211; hohe Qualit\u00e4t seit 1982<\/h2>\n<p>&nbsp;<\/p>\n<p>Dexter Lifts Oy ist ein finnisches Unternehmen, das sichere und hochwertige Dexter Lifts f\u00fcr viele verschiedene Zwecke entwirft, herstellt und verkauft. Unsere Produkte werden f\u00fcr Reinigungs- und Wartungsarbeiten, Holzf\u00e4llung, Bauarbeiten und zahlreiche andere Anwendungen verwendet, die ein sicheres Heben erfordern.<\/p>\n<p>Unsere Aufz\u00fcge sind bekannt f\u00fcr ihre hohe Qualit\u00e4t und Zuverl\u00e4ssigkeit sowie ihren langen Lebenszyklus. Alle Hebezeuge werden bei Nokia im eigenen Haus hergestellt. Wir verkaufen unsere Produkte weltweit an Maschinenvermieter und Endverbraucher.<\/p>\n<p>Als verantwortungsbewusstes Unternehmen sch\u00e4tzt Dexter Lifts seine Mitarbeiter, Kunden, Lieferanten, die Gesellschaft und die Umwelt, auf denen wir seit 1982 die Grundlage f\u00fcr ein erfolgreiches Gesch\u00e4ft bilden. Heute entwickelt Dexter Lifts weiterhin innovative und qualitativ hochwertige Produkte und setzt sich gleichzeitig daf\u00fcr ein, deren Umweltbelastung zu verringern. Wir sammeln auch st\u00e4ndig Kundenfeedback und entwickeln neue Modelle und Funktionen. Unser Ziel ist es, innovativ und wegweisend zu sein, insbesondere aus technologischer Sicht.<\/p>\n<p>&nbsp;<\/p>\n<h3>Geschichte<\/h3>\n<ul>\n<li>1982 Die Produktion von Dexter-Personenaufz\u00fcgen beginnt in Tampere.<\/li>\n<li>1992 Die Herstellung von Aufz\u00fcgen wird an Nokia \u00fcbertragen.<\/li>\n<li>1997 Dexter Lifts erwirbt von Nokia, wo das Unternehmen weiterhin t\u00e4tig ist, eine eigene Produktionsst\u00e4tte.<\/li>\n<\/ul>\n<h3>Produkteinf\u00fchrungen<\/h3>\n<p>&nbsp;<\/p>\n<ul class=\"et_post_gallery clearfix\">\n\t\t\t\t\t<li class=\"et_gallery_item et_pb_gallery_image\">\n\t\t\t\t\t\t<a href=\"https:\/\/dexterlifts.com\/wp-content\/uploads\/2020\/05\/1993.jpg\" title=\"\">\n\t\t\t\t\t\t\t<span class=\"et_portfolio_image\">\n\t\t\t\t\t\t\t\t<img decoding=\"async\" width=\"400\" height=\"284\" src=\"https:\/\/dexterlifts.com\/wp-content\/uploads\/2020\/05\/1993-400x284.jpg\" class=\"attachment-et-pb-portfolio-image size-et-pb-portfolio-image\" alt=\"\" \/>\n\t\t\t\t\t\t\t\t<span class=\"et_overlay\"><\/span>\n\t\t\t\t\t\t\t<\/span>\n\t\t\t\t\t\t<\/a>\n\t\t\t\t\t\t<p class=\"et_pb_gallery_caption\">1993 - Der erste teleskopische Arbeitsb\u00fchne Dexter 15 Z wird auf den Markt gebracht.<\/p>\n\t\t\t\t\t<\/li><li class=\"et_gallery_item et_pb_gallery_image\">\n\t\t\t\t\t\t<a href=\"https:\/\/dexterlifts.com\/wp-content\/uploads\/2020\/05\/1995.jpg\" title=\"\">\n\t\t\t\t\t\t\t<span class=\"et_portfolio_image\">\n\t\t\t\t\t\t\t\t<img decoding=\"async\" width=\"400\" height=\"284\" src=\"https:\/\/dexterlifts.com\/wp-content\/uploads\/2020\/05\/1995-400x284.jpg\" class=\"attachment-et-pb-portfolio-image size-et-pb-portfolio-image\" alt=\"\" \/>\n\t\t\t\t\t\t\t\t<span class=\"et_overlay\"><\/span>\n\t\t\t\t\t\t\t<\/span>\n\t\t\t\t\t\t<\/a>\n\t\t\t\t\t\t<p class=\"et_pb_gallery_caption\">1995 - Dexter 19 Z und 20 Z<\/p>\n\t\t\t\t\t<\/li><li class=\"et_gallery_item et_pb_gallery_image\">\n\t\t\t\t\t\t<a href=\"https:\/\/dexterlifts.com\/wp-content\/uploads\/2020\/05\/1997.jpg\" title=\"\">\n\t\t\t\t\t\t\t<span class=\"et_portfolio_image\">\n\t\t\t\t\t\t\t\t<img decoding=\"async\" width=\"400\" height=\"284\" src=\"https:\/\/dexterlifts.com\/wp-content\/uploads\/2020\/05\/1997-400x284.jpg\" class=\"attachment-et-pb-portfolio-image size-et-pb-portfolio-image\" alt=\"\" \/>\n\t\t\t\t\t\t\t\t<span class=\"et_overlay\"><\/span>\n\t\t\t\t\t\t\t<\/span>\n\t\t\t\t\t\t<\/a>\n\t\t\t\t\t\t<p class=\"et_pb_gallery_caption\">1997 - Die gr\u00f6\u00dfte Arbeitsb\u00fchne des Unternehmens, Dexter 25 Z.<\/p>\n\t\t\t\t\t<\/li>\n\t\t\t\t<\/ul>\n","protected":false},"excerpt":{"rendered":"<p>Dexter Lifts &#8211; hohe Qualit\u00e4t seit 1982 &nbsp; Dexter Lifts Oy ist ein finnisches Unternehmen, das sichere und hochwertige Dexter Lifts f\u00fcr viele verschiedene Zwecke entwirft, herstellt und verkauft. Unsere Produkte werden f\u00fcr Reinigungs- und Wartungsarbeiten, Holzf\u00e4llung, Bauarbeiten und zahlreiche andere Anwendungen verwendet, die ein sicheres Heben erfordern. Unsere Aufz\u00fcge sind bekannt f\u00fcr ihre hohe [&hellip;]<\/p>\n","protected":false},"author":1,"featured_media":0,"parent":0,"menu_order":0,"comment_status":"closed","ping_status":"closed","template":"","meta":{"_et_pb_use_builder":"on","_et_pb_old_content":"","_et_gb_content_width":"","footnotes":""},"class_list":["post-34779","page","type-page","status-publish","hentry"],"yoast_head":"<!-- This site is optimized with the Yoast SEO plugin v27.3 - https:\/\/yoast.com\/product\/yoast-seo-wordpress\/ -->\n<title>\u00dcber uns - Korkealaatuiset Dexter-henkil\u00f6nostimet<\/title>\n<meta name=\"robots\" content=\"index, follow, max-snippet:-1, max-image-preview:large, max-video-preview:-1\" \/>\n<link rel=\"canonical\" href=\"https:\/\/dexterlifts.com\/de\/yritys\/\" \/>\n<meta property=\"og:locale\" content=\"de_DE\" \/>\n<meta property=\"og:type\" content=\"article\" \/>\n<meta property=\"og:title\" content=\"\u00dcber uns - Korkealaatuiset Dexter-henkil\u00f6nostimet\" \/>\n<meta property=\"og:description\" content=\"Dexter Lifts - hohe Qualit\u00e4t seit 1982 &nbsp; Dexter Lifts Oy ist ein finnisches Unternehmen, das sichere und hochwertige Dexter Lifts f\u00fcr viele verschiedene Zwecke entwirft, herstellt und verkauft. Unsere Produkte werden f\u00fcr Reinigungs- und Wartungsarbeiten, Holzf\u00e4llung, Bauarbeiten und zahlreiche andere Anwendungen verwendet, die ein sicheres Heben erfordern. Unsere Aufz\u00fcge sind bekannt f\u00fcr ihre hohe [&hellip;]\" \/>\n<meta property=\"og:url\" content=\"https:\/\/dexterlifts.com\/de\/yritys\/\" \/>\n<meta property=\"og:site_name\" content=\"Korkealaatuiset Dexter-henkil\u00f6nostimet\" \/>\n<meta property=\"article:modified_time\" content=\"2020-08-17T09:33:45+00:00\" \/>\n<meta property=\"og:image\" content=\"https:\/\/dexterlifts.com\/wp-content\/uploads\/2020\/05\/1993-400x284.jpg\" \/>\n<meta name=\"twitter:card\" content=\"summary_large_image\" \/>\n<meta name=\"twitter:label1\" content=\"Gesch\u00e4tzte Lesezeit\" \/>\n\t<meta name=\"twitter:data1\" content=\"1\u00a0Minute\" \/>\n<script type=\"application\/ld+json\" class=\"yoast-schema-graph\">{\"@context\":\"https:\\\/\\\/schema.org\",\"@graph\":[{\"@type\":\"WebPage\",\"@id\":\"https:\\\/\\\/dexterlifts.com\\\/de\\\/yritys\\\/\",\"url\":\"https:\\\/\\\/dexterlifts.com\\\/de\\\/yritys\\\/\",\"name\":\"\u00dcber uns - Korkealaatuiset Dexter-henkil\u00f6nostimet\",\"isPartOf\":{\"@id\":\"https:\\\/\\\/dexterlifts.com\\\/#website\"},\"datePublished\":\"2020-05-15T13:41:51+00:00\",\"dateModified\":\"2020-08-17T09:33:45+00:00\",\"breadcrumb\":{\"@id\":\"https:\\\/\\\/dexterlifts.com\\\/de\\\/yritys\\\/#breadcrumb\"},\"inLanguage\":\"de\",\"potentialAction\":[{\"@type\":\"ReadAction\",\"target\":[\"https:\\\/\\\/dexterlifts.com\\\/de\\\/yritys\\\/\"]}]},{\"@type\":\"BreadcrumbList\",\"@id\":\"https:\\\/\\\/dexterlifts.com\\\/de\\\/yritys\\\/#breadcrumb\",\"itemListElement\":[{\"@type\":\"ListItem\",\"position\":1,\"name\":\"Home\",\"item\":\"https:\\\/\\\/dexterlifts.com\\\/de\\\/\"},{\"@type\":\"ListItem\",\"position\":2,\"name\":\"\u00dcber uns\"}]},{\"@type\":\"WebSite\",\"@id\":\"https:\\\/\\\/dexterlifts.com\\\/#website\",\"url\":\"https:\\\/\\\/dexterlifts.com\\\/\",\"name\":\"Dexter Lifts Oy - Dexter henkil\u00f6nostimet\",\"description\":\"Suomalaisia korkealaatuisia Dexter-henkil\u00f6nostimia monipuolisiin k\u00e4ytt\u00f6tarkoituksiin.\",\"publisher\":{\"@id\":\"https:\\\/\\\/dexterlifts.com\\\/#organization\"},\"potentialAction\":[{\"@type\":\"SearchAction\",\"target\":{\"@type\":\"EntryPoint\",\"urlTemplate\":\"https:\\\/\\\/dexterlifts.com\\\/?s={search_term_string}\"},\"query-input\":{\"@type\":\"PropertyValueSpecification\",\"valueRequired\":true,\"valueName\":\"search_term_string\"}}],\"inLanguage\":\"de\"},{\"@type\":\"Organization\",\"@id\":\"https:\\\/\\\/dexterlifts.com\\\/#organization\",\"name\":\"Dexter Lifts Oy\",\"url\":\"https:\\\/\\\/dexterlifts.com\\\/\",\"logo\":{\"@type\":\"ImageObject\",\"inLanguage\":\"de\",\"@id\":\"https:\\\/\\\/dexterlifts.com\\\/#\\\/schema\\\/logo\\\/image\\\/\",\"url\":\"https:\\\/\\\/dexterlifts.com\\\/wp-content\\\/uploads\\\/2020\\\/05\\\/dexterlifts-logo-4-scale.jpg\",\"contentUrl\":\"https:\\\/\\\/dexterlifts.com\\\/wp-content\\\/uploads\\\/2020\\\/05\\\/dexterlifts-logo-4-scale.jpg\",\"width\":1000,\"height\":670,\"caption\":\"Dexter Lifts Oy\"},\"image\":{\"@id\":\"https:\\\/\\\/dexterlifts.com\\\/#\\\/schema\\\/logo\\\/image\\\/\"}}]}<\/script>\n<!-- \/ Yoast SEO plugin. -->","yoast_head_json":{"title":"\u00dcber uns - Korkealaatuiset Dexter-henkil\u00f6nostimet","robots":{"index":"index","follow":"follow","max-snippet":"max-snippet:-1","max-image-preview":"max-image-preview:large","max-video-preview":"max-video-preview:-1"},"canonical":"https:\/\/dexterlifts.com\/de\/yritys\/","og_locale":"de_DE","og_type":"article","og_title":"\u00dcber uns - Korkealaatuiset Dexter-henkil\u00f6nostimet","og_description":"Dexter Lifts - hohe Qualit\u00e4t seit 1982 &nbsp; Dexter Lifts Oy ist ein finnisches Unternehmen, das sichere und hochwertige Dexter Lifts f\u00fcr viele verschiedene Zwecke entwirft, herstellt und verkauft. Unsere Produkte werden f\u00fcr Reinigungs- und Wartungsarbeiten, Holzf\u00e4llung, Bauarbeiten und zahlreiche andere Anwendungen verwendet, die ein sicheres Heben erfordern. Unsere Aufz\u00fcge sind bekannt f\u00fcr ihre hohe [&hellip;]","og_url":"https:\/\/dexterlifts.com\/de\/yritys\/","og_site_name":"Korkealaatuiset Dexter-henkil\u00f6nostimet","article_modified_time":"2020-08-17T09:33:45+00:00","og_image":[{"url":"https:\/\/dexterlifts.com\/wp-content\/uploads\/2020\/05\/1993-400x284.jpg","type":"","width":"","height":""}],"twitter_card":"summary_large_image","twitter_misc":{"Gesch\u00e4tzte Lesezeit":"1\u00a0Minute"},"schema":{"@context":"https:\/\/schema.org","@graph":[{"@type":"WebPage","@id":"https:\/\/dexterlifts.com\/de\/yritys\/","url":"https:\/\/dexterlifts.com\/de\/yritys\/","name":"\u00dcber uns - Korkealaatuiset Dexter-henkil\u00f6nostimet","isPartOf":{"@id":"https:\/\/dexterlifts.com\/#website"},"datePublished":"2020-05-15T13:41:51+00:00","dateModified":"2020-08-17T09:33:45+00:00","breadcrumb":{"@id":"https:\/\/dexterlifts.com\/de\/yritys\/#breadcrumb"},"inLanguage":"de","potentialAction":[{"@type":"ReadAction","target":["https:\/\/dexterlifts.com\/de\/yritys\/"]}]},{"@type":"BreadcrumbList","@id":"https:\/\/dexterlifts.com\/de\/yritys\/#breadcrumb","itemListElement":[{"@type":"ListItem","position":1,"name":"Home","item":"https:\/\/dexterlifts.com\/de\/"},{"@type":"ListItem","position":2,"name":"\u00dcber uns"}]},{"@type":"WebSite","@id":"https:\/\/dexterlifts.com\/#website","url":"https:\/\/dexterlifts.com\/","name":"Dexter Lifts Oy - Dexter henkil\u00f6nostimet","description":"Suomalaisia korkealaatuisia Dexter-henkil\u00f6nostimia monipuolisiin k\u00e4ytt\u00f6tarkoituksiin.","publisher":{"@id":"https:\/\/dexterlifts.com\/#organization"},"potentialAction":[{"@type":"SearchAction","target":{"@type":"EntryPoint","urlTemplate":"https:\/\/dexterlifts.com\/?s={search_term_string}"},"query-input":{"@type":"PropertyValueSpecification","valueRequired":true,"valueName":"search_term_string"}}],"inLanguage":"de"},{"@type":"Organization","@id":"https:\/\/dexterlifts.com\/#organization","name":"Dexter Lifts Oy","url":"https:\/\/dexterlifts.com\/","logo":{"@type":"ImageObject","inLanguage":"de","@id":"https:\/\/dexterlifts.com\/#\/schema\/logo\/image\/","url":"https:\/\/dexterlifts.com\/wp-content\/uploads\/2020\/05\/dexterlifts-logo-4-scale.jpg","contentUrl":"https:\/\/dexterlifts.com\/wp-content\/uploads\/2020\/05\/dexterlifts-logo-4-scale.jpg","width":1000,"height":670,"caption":"Dexter Lifts Oy"},"image":{"@id":"https:\/\/dexterlifts.com\/#\/schema\/logo\/image\/"}}]}},"_links":{"self":[{"href":"https:\/\/dexterlifts.com\/de\/wp-json\/wp\/v2\/pages\/34779","targetHints":{"allow":["GET"]}}],"collection":[{"href":"https:\/\/dexterlifts.com\/de\/wp-json\/wp\/v2\/pages"}],"about":[{"href":"https:\/\/dexterlifts.com\/de\/wp-json\/wp\/v2\/types\/page"}],"author":[{"embeddable":true,"href":"https:\/\/dexterlifts.com\/de\/wp-json\/wp\/v2\/users\/1"}],"replies":[{"embeddable":true,"href":"https:\/\/dexterlifts.com\/de\/wp-json\/wp\/v2\/comments?post=34779"}],"version-history":[{"count":1,"href":"https:\/\/dexterlifts.com\/de\/wp-json\/wp\/v2\/pages\/34779\/revisions"}],"predecessor-version":[{"id":34788,"href":"https:\/\/dexterlifts.com\/de\/wp-json\/wp\/v2\/pages\/34779\/revisions\/34788"}],"wp:attachment":[{"href":"https:\/\/dexterlifts.com\/de\/wp-json\/wp\/v2\/media?parent=34779"}],"curies":[{"name":"wp","href":"https:\/\/api.w.org\/{rel}","templated":true}]}}