{"id":34770,"date":"2020-06-22T10:14:55","date_gmt":"2020-06-22T10:14:55","guid":{"rendered":"https:\/\/dexterlifts.com\/kaytetyt-henkilonostimet\/"},"modified":"2021-11-09T09:52:53","modified_gmt":"2021-11-09T07:52:53","slug":"kaytetyt-henkilonostimet","status":"publish","type":"page","link":"https:\/\/dexterlifts.com\/de\/arbeitsbuehnen\/kaytetyt-henkilonostimet\/","title":{"rendered":"Gebrauchte Hubarbeitsb\u00fchnen"},"content":{"rendered":"<p>[et_pb_section fb_built=&#8220;1&#8243; _builder_version=&#8220;3.22&#8243; global_colors_info=&#8220;{}&#8220;][et_pb_row _builder_version=&#8220;3.25&#8243; background_size=&#8220;initial&#8220; background_position=&#8220;top_left&#8220; background_repeat=&#8220;repeat&#8220; global_colors_info=&#8220;{}&#8220;][et_pb_column type=&#8220;4_4&#8243; _builder_version=&#8220;3.25&#8243; custom_padding=&#8220;|||&#8220; global_colors_info=&#8220;{}&#8220; custom_padding__hover=&#8220;|||&#8220;][et_pb_text _builder_version=&#8220;4.5.8&#8243; background_size=&#8220;initial&#8220; background_position=&#8220;top_left&#8220; background_repeat=&#8220;repeat&#8220; global_colors_info=&#8220;{}&#8220;]<\/p>\n<h2>GEBRAUCHTE<\/h2>\n<p>&nbsp;<\/p>\n<p>Wir haben verschiedene gebrauchte Hubarbeitsb\u00fchnen mit Hubh\u00f6hen von 12 bis 25 m zum Verkauf.<\/p>\n<p><strong>Rufen Sie +358 44 347 4480 an und wir werden Ihnen mehr erz\u00e4hlen.<\/strong>[\/et_pb_text][et_pb_divider color=&#8220;#343e42&#8243; divider_weight=&#8220;3px&#8220; _builder_version=&#8220;4.5.8&#8243; _module_preset=&#8220;default&#8220; global_colors_info=&#8220;{}&#8220;][\/et_pb_divider][et_pb_blog_extras include_categories=&#8220;30&#8243; blog_layout=&#8220;block_extended&#8220; use_read_more_button=&#8220;on&#8220; show_author=&#8220;off&#8220; show_date=&#8220;off&#8220; show_categories=&#8220;off&#8220; show_comments=&#8220;off&#8220; _builder_version=&#8220;4.13.0&#8243; _module_preset=&#8220;default&#8220; hover_enabled=&#8220;0&#8243; global_colors_info=&#8220;{}&#8220; no_results_text=&#8220;Kontaktieren Sie unseren Vertrieb f\u00fcr den aktuellen Status.&#8220; sticky_enabled=&#8220;0&#8243;][\/et_pb_blog_extras][\/et_pb_column][\/et_pb_row][\/et_pb_section]<\/p>\n","protected":false},"excerpt":{"rendered":"<p>GEBRAUCHTE &nbsp; Wir haben verschiedene gebrauchte Hubarbeitsb\u00fchnen mit Hubh\u00f6hen von 12 bis 25 m zum Verkauf. Rufen Sie +358 44 347 4480 an und wir werden Ihnen mehr erz\u00e4hlen.<\/p>\n","protected":false},"author":3,"featured_media":0,"parent":34860,"menu_order":0,"comment_status":"closed","ping_status":"closed","template":"","meta":{"_et_pb_use_builder":"on","_et_pb_old_content":"","_et_gb_content_width":"","footnotes":""},"class_list":["post-34770","page","type-page","status-publish","hentry"],"yoast_head":"<!-- This site is optimized with the Yoast SEO plugin v27.4 - https:\/\/yoast.com\/product\/yoast-seo-wordpress\/ -->\n<title>Gebrauchte Hubarbeitsb\u00fchnen - Korkealaatuiset Dexter-henkil\u00f6nostimet<\/title>\n<meta name=\"robots\" content=\"index, follow, max-snippet:-1, max-image-preview:large, max-video-preview:-1\" \/>\n<link rel=\"canonical\" href=\"https:\/\/dexterlifts.com\/de\/arbeitsbuehnen\/kaytetyt-henkilonostimet\/\" \/>\n<meta property=\"og:locale\" content=\"de_DE\" \/>\n<meta property=\"og:type\" content=\"article\" \/>\n<meta property=\"og:title\" content=\"Gebrauchte Hubarbeitsb\u00fchnen - Korkealaatuiset Dexter-henkil\u00f6nostimet\" \/>\n<meta property=\"og:description\" content=\"GEBRAUCHTE &nbsp; Wir haben verschiedene gebrauchte Hubarbeitsb\u00fchnen mit Hubh\u00f6hen von 12 bis 25 m zum Verkauf. Rufen Sie +358 44 347 4480 an und wir werden Ihnen mehr erz\u00e4hlen.\" \/>\n<meta property=\"og:url\" content=\"https:\/\/dexterlifts.com\/de\/arbeitsbuehnen\/kaytetyt-henkilonostimet\/\" \/>\n<meta property=\"og:site_name\" content=\"Korkealaatuiset Dexter-henkil\u00f6nostimet\" \/>\n<meta property=\"article:modified_time\" content=\"2021-11-09T07:52:53+00:00\" \/>\n<meta name=\"twitter:card\" content=\"summary_large_image\" \/>\n<meta name=\"twitter:label1\" content=\"Gesch\u00e4tzte Lesezeit\" \/>\n\t<meta name=\"twitter:data1\" content=\"1\u00a0Minute\" \/>\n<script type=\"application\/ld+json\" class=\"yoast-schema-graph\">{\"@context\":\"https:\\\/\\\/schema.org\",\"@graph\":[{\"@type\":\"WebPage\",\"@id\":\"https:\\\/\\\/dexterlifts.com\\\/de\\\/arbeitsbuehnen\\\/kaytetyt-henkilonostimet\\\/\",\"url\":\"https:\\\/\\\/dexterlifts.com\\\/de\\\/arbeitsbuehnen\\\/kaytetyt-henkilonostimet\\\/\",\"name\":\"Gebrauchte Hubarbeitsb\u00fchnen - Korkealaatuiset Dexter-henkil\u00f6nostimet\",\"isPartOf\":{\"@id\":\"https:\\\/\\\/dexterlifts.com\\\/#website\"},\"datePublished\":\"2020-06-22T10:14:55+00:00\",\"dateModified\":\"2021-11-09T07:52:53+00:00\",\"breadcrumb\":{\"@id\":\"https:\\\/\\\/dexterlifts.com\\\/de\\\/arbeitsbuehnen\\\/kaytetyt-henkilonostimet\\\/#breadcrumb\"},\"inLanguage\":\"de\",\"potentialAction\":[{\"@type\":\"ReadAction\",\"target\":[\"https:\\\/\\\/dexterlifts.com\\\/de\\\/arbeitsbuehnen\\\/kaytetyt-henkilonostimet\\\/\"]}]},{\"@type\":\"BreadcrumbList\",\"@id\":\"https:\\\/\\\/dexterlifts.com\\\/de\\\/arbeitsbuehnen\\\/kaytetyt-henkilonostimet\\\/#breadcrumb\",\"itemListElement\":[{\"@type\":\"ListItem\",\"position\":1,\"name\":\"Home\",\"item\":\"https:\\\/\\\/dexterlifts.com\\\/de\\\/\"},{\"@type\":\"ListItem\",\"position\":2,\"name\":\"Pers\u00f6nliche Aufz\u00fcge\",\"item\":\"https:\\\/\\\/dexterlifts.com\\\/de\\\/arbeitsbuehnen\\\/\"},{\"@type\":\"ListItem\",\"position\":3,\"name\":\"Gebrauchte Hubarbeitsb\u00fchnen\"}]},{\"@type\":\"WebSite\",\"@id\":\"https:\\\/\\\/dexterlifts.com\\\/#website\",\"url\":\"https:\\\/\\\/dexterlifts.com\\\/\",\"name\":\"Dexter Lifts Oy - Dexter henkil\u00f6nostimet\",\"description\":\"Suomalaisia korkealaatuisia Dexter-henkil\u00f6nostimia monipuolisiin k\u00e4ytt\u00f6tarkoituksiin.\",\"publisher\":{\"@id\":\"https:\\\/\\\/dexterlifts.com\\\/#organization\"},\"potentialAction\":[{\"@type\":\"SearchAction\",\"target\":{\"@type\":\"EntryPoint\",\"urlTemplate\":\"https:\\\/\\\/dexterlifts.com\\\/?s={search_term_string}\"},\"query-input\":{\"@type\":\"PropertyValueSpecification\",\"valueRequired\":true,\"valueName\":\"search_term_string\"}}],\"inLanguage\":\"de\"},{\"@type\":\"Organization\",\"@id\":\"https:\\\/\\\/dexterlifts.com\\\/#organization\",\"name\":\"Dexter Lifts Oy\",\"url\":\"https:\\\/\\\/dexterlifts.com\\\/\",\"logo\":{\"@type\":\"ImageObject\",\"inLanguage\":\"de\",\"@id\":\"https:\\\/\\\/dexterlifts.com\\\/#\\\/schema\\\/logo\\\/image\\\/\",\"url\":\"https:\\\/\\\/dexterlifts.com\\\/wp-content\\\/uploads\\\/2020\\\/05\\\/dexterlifts-logo-4-scale.jpg\",\"contentUrl\":\"https:\\\/\\\/dexterlifts.com\\\/wp-content\\\/uploads\\\/2020\\\/05\\\/dexterlifts-logo-4-scale.jpg\",\"width\":1000,\"height\":670,\"caption\":\"Dexter Lifts Oy\"},\"image\":{\"@id\":\"https:\\\/\\\/dexterlifts.com\\\/#\\\/schema\\\/logo\\\/image\\\/\"}}]}<\/script>\n<!-- \/ Yoast SEO plugin. -->","yoast_head_json":{"title":"Gebrauchte Hubarbeitsb\u00fchnen - Korkealaatuiset Dexter-henkil\u00f6nostimet","robots":{"index":"index","follow":"follow","max-snippet":"max-snippet:-1","max-image-preview":"max-image-preview:large","max-video-preview":"max-video-preview:-1"},"canonical":"https:\/\/dexterlifts.com\/de\/arbeitsbuehnen\/kaytetyt-henkilonostimet\/","og_locale":"de_DE","og_type":"article","og_title":"Gebrauchte Hubarbeitsb\u00fchnen - Korkealaatuiset Dexter-henkil\u00f6nostimet","og_description":"GEBRAUCHTE &nbsp; Wir haben verschiedene gebrauchte Hubarbeitsb\u00fchnen mit Hubh\u00f6hen von 12 bis 25 m zum Verkauf. Rufen Sie +358 44 347 4480 an und wir werden Ihnen mehr erz\u00e4hlen.","og_url":"https:\/\/dexterlifts.com\/de\/arbeitsbuehnen\/kaytetyt-henkilonostimet\/","og_site_name":"Korkealaatuiset Dexter-henkil\u00f6nostimet","article_modified_time":"2021-11-09T07:52:53+00:00","twitter_card":"summary_large_image","twitter_misc":{"Gesch\u00e4tzte Lesezeit":"1\u00a0Minute"},"schema":{"@context":"https:\/\/schema.org","@graph":[{"@type":"WebPage","@id":"https:\/\/dexterlifts.com\/de\/arbeitsbuehnen\/kaytetyt-henkilonostimet\/","url":"https:\/\/dexterlifts.com\/de\/arbeitsbuehnen\/kaytetyt-henkilonostimet\/","name":"Gebrauchte Hubarbeitsb\u00fchnen - Korkealaatuiset Dexter-henkil\u00f6nostimet","isPartOf":{"@id":"https:\/\/dexterlifts.com\/#website"},"datePublished":"2020-06-22T10:14:55+00:00","dateModified":"2021-11-09T07:52:53+00:00","breadcrumb":{"@id":"https:\/\/dexterlifts.com\/de\/arbeitsbuehnen\/kaytetyt-henkilonostimet\/#breadcrumb"},"inLanguage":"de","potentialAction":[{"@type":"ReadAction","target":["https:\/\/dexterlifts.com\/de\/arbeitsbuehnen\/kaytetyt-henkilonostimet\/"]}]},{"@type":"BreadcrumbList","@id":"https:\/\/dexterlifts.com\/de\/arbeitsbuehnen\/kaytetyt-henkilonostimet\/#breadcrumb","itemListElement":[{"@type":"ListItem","position":1,"name":"Home","item":"https:\/\/dexterlifts.com\/de\/"},{"@type":"ListItem","position":2,"name":"Pers\u00f6nliche Aufz\u00fcge","item":"https:\/\/dexterlifts.com\/de\/arbeitsbuehnen\/"},{"@type":"ListItem","position":3,"name":"Gebrauchte Hubarbeitsb\u00fchnen"}]},{"@type":"WebSite","@id":"https:\/\/dexterlifts.com\/#website","url":"https:\/\/dexterlifts.com\/","name":"Dexter Lifts Oy - Dexter henkil\u00f6nostimet","description":"Suomalaisia korkealaatuisia Dexter-henkil\u00f6nostimia monipuolisiin k\u00e4ytt\u00f6tarkoituksiin.","publisher":{"@id":"https:\/\/dexterlifts.com\/#organization"},"potentialAction":[{"@type":"SearchAction","target":{"@type":"EntryPoint","urlTemplate":"https:\/\/dexterlifts.com\/?s={search_term_string}"},"query-input":{"@type":"PropertyValueSpecification","valueRequired":true,"valueName":"search_term_string"}}],"inLanguage":"de"},{"@type":"Organization","@id":"https:\/\/dexterlifts.com\/#organization","name":"Dexter Lifts Oy","url":"https:\/\/dexterlifts.com\/","logo":{"@type":"ImageObject","inLanguage":"de","@id":"https:\/\/dexterlifts.com\/#\/schema\/logo\/image\/","url":"https:\/\/dexterlifts.com\/wp-content\/uploads\/2020\/05\/dexterlifts-logo-4-scale.jpg","contentUrl":"https:\/\/dexterlifts.com\/wp-content\/uploads\/2020\/05\/dexterlifts-logo-4-scale.jpg","width":1000,"height":670,"caption":"Dexter Lifts Oy"},"image":{"@id":"https:\/\/dexterlifts.com\/#\/schema\/logo\/image\/"}}]}},"_links":{"self":[{"href":"https:\/\/dexterlifts.com\/de\/wp-json\/wp\/v2\/pages\/34770","targetHints":{"allow":["GET"]}}],"collection":[{"href":"https:\/\/dexterlifts.com\/de\/wp-json\/wp\/v2\/pages"}],"about":[{"href":"https:\/\/dexterlifts.com\/de\/wp-json\/wp\/v2\/types\/page"}],"author":[{"embeddable":true,"href":"https:\/\/dexterlifts.com\/de\/wp-json\/wp\/v2\/users\/3"}],"replies":[{"embeddable":true,"href":"https:\/\/dexterlifts.com\/de\/wp-json\/wp\/v2\/comments?post=34770"}],"version-history":[{"count":6,"href":"https:\/\/dexterlifts.com\/de\/wp-json\/wp\/v2\/pages\/34770\/revisions"}],"predecessor-version":[{"id":37529,"href":"https:\/\/dexterlifts.com\/de\/wp-json\/wp\/v2\/pages\/34770\/revisions\/37529"}],"up":[{"embeddable":true,"href":"https:\/\/dexterlifts.com\/de\/wp-json\/wp\/v2\/pages\/34860"}],"wp:attachment":[{"href":"https:\/\/dexterlifts.com\/de\/wp-json\/wp\/v2\/media?parent=34770"}],"curies":[{"name":"wp","href":"https:\/\/api.w.org\/{rel}","templated":true}]}}